{"id":1019,"date":"2021-05-27T01:00:20","date_gmt":"2021-05-27T04:00:20","guid":{"rendered":"http:\/\/portaldoservidor.hortolandia.sp.gov.br\/?page_id=1019"},"modified":"2025-07-31T10:49:35","modified_gmt":"2025-07-31T13:49:35","slug":"plano-de-saude","status":"publish","type":"page","link":"https:\/\/portaldoservidor.hortolandia.sp.gov.br\/index.php\/plano-de-saude\/","title":{"rendered":"Plano de Sa\u00fade"},"content":{"rendered":"\t\t<div data-elementor-type=\"wp-page\" data-elementor-id=\"1019\" class=\"elementor elementor-1019\" data-elementor-settings=\"{&quot;ha_cmc_init_switcher&quot;:&quot;no&quot;}\">\n\t\t\t\t<div class=\"elementor-element elementor-element-3f3436e8 e-flex e-con-boxed wpr-particle-no wpr-jarallax-no wpr-parallax-no wpr-sticky-section-no e-con e-parent\" data-id=\"3f3436e8\" data-element_type=\"container\" data-e-type=\"container\" data-settings=\"{&quot;_ha_eqh_enable&quot;:false}\">\n\t\t\t\t\t<div class=\"e-con-inner\">\n\t\t\t\t<div class=\"elementor-element elementor-element-3429ef39 exad-sticky-section-no exad-glass-effect-no elementor-widget elementor-widget-text-editor\" data-id=\"3429ef39\" data-element_type=\"widget\" data-e-type=\"widget\" data-widget_type=\"text-editor.default\">\n\t\t\t\t<div class=\"elementor-widget-container\">\n\t\t\t\t\t\t\t\t\t\n<p class=\"has-normal-font-size\">Programa de Aux\u00edlio \u00e0 Sa\u00fade Suplementar dos servidores ativos do Munic\u00edpio de Hortol\u00e2ndia, autorizado pela <a href=\"https:\/\/sapl.hortolandia.sp.leg.br\/pysc\/download_norma_pysc?cod_norma=7558&amp;texto_original=1\">Lei Municipal n\u00ba 2.630\/2011<\/a>, consiste na concess\u00e3o de subs\u00eddio parcial da contrata\u00e7\u00e3o de Plano de Sa\u00fade Privado &#8211; atualmente o <strong><em>Plano Hospital Samaritano<\/em><\/strong>.<\/p>\n\n<h3 class=\"wp-block-heading has-text-align-center\"><strong>Leia com aten\u00e7\u00e3o as regras do benef\u00edcio e se desejar fa\u00e7a a ades\u00e3o na forma da instru\u00e7\u00e3o.<\/strong><\/h3>\n\n<ul class=\"has-normal-font-size wp-block-list\">\n<li><strong>Quem tem direito ao benef\u00edcio?<\/strong>\n<ul class=\"wp-block-list\">\n<li>As servidoras e os servidores p\u00fablicos municipais:\n<ul class=\"wp-block-list\">\n<li>em cargo de provimento efetivo e do regime estatut\u00e1rio da <a href=\"https:\/\/sapl.hortolandia.sp.leg.br\/pysc\/download_norma_pysc?cod_norma=4&amp;texto_original=1\">Lei Municipal n\u00ba 2004\/2008<\/a>;<\/li>\n\n<li>em emprego de provimento efetivo e do regime da CLT, com contrato por tempo indeterminado;<\/li>\n\n<li>em cargo de provimento em comiss\u00e3o e do regime estatut\u00e1rio da <a href=\"https:\/\/sapl.hortolandia.sp.leg.br\/pysc\/download_norma_pysc?cod_norma=4&amp;texto_original=1\">Lei Municipal n\u00ba 2004\/2008<\/a>;\u00a0<\/li>\n\n<li>contratados em raz\u00e3o de excepcional de interesse p\u00fablico, com contrato por tempo determinado.<\/li>\n<\/ul>\n<\/li>\n<\/ul>\n<\/li>\n\n<li><strong>Como \u00e9 calculado o desconto do servidor e subs\u00eddio municipal?<\/strong>\n<ul class=\"wp-block-list\">\n<li>O desconto \u00e9 realizado a partir do m\u00eas de lan\u00e7amento da consigna\u00e7\u00e3o em folha, encaminhada pela operadora do plano de sa\u00fade.<\/li>\n\n<li><strong>a servidora ou o servidor que solicitar o benef\u00edcio participa do seu custeio mediante desconto em folha, considerando-se o valor da mensalidade &#8211; na sua faixa et\u00e1ria &#8211; e abatendo-se o valor do subs\u00eddio da sua faixa remunerat\u00f3ria;<\/strong><\/li>\n\n<li><strong>A administra\u00e7\u00e3o municipal custear\u00e1 o subs\u00eddio necess\u00e1ria para cobrir o total da despesa.<\/strong><\/li>\n<\/ul>\n<\/li>\n\n<li><strong><span style=\"text-decoration: underline;\">Importante:<\/span> o subs\u00eddio aplica-se apenas para a servidora ou o servidor titular do plano, portanto havendo dependentes o custeio das mensalidades correspondentes a estes, caber\u00e1 exclusivamente ao titular e ser\u00e1 igualmente objeto de desconto em folha.<\/strong><\/li>\n<\/ul>\n\t\t\t\t\t\t\t\t<\/div>\n\t\t\t\t<\/div>\n\t\t\t\t<div class=\"elementor-element elementor-element-f7cbca6 elementor-widget__width-initial exad-sticky-section-no exad-glass-effect-no elementor-widget elementor-widget-image\" data-id=\"f7cbca6\" data-element_type=\"widget\" data-e-type=\"widget\" data-widget_type=\"image.default\">\n\t\t\t\t<div class=\"elementor-widget-container\">\n\t\t\t\t\t\t\t\t\t\t\t\t\t\t\t<img fetchpriority=\"high\" decoding=\"async\" width=\"843\" height=\"849\" src=\"https:\/\/portaldoservidor.hortolandia.sp.gov.br\/wp-content\/uploads\/2025\/06\/Tabela-Plano-Saude-Rajustada-01.2025-1-1-1017x1024.png\" class=\"attachment-large size-large wp-image-24089\" alt=\"\" srcset=\"https:\/\/portaldoservidor.hortolandia.sp.gov.br\/wp-content\/uploads\/2025\/06\/Tabela-Plano-Saude-Rajustada-01.2025-1-1-1017x1024.png 1017w, https:\/\/portaldoservidor.hortolandia.sp.gov.br\/wp-content\/uploads\/2025\/06\/Tabela-Plano-Saude-Rajustada-01.2025-1-1-298x300.png 298w, https:\/\/portaldoservidor.hortolandia.sp.gov.br\/wp-content\/uploads\/2025\/06\/Tabela-Plano-Saude-Rajustada-01.2025-1-1-150x150.png 150w, https:\/\/portaldoservidor.hortolandia.sp.gov.br\/wp-content\/uploads\/2025\/06\/Tabela-Plano-Saude-Rajustada-01.2025-1-1-768x774.png 768w, https:\/\/portaldoservidor.hortolandia.sp.gov.br\/wp-content\/uploads\/2025\/06\/Tabela-Plano-Saude-Rajustada-01.2025-1-1-1525x1536.png 1525w, https:\/\/portaldoservidor.hortolandia.sp.gov.br\/wp-content\/uploads\/2025\/06\/Tabela-Plano-Saude-Rajustada-01.2025-1-1.png 1654w\" sizes=\"(max-width: 843px) 100vw, 843px\" \/>\t\t\t\t\t\t\t\t\t\t\t\t\t\t\t<\/div>\n\t\t\t\t<\/div>\n\t\t\t\t<div class=\"elementor-element elementor-element-b84f71a exad-sticky-section-no exad-glass-effect-no elementor-widget elementor-widget-text-editor\" data-id=\"b84f71a\" data-element_type=\"widget\" data-e-type=\"widget\" data-widget_type=\"text-editor.default\">\n\t\t\t\t<div class=\"elementor-widget-container\">\n\t\t\t\t\t\t\t\t\t\n<h3 class=\"wp-block-heading\"><strong>Como fazer a ades\u00e3o ao benef\u00edcio?<\/strong><\/h3>\n\n<p class=\"has-normal-font-size\"><strong>A ades\u00e3o deve ser realizada junto ao Plano Samaritano no atendimento ao servidor no Departamento de Gest\u00e3o de Pessoal (DGP), no Novo Pa\u00e7o Municipal (Rua Professora Celina Franceschini Bueno, n\u00ba 100, Jardim Metropolitan, Hortol\u00e2ndia).<\/strong><\/p>\n\n<h3 class=\"wp-block-heading\"><strong>Os Prazos e regras devem ser consultados junto ao Plano Samaritano.<\/strong><\/h3>\n\t\t\t\t\t\t\t\t<\/div>\n\t\t\t\t<\/div>\n\t\t\t\t\t<\/div>\n\t\t\t\t<\/div>\n\t\t\t\t<\/div>\n\t\t","protected":false},"excerpt":{"rendered":"<p>Programa de Aux\u00edlio \u00e0 Sa\u00fade Suplementar dos servidores ativos do Munic\u00edpio de Hortol\u00e2ndia, autorizado pela Lei Municipal n\u00ba 2.630\/2011, consiste na concess\u00e3o de subs\u00eddio parcial&hellip;<\/p>\n","protected":false},"author":1,"featured_media":0,"parent":0,"menu_order":0,"comment_status":"closed","ping_status":"closed","template":"","meta":{"footnotes":""},"class_list":["post-1019","page","type-page","status-publish","hentry"],"_links":{"self":[{"href":"https:\/\/portaldoservidor.hortolandia.sp.gov.br\/index.php\/wp-json\/wp\/v2\/pages\/1019","targetHints":{"allow":["GET"]}}],"collection":[{"href":"https:\/\/portaldoservidor.hortolandia.sp.gov.br\/index.php\/wp-json\/wp\/v2\/pages"}],"about":[{"href":"https:\/\/portaldoservidor.hortolandia.sp.gov.br\/index.php\/wp-json\/wp\/v2\/types\/page"}],"author":[{"embeddable":true,"href":"https:\/\/portaldoservidor.hortolandia.sp.gov.br\/index.php\/wp-json\/wp\/v2\/users\/1"}],"replies":[{"embeddable":true,"href":"https:\/\/portaldoservidor.hortolandia.sp.gov.br\/index.php\/wp-json\/wp\/v2\/comments?post=1019"}],"version-history":[{"count":30,"href":"https:\/\/portaldoservidor.hortolandia.sp.gov.br\/index.php\/wp-json\/wp\/v2\/pages\/1019\/revisions"}],"predecessor-version":[{"id":24118,"href":"https:\/\/portaldoservidor.hortolandia.sp.gov.br\/index.php\/wp-json\/wp\/v2\/pages\/1019\/revisions\/24118"}],"wp:attachment":[{"href":"https:\/\/portaldoservidor.hortolandia.sp.gov.br\/index.php\/wp-json\/wp\/v2\/media?parent=1019"}],"curies":[{"name":"wp","href":"https:\/\/api.w.org\/{rel}","templated":true}]}}