{"id":1096,"date":"2021-05-27T22:00:39","date_gmt":"2021-05-28T01:00:39","guid":{"rendered":"http:\/\/portaldoservidor.hortolandia.sp.gov.br\/?page_id=1096"},"modified":"2021-05-27T22:00:39","modified_gmt":"2021-05-28T01:00:39","slug":"requerimentos-diversos","status":"publish","type":"page","link":"https:\/\/portaldoservidor.hortolandia.sp.gov.br\/index.php\/requerimentos-diversos\/","title":{"rendered":"Requerimentos Diversos"},"content":{"rendered":"\t\t<div data-elementor-type=\"wp-page\" data-elementor-id=\"1096\" class=\"elementor elementor-1096\" data-elementor-settings=\"{&quot;ha_cmc_init_switcher&quot;:&quot;no&quot;}\">\n\t\t\t\t<div class=\"elementor-element elementor-element-54ebacbb e-flex e-con-boxed wpr-particle-no wpr-jarallax-no wpr-parallax-no wpr-sticky-section-no e-con e-parent\" data-id=\"54ebacbb\" data-element_type=\"container\" data-e-type=\"container\" data-settings=\"{&quot;_ha_eqh_enable&quot;:false}\">\n\t\t\t\t\t<div class=\"e-con-inner\">\n\t\t\t\t<div class=\"elementor-element elementor-element-190d36b0 exad-sticky-section-no exad-glass-effect-no elementor-widget elementor-widget-text-editor\" data-id=\"190d36b0\" data-element_type=\"widget\" data-e-type=\"widget\" data-widget_type=\"text-editor.default\">\n\t\t\t\t<div class=\"elementor-widget-container\">\n\t\t\t\t\t\t\t\t\t\n<p>Caso voc\u00ea precise solicitar alguma quest\u00e3o que voc\u00ea n\u00e3o encontrou explica\u00e7\u00e3o ou formul\u00e1rio espec\u00edfico neste Portal, use o Requerimento abaixo. Para fazer isso voc\u00ea deve preench\u00ea-lo, indicando que tipo de demanda deseja apresentar \u00e0 Divis\u00e3o de Gest\u00e3o de Pessoal, \u00e0 Divis\u00e3o de Sa\u00fade Ocupacional ou \u00e0 Escola de Gest\u00e3o P\u00fablica de Hortol\u00e2ndia.<\/p>\n\n<p>Lembre-se de que os itens &#8220;portaria&#8221; e &#8220;outros&#8221; precisam ser justificados para que a sua solicita\u00e7\u00e3o possa ser melhor compreendida e tratado pela \u00e1rea respons\u00e1vel.<\/p>\n\n<div class=\"wp-block-file\"><a href=\"http:\/\/portaldoservidor.hortolandia.sp.gov.br\/wp-content\/uploads\/2021\/05\/REQUERIMENTO-DIVERSOS.pdf\" target=\"_blank\" rel=\"noreferrer noopener\">REQUERIMENTO DIVERSOS<\/a><a class=\"wp-block-file__button\" href=\"http:\/\/portaldoservidor.hortolandia.sp.gov.br\/wp-content\/uploads\/2021\/05\/REQUERIMENTO-DIVERSOS.pdf\" download=\"\">Baixar<\/a><\/div>\n\n<ul class=\"wp-block-list\">\n<li><strong>Aten\u00e7\u00e3o:<\/strong>\n<ul>\n<li><strong>Se voc\u00ea pretende requerer uma das formas de progress\u00e3o ou realizar atualiza\u00e7\u00e3o cadastral e juntada de T\u00edtulos, use os requerimentos dispon\u00edveis no link da Escola de Gest\u00e3o P\u00fablica deste Portal;<\/strong><\/li>\n<li><strong>Se voc\u00ea pretende requerer alguma das quest\u00f5es relativas \u00e0 licen\u00e7as e outros servi\u00e7os da DSOST (ex.: atestados, licen\u00e7as ou insalubridade), entre no <a href=\"http:\/\/portalservidor-be.hortolandia.sp.gov.br\/\">link<\/a> e acesse a \u00e1rea de <span style=\"text-decoration: underline;\">Sa\u00fade e Seguran\u00e7a<\/span>.<\/strong><\/li>\n<\/ul>\n<\/li>\n<\/ul>\n\n<p>\u00a0<\/p>\n\t\t\t\t\t\t\t\t<\/div>\n\t\t\t\t<\/div>\n\t\t\t\t\t<\/div>\n\t\t\t\t<\/div>\n\t\t\t\t<\/div>\n\t\t","protected":false},"excerpt":{"rendered":"<p>Caso voc\u00ea precise solicitar alguma quest\u00e3o que voc\u00ea n\u00e3o encontrou explica\u00e7\u00e3o ou formul\u00e1rio espec\u00edfico neste Portal, use o Requerimento abaixo. Para fazer isso voc\u00ea deve&hellip;<\/p>\n","protected":false},"author":1,"featured_media":0,"parent":0,"menu_order":0,"comment_status":"closed","ping_status":"closed","template":"","meta":{"footnotes":""},"class_list":["post-1096","page","type-page","status-publish","hentry"],"_links":{"self":[{"href":"https:\/\/portaldoservidor.hortolandia.sp.gov.br\/index.php\/wp-json\/wp\/v2\/pages\/1096","targetHints":{"allow":["GET"]}}],"collection":[{"href":"https:\/\/portaldoservidor.hortolandia.sp.gov.br\/index.php\/wp-json\/wp\/v2\/pages"}],"about":[{"href":"https:\/\/portaldoservidor.hortolandia.sp.gov.br\/index.php\/wp-json\/wp\/v2\/types\/page"}],"author":[{"embeddable":true,"href":"https:\/\/portaldoservidor.hortolandia.sp.gov.br\/index.php\/wp-json\/wp\/v2\/users\/1"}],"replies":[{"embeddable":true,"href":"https:\/\/portaldoservidor.hortolandia.sp.gov.br\/index.php\/wp-json\/wp\/v2\/comments?post=1096"}],"version-history":[{"count":0,"href":"https:\/\/portaldoservidor.hortolandia.sp.gov.br\/index.php\/wp-json\/wp\/v2\/pages\/1096\/revisions"}],"wp:attachment":[{"href":"https:\/\/portaldoservidor.hortolandia.sp.gov.br\/index.php\/wp-json\/wp\/v2\/media?parent=1096"}],"curies":[{"name":"wp","href":"https:\/\/api.w.org\/{rel}","templated":true}]}}