{"id":1100,"date":"2021-05-27T22:18:28","date_gmt":"2021-05-28T01:18:28","guid":{"rendered":"http:\/\/portaldoservidor.hortolandia.sp.gov.br\/?page_id=1100"},"modified":"2025-07-31T10:50:11","modified_gmt":"2025-07-31T13:50:11","slug":"pedido-de-exoneracao","status":"publish","type":"page","link":"https:\/\/portaldoservidor.hortolandia.sp.gov.br\/index.php\/pedido-de-exoneracao\/","title":{"rendered":"Pedido de Exonera\u00e7\u00e3o"},"content":{"rendered":"\t\t<div data-elementor-type=\"wp-page\" data-elementor-id=\"1100\" class=\"elementor elementor-1100\" data-elementor-settings=\"{&quot;ha_cmc_init_switcher&quot;:&quot;no&quot;}\">\n\t\t\t\t<div class=\"elementor-element elementor-element-316bb8cc e-flex e-con-boxed wpr-particle-no wpr-jarallax-no wpr-parallax-no wpr-sticky-section-no e-con e-parent\" data-id=\"316bb8cc\" data-element_type=\"container\" data-e-type=\"container\" data-settings=\"{&quot;_ha_eqh_enable&quot;:false}\">\n\t\t\t\t\t<div class=\"e-con-inner\">\n\t\t\t\t<div class=\"elementor-element elementor-element-780dc779 exad-sticky-section-no exad-glass-effect-no elementor-widget elementor-widget-text-editor\" data-id=\"780dc779\" data-element_type=\"widget\" data-e-type=\"widget\" data-widget_type=\"text-editor.default\">\n\t\t\t\t<div class=\"elementor-widget-container\">\n\t\t\t\t\t\t\t\t\t\n<p><strong>Para solicitar exonera\u00e7\u00e3o do seu cargo ou emprego, independente do motivo, voc\u00ea dever\u00e1 preencher e assinar o requerimento abaixo, e entreg\u00e1-lo no atendimento ao servidor do Departamento de Gest\u00e3o de Pessoal (DGP), na Rua Professora Celina Franceschini Bueno, n\u00ba 100, Jardim Metropolitan, Hortol\u00e2ndia. <\/strong><\/p>\n\n<div class=\"wp-block-file\"><a href=\"http:\/\/portaldoservidor.hortolandia.sp.gov.br\/wp-content\/uploads\/2021\/05\/REQUERIMENTO-2.pdf\" target=\"_blank\" rel=\"noreferrer noopener\">REQUERIMENTO<\/a><a class=\"wp-block-file__button\" href=\"http:\/\/portaldoservidor.hortolandia.sp.gov.br\/wp-content\/uploads\/2021\/05\/REQUERIMENTO-2.pdf\" download=\"\">Baixar<\/a><\/div>\n\n<p><strong>Aten\u00e7\u00e3o: <\/strong>para que o pedido de exonera\u00e7\u00e3o seja aceito e processado, a servidora ou servidor dever\u00e1:<\/p>\n\n<ul class=\"wp-block-list\">\n<li><strong>Retirar o encaminhamento para o Exame Demissional, no atendimento ao servidor do Departamento de Gest\u00e3o de Pessoal (DGP),<\/strong> e realizar o exame e apresentar o seu resultado no DGP para juntada ao pedido de exonera\u00e7\u00e3o;<\/li>\n<li>Entregar, no atendimento ao servidor do DGP, junto com o Pedido de Exonera\u00e7\u00e3o, o crach\u00e1 de funcional que tenha sido disponibilizado para atua\u00e7\u00e3o profissional;<\/li>\n<li>Entregar, no atendimento ao servidor do DGP, junto com o Pedido de Exonera\u00e7\u00e3o, a folha de frequ\u00eancia do m\u00eas corrente, assinada e carimbada pela chefia imediata, ressalvado o caso de Professores de Educa\u00e7\u00e3o B\u00e1sica que n\u00e3o possu\u00edrem designa\u00e7\u00e3o de fun\u00e7\u00e3o.<\/li>\n<\/ul>\n\n<p>\u00a0<\/p>\n\n<p><strong>Importante: <\/strong><\/p>\n\n<ul class=\"wp-block-list\">\n<li>Quando couber, a servidora ou o servidor dever\u00e1 devolver \u00e0 unidade de lota\u00e7\u00e3o, os uniformes, equipamentos e ou instrumentos de trabalho que porventura lhe tenham sido confiados durante o exerc\u00edcio do cargo ou emprego;<\/li>\n<li>A portaria ser\u00e1 publicada ap\u00f3s a entrega do resultado dos exames,<strong> com a data da solicita\u00e7\u00e3o do desligamento.<\/strong><\/li>\n<\/ul>\n\n<p>\u00a0<\/p>\n\t\t\t\t\t\t\t\t<\/div>\n\t\t\t\t<\/div>\n\t\t\t\t\t<\/div>\n\t\t\t\t<\/div>\n\t\t\t\t<\/div>\n\t\t","protected":false},"excerpt":{"rendered":"<p>Para solicitar exonera\u00e7\u00e3o do seu cargo ou emprego, independente do motivo, voc\u00ea dever\u00e1 preencher e assinar o requerimento abaixo, e entreg\u00e1-lo no atendimento ao servidor&hellip;<\/p>\n","protected":false},"author":1,"featured_media":0,"parent":0,"menu_order":0,"comment_status":"closed","ping_status":"closed","template":"","meta":{"footnotes":""},"class_list":["post-1100","page","type-page","status-publish","hentry"],"_links":{"self":[{"href":"https:\/\/portaldoservidor.hortolandia.sp.gov.br\/index.php\/wp-json\/wp\/v2\/pages\/1100","targetHints":{"allow":["GET"]}}],"collection":[{"href":"https:\/\/portaldoservidor.hortolandia.sp.gov.br\/index.php\/wp-json\/wp\/v2\/pages"}],"about":[{"href":"https:\/\/portaldoservidor.hortolandia.sp.gov.br\/index.php\/wp-json\/wp\/v2\/types\/page"}],"author":[{"embeddable":true,"href":"https:\/\/portaldoservidor.hortolandia.sp.gov.br\/index.php\/wp-json\/wp\/v2\/users\/1"}],"replies":[{"embeddable":true,"href":"https:\/\/portaldoservidor.hortolandia.sp.gov.br\/index.php\/wp-json\/wp\/v2\/comments?post=1100"}],"version-history":[{"count":6,"href":"https:\/\/portaldoservidor.hortolandia.sp.gov.br\/index.php\/wp-json\/wp\/v2\/pages\/1100\/revisions"}],"predecessor-version":[{"id":24121,"href":"https:\/\/portaldoservidor.hortolandia.sp.gov.br\/index.php\/wp-json\/wp\/v2\/pages\/1100\/revisions\/24121"}],"wp:attachment":[{"href":"https:\/\/portaldoservidor.hortolandia.sp.gov.br\/index.php\/wp-json\/wp\/v2\/media?parent=1100"}],"curies":[{"name":"wp","href":"https:\/\/api.w.org\/{rel}","templated":true}]}}