{"id":1131,"date":"2021-05-28T00:31:07","date_gmt":"2021-05-28T03:31:07","guid":{"rendered":"http:\/\/portaldoservidor.hortolandia.sp.gov.br\/?page_id=1131"},"modified":"2025-07-31T10:58:53","modified_gmt":"2025-07-31T13:58:53","slug":"inclusao-de-dependentes","status":"publish","type":"page","link":"https:\/\/portaldoservidor.hortolandia.sp.gov.br\/index.php\/inclusao-de-dependentes\/","title":{"rendered":"Inclus\u00e3o de Dependentes"},"content":{"rendered":"\t\t<div data-elementor-type=\"wp-page\" data-elementor-id=\"1131\" class=\"elementor elementor-1131\" data-elementor-settings=\"{&quot;ha_cmc_init_switcher&quot;:&quot;no&quot;}\">\n\t\t\t\t<div class=\"elementor-element elementor-element-7e8d558e e-flex e-con-boxed wpr-particle-no wpr-jarallax-no wpr-parallax-no wpr-sticky-section-no e-con e-parent\" data-id=\"7e8d558e\" data-element_type=\"container\" data-e-type=\"container\" data-settings=\"{&quot;_ha_eqh_enable&quot;:false}\">\n\t\t\t\t\t<div class=\"e-con-inner\">\n\t\t\t\t<div class=\"elementor-element elementor-element-50f9e3b2 exad-sticky-section-no exad-glass-effect-no elementor-widget elementor-widget-text-editor\" data-id=\"50f9e3b2\" data-element_type=\"widget\" data-e-type=\"widget\" data-widget_type=\"text-editor.default\">\n\t\t\t\t<div class=\"elementor-widget-container\">\n\t\t\t\t\t\t\t\t\t\n<p>O pedido de inclus\u00e3o de dependentes no cadastro pode ser realizado por meio do Requerimento abaixo que, depois de preenchido e assinado, deve ser entregue no atendimento ao servidor do Departamento de Gest\u00e3o de Pessoal (Rua Professora Celina Franceschini Bueno, n\u00ba 100, Jardim Metropolitan, Hortol\u00e2ndia).<\/p>\n\n<div class=\"wp-block-file\"><a href=\"http:\/\/portaldoservidor.hortolandia.sp.gov.br\/wp-content\/uploads\/2021\/05\/Requerimento_de_Inclus\u00e3o_de_Dependentes.pdf\" target=\"_blank\" rel=\"noreferrer noopener\">Requerimento_de_Inclus\u00e3o_de_Dependentes<\/a><a class=\"wp-block-file__button\" href=\"http:\/\/portaldoservidor.hortolandia.sp.gov.br\/wp-content\/uploads\/2021\/05\/Requerimento_de_Inclus\u00e3o_de_Dependentes.pdf\" download=\"\">Baixar<\/a><\/div>\n\n<ul class=\"wp-block-list\">\n<li>Para cadastro dos dependentes, \u00e9 obrigat\u00f3ria a juntada de c\u00f3pia simples dos documentos abaixo relacionados a cada grau de parentesco:\n<ul>\n<li><strong>Esposo(a) &#8211;<\/strong> c\u00f3pia da certid\u00e3o de casamento e n\u00famero de CPF;<\/li>\n<li><strong>Filhos(as) at\u00e9 21 anos &#8211; <\/strong>c\u00f3pia da certid\u00e3o de nascimento e n\u00famero de CPF;<\/li>\n<li><strong> Filhos(as) acima de 21 anos &#8211; <\/strong>comprova\u00e7\u00e3o da motiva\u00e7\u00e3o da necessidade de acompanhamento, c\u00f3pia da certid\u00e3o de nascimento e n\u00famero de CPF;<\/li>\n<li><strong> Pai ou M\u00e3e &#8211;<\/strong> Declara\u00e7\u00e3o de pr\u00f3prio punho, feita pelo dependente, atestando que o(a) servidor(a) \u00e9 quem o acompanha em consultas e ou exames de sa\u00fade e do n\u00famero de CPF;<\/li>\n<li><strong>Enteados(as) e outros<\/strong> <strong>&#8211;<\/strong> \u00e9 obrigat\u00f3ria a juntada de documenta\u00e7\u00e3o comprobat\u00f3ria da inclus\u00e3o como dependente no IRRF e n\u00famero de CPF.<\/li>\n<\/ul>\n<\/li>\n<\/ul>\n\t\t\t\t\t\t\t\t<\/div>\n\t\t\t\t<\/div>\n\t\t\t\t\t<\/div>\n\t\t\t\t<\/div>\n\t\t\t\t<\/div>\n\t\t","protected":false},"excerpt":{"rendered":"<p>O pedido de inclus\u00e3o de dependentes no cadastro pode ser realizado por meio do Requerimento abaixo que, depois de preenchido e assinado, deve ser entregue&hellip;<\/p>\n","protected":false},"author":1,"featured_media":0,"parent":0,"menu_order":0,"comment_status":"closed","ping_status":"closed","template":"","meta":{"footnotes":""},"class_list":["post-1131","page","type-page","status-publish","hentry"],"_links":{"self":[{"href":"https:\/\/portaldoservidor.hortolandia.sp.gov.br\/index.php\/wp-json\/wp\/v2\/pages\/1131","targetHints":{"allow":["GET"]}}],"collection":[{"href":"https:\/\/portaldoservidor.hortolandia.sp.gov.br\/index.php\/wp-json\/wp\/v2\/pages"}],"about":[{"href":"https:\/\/portaldoservidor.hortolandia.sp.gov.br\/index.php\/wp-json\/wp\/v2\/types\/page"}],"author":[{"embeddable":true,"href":"https:\/\/portaldoservidor.hortolandia.sp.gov.br\/index.php\/wp-json\/wp\/v2\/users\/1"}],"replies":[{"embeddable":true,"href":"https:\/\/portaldoservidor.hortolandia.sp.gov.br\/index.php\/wp-json\/wp\/v2\/comments?post=1131"}],"version-history":[{"count":6,"href":"https:\/\/portaldoservidor.hortolandia.sp.gov.br\/index.php\/wp-json\/wp\/v2\/pages\/1131\/revisions"}],"predecessor-version":[{"id":24124,"href":"https:\/\/portaldoservidor.hortolandia.sp.gov.br\/index.php\/wp-json\/wp\/v2\/pages\/1131\/revisions\/24124"}],"wp:attachment":[{"href":"https:\/\/portaldoservidor.hortolandia.sp.gov.br\/index.php\/wp-json\/wp\/v2\/media?parent=1131"}],"curies":[{"name":"wp","href":"https:\/\/api.w.org\/{rel}","templated":true}]}}