{"id":1139,"date":"2021-05-28T01:39:51","date_gmt":"2021-05-28T04:39:51","guid":{"rendered":"http:\/\/portaldoservidor.hortolandia.sp.gov.br\/?page_id=1139"},"modified":"2025-01-17T11:04:36","modified_gmt":"2025-01-17T14:04:36","slug":"programa-ambientacao","status":"publish","type":"page","link":"https:\/\/portaldoservidor.hortolandia.sp.gov.br\/index.php\/programa-ambientacao\/","title":{"rendered":"Programa de Ambienta\u00e7\u00e3o para Novos Servidores"},"content":{"rendered":"\t\t<div data-elementor-type=\"wp-page\" data-elementor-id=\"1139\" class=\"elementor elementor-1139\" data-elementor-settings=\"{&quot;ha_cmc_init_switcher&quot;:&quot;no&quot;}\">\n\t\t\t\t<div class=\"elementor-element elementor-element-60f61289 e-flex e-con-boxed wpr-particle-no wpr-jarallax-no wpr-parallax-no wpr-sticky-section-no e-con e-parent\" data-id=\"60f61289\" data-element_type=\"container\" data-e-type=\"container\" data-settings=\"{&quot;_ha_eqh_enable&quot;:false}\">\n\t\t\t\t\t<div class=\"e-con-inner\">\n\t\t\t\t<div class=\"elementor-element elementor-element-30a75f63 exad-sticky-section-no exad-glass-effect-no elementor-widget elementor-widget-text-editor\" data-id=\"30a75f63\" data-element_type=\"widget\" data-e-type=\"widget\" data-widget_type=\"text-editor.default\">\n\t\t\t\t<div class=\"elementor-widget-container\">\n\t\t\t\t\t\t\t\t\t<p>O Programa de Ambienta\u00e7\u00e3o \u00e9 um momento de acolhimento inicial, que \u00e9 essencial para a forma\u00e7\u00e3o de novos servidores efetivos.<\/p><p>Nosso objetivo \u00e9 garantir que os servidores rec\u00e9m-chegados tenham acesso \u00e0s principais orienta\u00e7\u00f5es, diretrizes e especificidades do servi\u00e7o p\u00fablico, proporcionando uma base s\u00f3lida para o exerc\u00edcio de suas fun\u00e7\u00f5es com excel\u00eancia.<\/p><p>Durante o programa de ambienta\u00e7\u00e3o, os novos servidores t\u00eam a oportunidade de conhecer a estrutura organizacional da Prefeitura Municipal de Hortol\u00e2ndia, compreender os valores e princ\u00edpios que norteiam nossa administra\u00e7\u00e3o p\u00fablica, familiarizar-se com algumas pol\u00edticas e normas vigentes, al\u00e9m de compreender a import\u00e2ncia do servi\u00e7o p\u00fablico no atendimento \u00e0s necessidades da popula\u00e7\u00e3o.<\/p><p>Vale a pena aproveitar esse evento para conhecer outros os colegas de trabalho, estabelecer contatos e rela\u00e7\u00f5es profissionais que auxiliar\u00e3o durante toda a carreira.<\/p><p>Acreditamos que este evento \u00e9 um importante passo para o desenvolvimento de uma carreira promissora na Administra\u00e7\u00e3o P\u00fablica, e a Escola de Gest\u00e3o P\u00fablica de Hortol\u00e2ndia est\u00e1 empenhada em apoiar os servidores em sua jornada!<\/p>\t\t\t\t\t\t\t\t<\/div>\n\t\t\t\t<\/div>\n\t\t\t\t\t<\/div>\n\t\t\t\t<\/div>\n\t\t\t\t<\/div>\n\t\t","protected":false},"excerpt":{"rendered":"<p>O Programa de Ambienta\u00e7\u00e3o \u00e9 um momento de acolhimento inicial, que \u00e9 essencial para a forma\u00e7\u00e3o de novos servidores efetivos. Nosso objetivo \u00e9 garantir que&hellip;<\/p>\n","protected":false},"author":1,"featured_media":4212,"parent":0,"menu_order":0,"comment_status":"open","ping_status":"closed","template":"","meta":{"footnotes":""},"class_list":["post-1139","page","type-page","status-publish","has-post-thumbnail","hentry"],"_links":{"self":[{"href":"https:\/\/portaldoservidor.hortolandia.sp.gov.br\/index.php\/wp-json\/wp\/v2\/pages\/1139","targetHints":{"allow":["GET"]}}],"collection":[{"href":"https:\/\/portaldoservidor.hortolandia.sp.gov.br\/index.php\/wp-json\/wp\/v2\/pages"}],"about":[{"href":"https:\/\/portaldoservidor.hortolandia.sp.gov.br\/index.php\/wp-json\/wp\/v2\/types\/page"}],"author":[{"embeddable":true,"href":"https:\/\/portaldoservidor.hortolandia.sp.gov.br\/index.php\/wp-json\/wp\/v2\/users\/1"}],"replies":[{"embeddable":true,"href":"https:\/\/portaldoservidor.hortolandia.sp.gov.br\/index.php\/wp-json\/wp\/v2\/comments?post=1139"}],"version-history":[{"count":4,"href":"https:\/\/portaldoservidor.hortolandia.sp.gov.br\/index.php\/wp-json\/wp\/v2\/pages\/1139\/revisions"}],"predecessor-version":[{"id":23382,"href":"https:\/\/portaldoservidor.hortolandia.sp.gov.br\/index.php\/wp-json\/wp\/v2\/pages\/1139\/revisions\/23382"}],"wp:featuredmedia":[{"embeddable":true,"href":"https:\/\/portaldoservidor.hortolandia.sp.gov.br\/index.php\/wp-json\/"}],"wp:attachment":[{"href":"https:\/\/portaldoservidor.hortolandia.sp.gov.br\/index.php\/wp-json\/wp\/v2\/media?parent=1139"}],"curies":[{"name":"wp","href":"https:\/\/api.w.org\/{rel}","templated":true}]}}