{"id":1169,"date":"2021-05-28T10:23:58","date_gmt":"2021-05-28T13:23:58","guid":{"rendered":"http:\/\/portaldoservidor.hortolandia.sp.gov.br\/?page_id=1169"},"modified":"2025-01-22T14:55:03","modified_gmt":"2025-01-22T17:55:03","slug":"colegiado-do-programa-de-capacitacao-e-aperfeicoamento-cpgca","status":"publish","type":"page","link":"https:\/\/portaldoservidor.hortolandia.sp.gov.br\/index.php\/colegiado-do-programa-de-capacitacao-e-aperfeicoamento-cpgca\/","title":{"rendered":"Colegiado do Programa de Capacita\u00e7\u00e3o e Aperfei\u00e7oamento &#8211; CPGCA"},"content":{"rendered":"\t\t<div data-elementor-type=\"wp-page\" data-elementor-id=\"1169\" class=\"elementor elementor-1169\" data-elementor-settings=\"{&quot;ha_cmc_init_switcher&quot;:&quot;no&quot;}\">\n\t\t\t\t<div class=\"elementor-element elementor-element-5bec5571 e-flex e-con-boxed wpr-particle-no wpr-jarallax-no wpr-parallax-no wpr-sticky-section-no e-con e-parent\" data-id=\"5bec5571\" data-element_type=\"container\" data-e-type=\"container\" data-settings=\"{&quot;_ha_eqh_enable&quot;:false}\">\n\t\t\t\t\t<div class=\"e-con-inner\">\n\t\t\t\t<div class=\"elementor-element elementor-element-5a502ce3 exad-sticky-section-no exad-glass-effect-no elementor-widget elementor-widget-text-editor\" data-id=\"5a502ce3\" data-element_type=\"widget\" data-e-type=\"widget\" data-widget_type=\"text-editor.default\">\n\t\t\t\t<div class=\"elementor-widget-container\">\n\t\t\t\t\t\t\t\t\t\n<p class=\"has-normal-font-size\">O Colegiado de Planejamento e Gest\u00e3o do Programa de Capacita\u00e7\u00e3o e Aperfei\u00e7oamento &#8211; CPGCA &#8211; \u00e9 o \u00f3rg\u00e3o respons\u00e1vel pelo estabelecimento de pol\u00edticas e das diretrizes do programa destinado \u00e0 capacita\u00e7\u00e3o e \u00e0 forma\u00e7\u00e3o continuada dos servidores p\u00fablicos municipal. Tamb\u00e9m \u00e9 de sua responsabilidade a defini\u00e7\u00e3o e a aloca\u00e7\u00e3o dos recursos que garantir\u00e3o a efetividade das linhas de desenvolvimento, abrangendo todos os ambientes organizacionais. Foi regulamentado quanto \u00e0 composi\u00e7\u00e3o e \u00e0s atribui\u00e7\u00f5es no Decreto Municipal n\u00ba 2.446\/2011.<\/p>\n\n<div class=\"wp-block-file\"><a href=\"https:\/\/portaldoservidor.hortolandia.sp.gov.br\/wp-content\/uploads\/2021\/06\/Decreto-no-2.446-2011-CR-Dec-no-4736-2021-Colegiados-1.pdf\">Decreto-no-2.446-2011-CR-Dec-no-4736-2021-Colegiados-1<\/a><a class=\"wp-block-file__button\" href=\"https:\/\/portaldoservidor.hortolandia.sp.gov.br\/wp-content\/uploads\/2021\/06\/Decreto-no-2.446-2011-CR-Dec-no-4736-2021-Colegiados-1.pdf\" download=\"\">Baixar<\/a><\/div>\n\t\t\t\t\t\t\t\t<\/div>\n\t\t\t\t<\/div>\n\t\t\t\t\t<\/div>\n\t\t\t\t<\/div>\n\t\t\t\t<\/div>\n\t\t","protected":false},"excerpt":{"rendered":"<p>O Colegiado de Planejamento e Gest\u00e3o do Programa de Capacita\u00e7\u00e3o e Aperfei\u00e7oamento &#8211; CPGCA &#8211; \u00e9 o \u00f3rg\u00e3o respons\u00e1vel pelo estabelecimento de pol\u00edticas e das&hellip;<\/p>\n","protected":false},"author":1,"featured_media":0,"parent":0,"menu_order":0,"comment_status":"closed","ping_status":"closed","template":"","meta":{"footnotes":""},"class_list":["post-1169","page","type-page","status-publish","hentry"],"_links":{"self":[{"href":"https:\/\/portaldoservidor.hortolandia.sp.gov.br\/index.php\/wp-json\/wp\/v2\/pages\/1169","targetHints":{"allow":["GET"]}}],"collection":[{"href":"https:\/\/portaldoservidor.hortolandia.sp.gov.br\/index.php\/wp-json\/wp\/v2\/pages"}],"about":[{"href":"https:\/\/portaldoservidor.hortolandia.sp.gov.br\/index.php\/wp-json\/wp\/v2\/types\/page"}],"author":[{"embeddable":true,"href":"https:\/\/portaldoservidor.hortolandia.sp.gov.br\/index.php\/wp-json\/wp\/v2\/users\/1"}],"replies":[{"embeddable":true,"href":"https:\/\/portaldoservidor.hortolandia.sp.gov.br\/index.php\/wp-json\/wp\/v2\/comments?post=1169"}],"version-history":[{"count":6,"href":"https:\/\/portaldoservidor.hortolandia.sp.gov.br\/index.php\/wp-json\/wp\/v2\/pages\/1169\/revisions"}],"predecessor-version":[{"id":23744,"href":"https:\/\/portaldoservidor.hortolandia.sp.gov.br\/index.php\/wp-json\/wp\/v2\/pages\/1169\/revisions\/23744"}],"wp:attachment":[{"href":"https:\/\/portaldoservidor.hortolandia.sp.gov.br\/index.php\/wp-json\/wp\/v2\/media?parent=1169"}],"curies":[{"name":"wp","href":"https:\/\/api.w.org\/{rel}","templated":true}]}}