{"id":1660,"date":"2021-05-31T10:52:34","date_gmt":"2021-05-31T13:52:34","guid":{"rendered":"https:\/\/portaldoservidor.hortolandia.sp.gov.br\/?page_id=1660"},"modified":"2025-01-22T11:21:19","modified_gmt":"2025-01-22T14:21:19","slug":"oportunidade","status":"publish","type":"page","link":"https:\/\/portaldoservidor.hortolandia.sp.gov.br\/index.php\/oportunidade\/","title":{"rendered":"Cursos e Atividades Externas"},"content":{"rendered":"\t\t<div data-elementor-type=\"wp-page\" data-elementor-id=\"1660\" class=\"elementor elementor-1660\" data-elementor-settings=\"{&quot;ha_cmc_init_switcher&quot;:&quot;no&quot;}\">\n\t\t\t\t<div class=\"elementor-element elementor-element-5400d33a e-flex e-con-boxed wpr-particle-no wpr-jarallax-no wpr-parallax-no wpr-sticky-section-no e-con e-parent\" data-id=\"5400d33a\" data-element_type=\"container\" data-e-type=\"container\" data-settings=\"{&quot;_ha_eqh_enable&quot;:false}\">\n\t\t\t\t\t<div class=\"e-con-inner\">\n\t\t\t\t<div class=\"elementor-element elementor-element-1ad8a74b exad-sticky-section-no exad-glass-effect-no elementor-widget elementor-widget-text-editor\" data-id=\"1ad8a74b\" data-element_type=\"widget\" data-e-type=\"widget\" data-widget_type=\"text-editor.default\">\n\t\t\t\t<div class=\"elementor-widget-container\">\n\t\t\t\t\t\t\t\t\t\n<p class=\"has-normal-font-size\">Neste espa\u00e7o, voc\u00ea poder\u00e1 pesquisar cursos abertos ao p\u00fablico e virtuais, que poder\u00e3o contribuir ainda mais para a sua forma\u00e7\u00e3o profissional.<\/p>\n\n<ul class=\"has-normal-font-size wp-block-list\">\n<li>ENAP \u00e9 a Escola Nacional de Administra\u00e7\u00e3o P\u00fablica, com um ambiente virtual muito rico e com diversas possibilidades de cursos na modalidade EAD, confira: <a href=\"https:\/\/enap.gov.br\/pt\/\" target=\"_blank\" rel=\"noreferrer noopener\">https:\/\/<\/a><a href=\"https:\/\/enap.gov.br\/pt\/\">enap<\/a><a href=\"https:\/\/enap.gov.br\/pt\/\" target=\"_blank\" rel=\"noreferrer noopener\">.gov.br\/pt\/<\/a><\/li>\n<\/ul>\n\n<ul class=\"has-normal-font-size wp-block-list\">\n<li>Tribunal de Contas da Uni\u00e3o (TCU:) <a href=\"https:\/\/portal.tcu.gov.br\/\" target=\"_blank\" rel=\"noreferrer noopener\" data-type=\"URL\" data-id=\"https:\/\/portal.tcu.gov.br\/\">https:\/\/portal.tcu.gov.br\/<\/a><\/li>\n<\/ul>\n\n<ul class=\"has-normal-font-size wp-block-list\">\n<li>EPCP \u00e9 a Escola Paulista de Contas P\u00fablicas vinculada ao Tribunal de Contas do Estado de S\u00e3o Paulo: <a href=\"https:\/\/www.tce.sp.gov.br\/epcp\" target=\"_blank\" rel=\"noreferrer noopener\" data-type=\"URL\" data-id=\"https:\/\/www.tce.sp.gov.br\/epcp\">https:\/\/www.tce.sp.gov.br\/epcp<\/a><\/li>\n<\/ul>\n\n<p>\u00a0<\/p>\n\t\t\t\t\t\t\t\t<\/div>\n\t\t\t\t<\/div>\n\t\t\t\t\t<\/div>\n\t\t\t\t<\/div>\n\t\t\t\t<\/div>\n\t\t","protected":false},"excerpt":{"rendered":"<p>Neste espa\u00e7o, voc\u00ea poder\u00e1 pesquisar cursos abertos ao p\u00fablico e virtuais, que poder\u00e3o contribuir ainda mais para a sua forma\u00e7\u00e3o profissional. ENAP \u00e9 a Escola&hellip;<\/p>\n","protected":false},"author":1,"featured_media":0,"parent":0,"menu_order":0,"comment_status":"closed","ping_status":"closed","template":"","meta":{"footnotes":""},"class_list":["post-1660","page","type-page","status-publish","hentry"],"_links":{"self":[{"href":"https:\/\/portaldoservidor.hortolandia.sp.gov.br\/index.php\/wp-json\/wp\/v2\/pages\/1660","targetHints":{"allow":["GET"]}}],"collection":[{"href":"https:\/\/portaldoservidor.hortolandia.sp.gov.br\/index.php\/wp-json\/wp\/v2\/pages"}],"about":[{"href":"https:\/\/portaldoservidor.hortolandia.sp.gov.br\/index.php\/wp-json\/wp\/v2\/types\/page"}],"author":[{"embeddable":true,"href":"https:\/\/portaldoservidor.hortolandia.sp.gov.br\/index.php\/wp-json\/wp\/v2\/users\/1"}],"replies":[{"embeddable":true,"href":"https:\/\/portaldoservidor.hortolandia.sp.gov.br\/index.php\/wp-json\/wp\/v2\/comments?post=1660"}],"version-history":[{"count":3,"href":"https:\/\/portaldoservidor.hortolandia.sp.gov.br\/index.php\/wp-json\/wp\/v2\/pages\/1660\/revisions"}],"predecessor-version":[{"id":23658,"href":"https:\/\/portaldoservidor.hortolandia.sp.gov.br\/index.php\/wp-json\/wp\/v2\/pages\/1660\/revisions\/23658"}],"wp:attachment":[{"href":"https:\/\/portaldoservidor.hortolandia.sp.gov.br\/index.php\/wp-json\/wp\/v2\/media?parent=1660"}],"curies":[{"name":"wp","href":"https:\/\/api.w.org\/{rel}","templated":true}]}}