{"id":1686,"date":"2021-05-31T11:56:10","date_gmt":"2021-05-31T14:56:10","guid":{"rendered":"https:\/\/portaldoservidor.hortolandia.sp.gov.br\/?page_id=1686"},"modified":"2025-01-23T11:12:19","modified_gmt":"2025-01-23T14:12:19","slug":"ambiente-virtual-de-aprendizagem-novo","status":"publish","type":"page","link":"https:\/\/portaldoservidor.hortolandia.sp.gov.br\/index.php\/ambiente-virtual-de-aprendizagem-novo\/","title":{"rendered":"Ambiente Virtual de Aprendizagem"},"content":{"rendered":"\t\t<div data-elementor-type=\"wp-page\" data-elementor-id=\"1686\" class=\"elementor elementor-1686\" data-elementor-settings=\"{&quot;ha_cmc_init_switcher&quot;:&quot;no&quot;}\">\n\t\t\t\t<div class=\"elementor-element elementor-element-623eab1 e-flex e-con-boxed wpr-particle-no wpr-jarallax-no wpr-parallax-no wpr-sticky-section-no e-con e-parent\" data-id=\"623eab1\" data-element_type=\"container\" data-e-type=\"container\" data-settings=\"{&quot;_ha_eqh_enable&quot;:false}\">\n\t\t\t\t\t<div class=\"e-con-inner\">\n\t\t\t\t<div class=\"elementor-element elementor-element-5b2fdfb6 exad-sticky-section-no exad-glass-effect-no elementor-widget elementor-widget-text-editor\" data-id=\"5b2fdfb6\" data-element_type=\"widget\" data-e-type=\"widget\" data-widget_type=\"text-editor.default\">\n\t\t\t\t<div class=\"elementor-widget-container\">\n\t\t\t\t\t\t\t\t\t\n<p class=\"has-normal-font-size\">A Escola de Gest\u00e3o P\u00fablica de Hortol\u00e2ndia &#8211; EGPH &#8211; desde a sua funda\u00e7\u00e3o buscou manter o ambiente presencial &#8211; prop\u00edcio ao espa\u00e7o de troca e \u00e0 roda de conversa &#8211; como a forma preferencial das suas atividades. O planejamento j\u00e1 inclu\u00eda a ideia de ampliar os ambientes e possibilidades formativas para os processo \u00e0 dist\u00e2ncia, entretanto a chegada da pandemia de COVID-19, no primeiro trimestre de 2020, precipitou o avan\u00e7o na dire\u00e7\u00e3o da efetiva\u00e7\u00e3o do Ambiente Virtual de Aprendizagem EGPH que est\u00e1 operativo desde maio de 2020.<\/p>\n\n<h3 class=\"has-text-align-center wp-block-heading\"><strong>Escola de Gest\u00e3o P\u00fablica de Hortol\u00e2ndia online <\/strong><\/h3>\n\n<p class=\"has-normal-font-size\">A Escola de Gest\u00e3o P\u00fablica de Hortol\u00e2ndia oferece v\u00e1rios recursos virtuais, para criar um ambiente educacional e de forma\u00e7\u00e3o, amplo e com possibilidades diversificadas<\/p>\n\n<h3 class=\"has-text-align-center wp-block-heading\"><strong>Plataforma online<\/strong><\/h3>\n\n<p class=\"has-text-align-left has-normal-font-size\">Por meio da <strong><a href=\"http:\/\/moodle.hortolandia.sp.gov.br\/\" target=\"_blank\" rel=\"noreferrer noopener\" data-type=\"URL\" data-id=\"http:\/\/moodle.hortolandia.sp.gov.br\/\">Plataforma Moodle<\/a><\/strong>,os alunos podem se inscrever, participar dos cursos online, assistindo aulas gravadas e realizando atividades no ambiente virtual.<\/p>\n\n<p class=\"has-text-align-center has-normal-font-size\"><a href=\"http:\/\/moodle.hortolandia.sp.gov.br\/\" target=\"_blank\" rel=\"noreferrer noopener\">http:\/\/moodle.hortolandia.sp.gov.br\/<\/a><\/p>\n\n<h3 class=\"has-text-align-center wp-block-heading\"><strong>Salas Virtuais<\/strong><\/h3>\n\n<p class=\"has-normal-font-size\">Para encontros e reuni\u00f5es virtuais, temos dispon\u00edveis 20 salas de opera\u00e7\u00e3o simult\u00e2nea, com capacidade de 300 participantes cada, via aplicativo de reuni\u00f5es Zoom Meeting.<\/p>\n\n<h3 class=\"has-text-align-center wp-block-heading\"><strong> Canal do Youtube<\/strong><\/h3>\n\n<p class=\"has-text-align-left has-normal-font-size\">A Escola de Gest\u00e3o P\u00fablica de Hortol\u00e2ndia tem um <a href=\"https:\/\/www.youtube.com\/channel\/UCQ4NCoiQs6v4ONztXvJ7Jlg\" target=\"_blank\" rel=\"noreferrer noopener\" data-type=\"URL\" data-id=\"https:\/\/www.youtube.com\/channel\/UCQ4NCoiQs6v4ONztXvJ7Jlg\"><strong>Canal no Youtube<\/strong><\/a>, para que possamos realizar transmiss\u00f5es ao vivo e para um p\u00fablico maior que a capacidade das salas virtuais.<\/p>\n\n<p class=\"has-text-align-center has-normal-font-size\"><a href=\"https:\/\/www.youtube.com\/channel\/UCQ4NCoiQs6v4ONztXvJ7Jlg\" target=\"_blank\" rel=\"noreferrer noopener\">https:\/\/www.youtube.com\/channel\/UCQ4NCoiQs6v4ONztXvJ7Jlg<\/a><\/p>\n\t\t\t\t\t\t\t\t<\/div>\n\t\t\t\t<\/div>\n\t\t\t\t\t<\/div>\n\t\t\t\t<\/div>\n\t\t\t\t<\/div>\n\t\t","protected":false},"excerpt":{"rendered":"<p>A Escola de Gest\u00e3o P\u00fablica de Hortol\u00e2ndia &#8211; EGPH &#8211; desde a sua funda\u00e7\u00e3o buscou manter o ambiente presencial &#8211; prop\u00edcio ao espa\u00e7o de troca&hellip;<\/p>\n","protected":false},"author":1,"featured_media":0,"parent":0,"menu_order":0,"comment_status":"closed","ping_status":"closed","template":"","meta":{"footnotes":""},"class_list":["post-1686","page","type-page","status-publish","hentry"],"_links":{"self":[{"href":"https:\/\/portaldoservidor.hortolandia.sp.gov.br\/index.php\/wp-json\/wp\/v2\/pages\/1686","targetHints":{"allow":["GET"]}}],"collection":[{"href":"https:\/\/portaldoservidor.hortolandia.sp.gov.br\/index.php\/wp-json\/wp\/v2\/pages"}],"about":[{"href":"https:\/\/portaldoservidor.hortolandia.sp.gov.br\/index.php\/wp-json\/wp\/v2\/types\/page"}],"author":[{"embeddable":true,"href":"https:\/\/portaldoservidor.hortolandia.sp.gov.br\/index.php\/wp-json\/wp\/v2\/users\/1"}],"replies":[{"embeddable":true,"href":"https:\/\/portaldoservidor.hortolandia.sp.gov.br\/index.php\/wp-json\/wp\/v2\/comments?post=1686"}],"version-history":[{"count":3,"href":"https:\/\/portaldoservidor.hortolandia.sp.gov.br\/index.php\/wp-json\/wp\/v2\/pages\/1686\/revisions"}],"predecessor-version":[{"id":23875,"href":"https:\/\/portaldoservidor.hortolandia.sp.gov.br\/index.php\/wp-json\/wp\/v2\/pages\/1686\/revisions\/23875"}],"wp:attachment":[{"href":"https:\/\/portaldoservidor.hortolandia.sp.gov.br\/index.php\/wp-json\/wp\/v2\/media?parent=1686"}],"curies":[{"name":"wp","href":"https:\/\/api.w.org\/{rel}","templated":true}]}}