{"id":2103,"date":"2021-05-31T14:02:50","date_gmt":"2021-05-31T17:02:50","guid":{"rendered":"https:\/\/portaldoservidor.hortolandia.sp.gov.br\/?page_id=2103"},"modified":"2025-01-22T16:29:52","modified_gmt":"2025-01-22T19:29:52","slug":"cadastro-de-alunas-e-alunos","status":"publish","type":"page","link":"https:\/\/portaldoservidor.hortolandia.sp.gov.br\/index.php\/cadastro-de-alunas-e-alunos\/","title":{"rendered":"Cadastro de Alunas e Alunos"},"content":{"rendered":"\t\t<div data-elementor-type=\"wp-page\" data-elementor-id=\"2103\" class=\"elementor elementor-2103\" data-elementor-settings=\"{&quot;ha_cmc_init_switcher&quot;:&quot;no&quot;}\">\n\t\t\t\t<div class=\"elementor-element elementor-element-12075cca e-flex e-con-boxed wpr-particle-no wpr-jarallax-no wpr-parallax-no wpr-sticky-section-no e-con e-parent\" data-id=\"12075cca\" data-element_type=\"container\" data-e-type=\"container\" data-settings=\"{&quot;_ha_eqh_enable&quot;:false}\">\n\t\t\t\t\t<div class=\"e-con-inner\">\n\t\t\t\t<div class=\"elementor-element elementor-element-6b245b4a exad-sticky-section-no exad-glass-effect-no elementor-widget elementor-widget-text-editor\" data-id=\"6b245b4a\" data-element_type=\"widget\" data-e-type=\"widget\" data-widget_type=\"text-editor.default\">\n\t\t\t\t<div class=\"elementor-widget-container\">\n\t\t\t\t\t\t\t\t\t\n<p class=\"has-normal-font-size\">Voc\u00ea pode acessar a <strong>Plataforma Moodle<\/strong> e realizar seu cadastro, mesmo que no momento n\u00e3o tenha cursos em aberto do seu interesse.<\/p>\n\n<p class=\"has-normal-font-size\">Se voc\u00ea j\u00e1 \u00e9 nosso aluno ou aluna, voc\u00ea com certeza j\u00e1 fez estes passos:<\/p>\n\n<p class=\"has-normal-font-size\">O cadastro \u00e9 muito importante, pois seu acesso como aluno e aluna aos cursos, ser\u00e3o realizados pela plataforma, ent\u00e3o se ainda n\u00e3o fez, fa\u00e7a agora seguindo as seguintes orienta\u00e7\u00f5es:<\/p>\n\n<ul class=\"has-normal-font-size wp-block-list\">\n<li>Acesse a Plataforma Moodle;<\/li>\n<li>Na Plataforma da EGPH, clique em<strong> &#8220;Acessar&#8221;;<\/strong><\/li>\n<\/ul>\n\n<figure class=\"wp-block-image is-resized\"><img fetchpriority=\"high\" decoding=\"async\" class=\"aligncenter\" src=\"https:\/\/portaldoservidor.hortolandia.sp.gov.br\/wp-content\/uploads\/2021\/05\/m1.jpg\" alt=\"\" width=\"717\" height=\"375\" \/><\/figure>\n\n<ul class=\"has-normal-font-size wp-block-list\">\n<li>Voc\u00ea ser\u00e1 direcionado\/direcionada para essa p\u00e1gina, agora na parte &#8220;Esta \u00e9 sua primeira vez aqui?&#8221;, clique em <strong>&#8220;criar uma conta&#8221;;<\/strong><\/li>\n<\/ul>\n\n<div class=\"wp-block-group\">\n<div class=\"wp-block-group__inner-container is-layout-flow wp-block-group-is-layout-flow\">\n<div class=\"wp-block-group\">\n<div class=\"wp-block-group__inner-container is-layout-flow wp-block-group-is-layout-flow\">\n<figure class=\"wp-block-image size-large\"><img decoding=\"async\" class=\"wp-image-2138 aligncenter\" src=\"https:\/\/portaldoservidor.hortolandia.sp.gov.br\/wp-content\/uploads\/2021\/05\/m4.png\" alt=\"\" \/><\/figure>\n<\/div>\n<\/div>\n<\/div>\n<\/div>\n\n<ul class=\"has-normal-font-size wp-block-list\">\n<li>Nessa pr\u00f3xima p\u00e1gina, voc\u00ea digitar\u00e1 seus dados, criar\u00e1 senha e ter\u00e1 sua conta para acessar como aluno\/aluna na nossa plataforma de cursos:<\/li>\n<\/ul>\n\n<figure class=\"wp-block-image size-large is-resized is-style-default\"><img decoding=\"async\" class=\"wp-image-2137 aligncenter\" src=\"https:\/\/portaldoservidor.hortolandia.sp.gov.br\/wp-content\/uploads\/2021\/05\/m3.png\" alt=\"\" width=\"606\" height=\"583\" \/><\/figure>\n\n<ul class=\"has-normal-font-size wp-block-list\">\n<li>Seja bem-vindo e bem-vinda \u00e0 nossa Plataforma de Cursos! <a href=\"http:\/\/moodle.hortolandia.sp.gov.br\/\" target=\"_blank\" rel=\"noreferrer noopener\" data-type=\"URL\" data-id=\"http:\/\/moodle.hortolandia.sp.gov.br\/\">http:\/\/moodle.hortolandia.<\/a><a href=\"http:\/\/moodle.hortolandia.sp.gov.br\/\" data-type=\"URL\" data-id=\"http:\/\/moodle.hortolandia.sp.gov.br\/\">sp.gov.br<\/a><\/li>\n<\/ul>\n\n<p>\u00a0<\/p>\n\t\t\t\t\t\t\t\t<\/div>\n\t\t\t\t<\/div>\n\t\t\t\t\t<\/div>\n\t\t\t\t<\/div>\n\t\t\t\t<\/div>\n\t\t","protected":false},"excerpt":{"rendered":"<p>Voc\u00ea pode acessar a Plataforma Moodle e realizar seu cadastro, mesmo que no momento n\u00e3o tenha cursos em aberto do seu interesse. Se voc\u00ea j\u00e1&hellip;<\/p>\n","protected":false},"author":1,"featured_media":2115,"parent":0,"menu_order":0,"comment_status":"closed","ping_status":"closed","template":"","meta":{"footnotes":""},"class_list":["post-2103","page","type-page","status-publish","has-post-thumbnail","hentry"],"_links":{"self":[{"href":"https:\/\/portaldoservidor.hortolandia.sp.gov.br\/index.php\/wp-json\/wp\/v2\/pages\/2103","targetHints":{"allow":["GET"]}}],"collection":[{"href":"https:\/\/portaldoservidor.hortolandia.sp.gov.br\/index.php\/wp-json\/wp\/v2\/pages"}],"about":[{"href":"https:\/\/portaldoservidor.hortolandia.sp.gov.br\/index.php\/wp-json\/wp\/v2\/types\/page"}],"author":[{"embeddable":true,"href":"https:\/\/portaldoservidor.hortolandia.sp.gov.br\/index.php\/wp-json\/wp\/v2\/users\/1"}],"replies":[{"embeddable":true,"href":"https:\/\/portaldoservidor.hortolandia.sp.gov.br\/index.php\/wp-json\/wp\/v2\/comments?post=2103"}],"version-history":[{"count":3,"href":"https:\/\/portaldoservidor.hortolandia.sp.gov.br\/index.php\/wp-json\/wp\/v2\/pages\/2103\/revisions"}],"predecessor-version":[{"id":23799,"href":"https:\/\/portaldoservidor.hortolandia.sp.gov.br\/index.php\/wp-json\/wp\/v2\/pages\/2103\/revisions\/23799"}],"wp:featuredmedia":[{"embeddable":true,"href":"https:\/\/portaldoservidor.hortolandia.sp.gov.br\/index.php\/wp-json\/"}],"wp:attachment":[{"href":"https:\/\/portaldoservidor.hortolandia.sp.gov.br\/index.php\/wp-json\/wp\/v2\/media?parent=2103"}],"curies":[{"name":"wp","href":"https:\/\/api.w.org\/{rel}","templated":true}]}}