{"id":2269,"date":"2021-06-01T01:39:03","date_gmt":"2021-06-01T04:39:03","guid":{"rendered":"https:\/\/portaldoservidor.hortolandia.sp.gov.br\/?page_id=2269"},"modified":"2021-06-01T01:39:03","modified_gmt":"2021-06-01T04:39:03","slug":"atividades-vinculadas-a-egph","status":"publish","type":"page","link":"https:\/\/portaldoservidor.hortolandia.sp.gov.br\/index.php\/atividades-vinculadas-a-egph\/","title":{"rendered":"Atividades Vinculadas \u00e0 EGPH"},"content":{"rendered":"\n<p><\/p>\n\n\n\n<p><\/p>\n\n\n\n<h1 class=\"kt-adv-heading_6f3c4a-d7 wp-block-kadence-advancedheading has-herald-acc-color has-text-color\" data-kb-block=\"kb-adv-heading_6f3c4a-d7\">TORNEIO DE V\u00d4LEI 4X4 PARA SERVIDORES<\/h1>\n\n\n\n<p><\/p>\n\n\n\n<div class=\"wp-block-group\"><div class=\"wp-block-group__inner-container is-layout-flow wp-block-group-is-layout-flow\">\n<div class=\"wp-block-columns is-layout-flex wp-container-core-columns-is-layout-9d6595d7 wp-block-columns-is-layout-flex\">\n<div class=\"wp-block-column is-layout-flow wp-block-column-is-layout-flow\">\n<h5 class=\"has-text-align-left has-huge-font-size wp-block-heading\">Para comemorar os 32 anos de Hortol\u00e2ndia, a Prefeitura organiza o 1\u00ba Torneio Misto de V\u00f4lei 4&#215;4 para servidores municipais. O torneio ser\u00e1 realizado no s\u00e1bado (27\/05), \u00e0s 8h, na nova quadra de areia que fica dentro das estruturas modernizadas do Complexo Poliesportivo &#8220;Nelson Cancian&#8221;, localizado no Jardim Nova Hortol\u00e2ndia. Podem ser inscritos at\u00e9 06 (seis) participantes por secretaria da Administra\u00e7\u00e3o Municipal. Em cada categoria (Feminino \/ Masculino) \u00e9 necess\u00e1rio um n\u00famero m\u00ednimo de quatro atletas, sendo dois homens e duas mulheres. A faixa et\u00e1ria \u00e9 livre. A a\u00e7\u00e3o \u00e9 fruto da parceria entre as Secretarias de Administra\u00e7\u00e3o e Esporte e Lazer.<\/h5>\n\n\n\n<h5 class=\"has-text-align-left has-huge-font-size wp-block-heading\">As inscri\u00e7\u00f5es podem ser realizadas, at\u00e9 o dia <strong>23 de maio<\/strong>, pelo seguinte link:<\/h5>\n\n\n\n<p class=\"has-text-align-center has-huge-font-size\"> <a href=\"https:\/\/docs.google.com\/forms\/d\/e\/1FAIpQLSfh2hZyeU0HDC_LGK8FUTb9q6ygwFh9HzPLiuNRmqzNkOb1Fw\/viewform\" data-type=\"URL\" target=\"_blank\" rel=\"noreferrer noopener\">https:\/\/forms.gle\/GvjAmv4Qq8TgDm1Y9 <\/a><a rel=\"noreferrer noopener\" href=\"https:\/\/docs.google.com\/forms\/d\/e\/1FAIpQLSfh2hZyeU0HDC_LGK8FUTb9q6ygwFh9HzPLiuNRmqzNkOb1Fw\/viewform\" data-type=\"URL\" target=\"_blank\">.<\/a><\/p>\n\n\n\n<p><\/p>\n\n\n\n<p class=\"has-huge-font-size\">No formul\u00e1rio os participantes devem informar o nome de um respons\u00e1vel pela equipe, nomes dos participantes e n\u00fameros de matr\u00edcula de cada servidor, al\u00e9m da cria\u00e7\u00e3o de um nome para a equipe. Campe\u00e3o e vice-campe\u00e3o ser\u00e3o premiados com trof\u00e9us.<\/p>\n\n\n\n<p class=\"has-huge-font-size\"><\/p>\n<\/div>\n<\/div>\n<\/div><\/div>\n\n\n\n<figure class=\"wp-block-video\"><video controls src=\"https:\/\/portaldoservidor.hortolandia.sp.gov.br\/wp-content\/uploads\/2023\/05\/WhatsApp-Video-2023-05-15-at-09.03.34-2.mp4\"><\/video><\/figure>\n","protected":false},"excerpt":{"rendered":"<p>Para comemorar os 32 anos de Hortol\u00e2ndia, a Prefeitura organiza o 1\u00ba Torneio Misto de V\u00f4lei 4&#215;4 para servidores municipais. O torneio ser\u00e1 realizado no&hellip;<\/p>\n","protected":false},"author":1,"featured_media":0,"parent":0,"menu_order":0,"comment_status":"closed","ping_status":"closed","template":"","meta":{"footnotes":""},"class_list":["post-2269","page","type-page","status-publish","hentry"],"_links":{"self":[{"href":"https:\/\/portaldoservidor.hortolandia.sp.gov.br\/index.php\/wp-json\/wp\/v2\/pages\/2269","targetHints":{"allow":["GET"]}}],"collection":[{"href":"https:\/\/portaldoservidor.hortolandia.sp.gov.br\/index.php\/wp-json\/wp\/v2\/pages"}],"about":[{"href":"https:\/\/portaldoservidor.hortolandia.sp.gov.br\/index.php\/wp-json\/wp\/v2\/types\/page"}],"author":[{"embeddable":true,"href":"https:\/\/portaldoservidor.hortolandia.sp.gov.br\/index.php\/wp-json\/wp\/v2\/users\/1"}],"replies":[{"embeddable":true,"href":"https:\/\/portaldoservidor.hortolandia.sp.gov.br\/index.php\/wp-json\/wp\/v2\/comments?post=2269"}],"version-history":[{"count":0,"href":"https:\/\/portaldoservidor.hortolandia.sp.gov.br\/index.php\/wp-json\/wp\/v2\/pages\/2269\/revisions"}],"wp:attachment":[{"href":"https:\/\/portaldoservidor.hortolandia.sp.gov.br\/index.php\/wp-json\/wp\/v2\/media?parent=2269"}],"curies":[{"name":"wp","href":"https:\/\/api.w.org\/{rel}","templated":true}]}}