{"id":2282,"date":"2021-06-01T03:05:18","date_gmt":"2021-06-01T06:05:18","guid":{"rendered":"https:\/\/portaldoservidor.hortolandia.sp.gov.br\/?page_id=2282"},"modified":"2025-01-17T15:45:54","modified_gmt":"2025-01-17T18:45:54","slug":"linhas-de-desenvolvimento-do-procap","status":"publish","type":"page","link":"https:\/\/portaldoservidor.hortolandia.sp.gov.br\/index.php\/linhas-de-desenvolvimento-do-procap\/","title":{"rendered":"Linhas de Desenvolvimento do PROCAP"},"content":{"rendered":"\t\t<div data-elementor-type=\"wp-page\" data-elementor-id=\"2282\" class=\"elementor elementor-2282\" data-elementor-settings=\"{&quot;ha_cmc_init_switcher&quot;:&quot;no&quot;}\">\n\t\t\t\t<div class=\"elementor-element elementor-element-66e641c1 e-flex e-con-boxed wpr-particle-no wpr-jarallax-no wpr-parallax-no wpr-sticky-section-no e-con e-parent\" data-id=\"66e641c1\" data-element_type=\"container\" data-e-type=\"container\" data-settings=\"{&quot;_ha_eqh_enable&quot;:false}\">\n\t\t\t\t\t<div class=\"e-con-inner\">\n\t\t\t\t<div class=\"elementor-element elementor-element-3f6cdf1e exad-sticky-section-no exad-glass-effect-no elementor-widget elementor-widget-text-editor\" data-id=\"3f6cdf1e\" data-element_type=\"widget\" data-e-type=\"widget\" data-widget_type=\"text-editor.default\">\n\t\t\t\t<div class=\"elementor-widget-container\">\n\t\t\t\t\t\t\t\t\t\n<p class=\"has-normal-font-size\">As <strong>Linhas de Desenvolvimento do Programa de Capacita\u00e7\u00e3o e Aperfei\u00e7oamento dos servidores municipais de Hortol\u00e2ndia [PROCAP]<\/strong> s\u00e3o, em s\u00edntese, campos espec\u00edficos de forma\u00e7\u00e3o que sistematizam e determinam os espa\u00e7os formativos e atividades a serem desenvolvidas no programa de capacita\u00e7\u00e3o. S\u00e3o, tamb\u00e9m, <strong>instrumentos de gest\u00e3o<\/strong> que visam \u00e0 classifica\u00e7\u00e3o e \u00e0 garantia de coer\u00eancia e abrang\u00eancia das atividades implantadas, al\u00e9m de determinar a amplitude das a\u00e7\u00f5es e os desafios a atingir.<\/p>\n<p class=\"has-normal-font-size\">A formula\u00e7\u00e3o dos <strong>programas, projetos e a\u00e7\u00f5es de capacita\u00e7\u00e3o<\/strong> realizada \u00e2mbito das linhas de desenvolvimento organiza melhor o planejamento das a\u00e7\u00f5es de forma\u00e7\u00e3o e permite preparar e aplicar conte\u00fados horizontais ou n\u00e3o, necess\u00e1rios a todas as \u00e1reas de atua\u00e7\u00e3o.<\/p>\n\n<figure class=\"wp-block-image size-large is-resized\"><img fetchpriority=\"high\" decoding=\"async\" class=\"wp-image-2283 aligncenter\" src=\"https:\/\/portaldoservidor.hortolandia.sp.gov.br\/wp-content\/uploads\/2021\/06\/Linhas-de-Desenv-EGPH.jpg\" alt=\"\" width=\"960\" height=\"529\" \/><\/figure>\n\n<p class=\"has-normal-font-size\"><strong>Observa\u00e7\u00e3o importante:<\/strong> entende-se como desenvolvimento intersetorial a interface dos v\u00e1rios campos do saber e do conhecimento.<\/p>\n\t\t\t\t\t\t\t\t<\/div>\n\t\t\t\t<\/div>\n\t\t\t\t\t<\/div>\n\t\t\t\t<\/div>\n\t\t\t\t<\/div>\n\t\t","protected":false},"excerpt":{"rendered":"<p>As Linhas de Desenvolvimento do Programa de Capacita\u00e7\u00e3o e Aperfei\u00e7oamento dos servidores municipais de Hortol\u00e2ndia [PROCAP] s\u00e3o, em s\u00edntese, campos espec\u00edficos de forma\u00e7\u00e3o que sistematizam&hellip;<\/p>\n","protected":false},"author":1,"featured_media":0,"parent":0,"menu_order":0,"comment_status":"closed","ping_status":"closed","template":"","meta":{"footnotes":""},"class_list":["post-2282","page","type-page","status-publish","hentry"],"_links":{"self":[{"href":"https:\/\/portaldoservidor.hortolandia.sp.gov.br\/index.php\/wp-json\/wp\/v2\/pages\/2282","targetHints":{"allow":["GET"]}}],"collection":[{"href":"https:\/\/portaldoservidor.hortolandia.sp.gov.br\/index.php\/wp-json\/wp\/v2\/pages"}],"about":[{"href":"https:\/\/portaldoservidor.hortolandia.sp.gov.br\/index.php\/wp-json\/wp\/v2\/types\/page"}],"author":[{"embeddable":true,"href":"https:\/\/portaldoservidor.hortolandia.sp.gov.br\/index.php\/wp-json\/wp\/v2\/users\/1"}],"replies":[{"embeddable":true,"href":"https:\/\/portaldoservidor.hortolandia.sp.gov.br\/index.php\/wp-json\/wp\/v2\/comments?post=2282"}],"version-history":[{"count":6,"href":"https:\/\/portaldoservidor.hortolandia.sp.gov.br\/index.php\/wp-json\/wp\/v2\/pages\/2282\/revisions"}],"predecessor-version":[{"id":23451,"href":"https:\/\/portaldoservidor.hortolandia.sp.gov.br\/index.php\/wp-json\/wp\/v2\/pages\/2282\/revisions\/23451"}],"wp:attachment":[{"href":"https:\/\/portaldoservidor.hortolandia.sp.gov.br\/index.php\/wp-json\/wp\/v2\/media?parent=2282"}],"curies":[{"name":"wp","href":"https:\/\/api.w.org\/{rel}","templated":true}]}}