{"id":2309,"date":"2021-06-01T03:40:51","date_gmt":"2021-06-01T06:40:51","guid":{"rendered":"https:\/\/portaldoservidor.hortolandia.sp.gov.br\/?page_id=2309"},"modified":"2025-01-22T15:25:16","modified_gmt":"2025-01-22T18:25:16","slug":"classificacao-e-duracao-das-atividades-do-procap","status":"publish","type":"page","link":"https:\/\/portaldoservidor.hortolandia.sp.gov.br\/index.php\/classificacao-e-duracao-das-atividades-do-procap\/","title":{"rendered":"Classifica\u00e7\u00e3o e dura\u00e7\u00e3o das Atividades"},"content":{"rendered":"\t\t<div data-elementor-type=\"wp-page\" data-elementor-id=\"2309\" class=\"elementor elementor-2309\" data-elementor-settings=\"{&quot;ha_cmc_init_switcher&quot;:&quot;no&quot;}\">\n\t\t\t\t<div class=\"elementor-element elementor-element-4cb291b1 e-flex e-con-boxed wpr-particle-no wpr-jarallax-no wpr-parallax-no wpr-sticky-section-no e-con e-parent\" data-id=\"4cb291b1\" data-element_type=\"container\" data-e-type=\"container\" data-settings=\"{&quot;_ha_eqh_enable&quot;:false}\">\n\t\t\t\t\t<div class=\"e-con-inner\">\n\t\t\t\t<div class=\"elementor-element elementor-element-6e16dbc5 exad-sticky-section-no exad-glass-effect-no elementor-widget elementor-widget-text-editor\" data-id=\"6e16dbc5\" data-element_type=\"widget\" data-e-type=\"widget\" data-widget_type=\"text-editor.default\">\n\t\t\t\t<div class=\"elementor-widget-container\">\n\t\t\t\t\t\t\t\t\t\n<div id=\"block-e8d080ae-e19a-4e7d-8aef-d478716df4f0\" class=\"wp-block-image\">\n<figure class=\"alignright is-resized\"><img fetchpriority=\"high\" decoding=\"async\" class=\"aligncenter\" src=\"https:\/\/portaldoservidor.hortolandia.sp.gov.br\/wp-content\/uploads\/2021\/06\/Linhas-de-Desenv-II-EGPH-3.jpg\" alt=\"O atributo alt desta imagem est\u00e1 vazio. O nome do arquivo \u00e9 Linhas-de-Desenv-II-EGPH-3.jpg\" width=\"518\" height=\"438\" data-wp-editing=\"1\" \/><\/figure>\n<\/div>\n\n<p>\u00a0<\/p>\n\n<h3 class=\"wp-block-heading\">\u00a0<\/h3>\n<h3><strong>Classifica\u00e7\u00e3o das quanto<\/strong> \u00e0s Linhas de Desenvolvimento<\/h3>\n\n<p class=\"has-normal-font-size\">Os cursos e atividades da EGPH s\u00e3o organizados e classificados segundo as linhas de desenvolvimento de forma a propiciar a complementaridade destas, visando a um c\u00edrculo virtuoso de capacita\u00e7\u00e3o e forma\u00e7\u00e3o, com sentido de totalidade, em busca da qualidade social no cumprimento da fun\u00e7\u00e3o social.<\/p>\n\n<h3 class=\"wp-block-heading\"><strong>Classifica\u00e7\u00e3o das quanto \u00e0 dura\u00e7\u00e3o do curso ou atividade<\/strong><\/h3>\n\n<ul class=\"has-normal-font-size wp-block-list\">\n<li><strong>I \u2013<\/strong> De <strong>curta<\/strong> dura\u00e7\u00e3o: aquelas com carga hor\u00e1ria igual ou inferior a 60 (sessenta) horas;<\/li>\n<li><strong>II \u2013<\/strong> De <strong>m\u00e9dia<\/strong> dura\u00e7\u00e3o: aquelas com carga hor\u00e1ria de 61 (sessenta e uma) horas a 180 (cento e oitenta) horas;<\/li>\n<li><strong>III \u2013<\/strong> De <strong>longa<\/strong> dura\u00e7\u00e3o: aquelas com carga hor\u00e1ria superior a 180 (cento e oitenta) horas.<\/li>\n<\/ul>\n\n<p>\u00a0<\/p>\n\t\t\t\t\t\t\t\t<\/div>\n\t\t\t\t<\/div>\n\t\t\t\t\t<\/div>\n\t\t\t\t<\/div>\n\t\t\t\t<\/div>\n\t\t","protected":false},"excerpt":{"rendered":"<p>\u00a0 \u00a0 Classifica\u00e7\u00e3o das quanto \u00e0s Linhas de Desenvolvimento Os cursos e atividades da EGPH s\u00e3o organizados e classificados segundo as linhas de desenvolvimento de&hellip;<\/p>\n","protected":false},"author":1,"featured_media":0,"parent":0,"menu_order":0,"comment_status":"closed","ping_status":"closed","template":"","meta":{"footnotes":""},"class_list":["post-2309","page","type-page","status-publish","hentry"],"_links":{"self":[{"href":"https:\/\/portaldoservidor.hortolandia.sp.gov.br\/index.php\/wp-json\/wp\/v2\/pages\/2309","targetHints":{"allow":["GET"]}}],"collection":[{"href":"https:\/\/portaldoservidor.hortolandia.sp.gov.br\/index.php\/wp-json\/wp\/v2\/pages"}],"about":[{"href":"https:\/\/portaldoservidor.hortolandia.sp.gov.br\/index.php\/wp-json\/wp\/v2\/types\/page"}],"author":[{"embeddable":true,"href":"https:\/\/portaldoservidor.hortolandia.sp.gov.br\/index.php\/wp-json\/wp\/v2\/users\/1"}],"replies":[{"embeddable":true,"href":"https:\/\/portaldoservidor.hortolandia.sp.gov.br\/index.php\/wp-json\/wp\/v2\/comments?post=2309"}],"version-history":[{"count":3,"href":"https:\/\/portaldoservidor.hortolandia.sp.gov.br\/index.php\/wp-json\/wp\/v2\/pages\/2309\/revisions"}],"predecessor-version":[{"id":23759,"href":"https:\/\/portaldoservidor.hortolandia.sp.gov.br\/index.php\/wp-json\/wp\/v2\/pages\/2309\/revisions\/23759"}],"wp:attachment":[{"href":"https:\/\/portaldoservidor.hortolandia.sp.gov.br\/index.php\/wp-json\/wp\/v2\/media?parent=2309"}],"curies":[{"name":"wp","href":"https:\/\/api.w.org\/{rel}","templated":true}]}}