{"id":23101,"date":"2025-01-14T11:49:33","date_gmt":"2025-01-14T14:49:33","guid":{"rendered":"https:\/\/portaldoservidor.hortolandia.sp.gov.br\/index.php\/cesta-basica-regras-e-adesao-ao-beneficio\/"},"modified":"2025-02-05T11:03:51","modified_gmt":"2025-02-05T14:03:51","slug":"cesta-basica-regras-e-adesao-ao-beneficio","status":"publish","type":"page","link":"https:\/\/portaldoservidor.hortolandia.sp.gov.br\/index.php\/cesta-basica-regras-e-adesao-ao-beneficio\/","title":{"rendered":"Cesta B\u00e1sica: Regras e Ades\u00e3o ao Benef\u00edcio"},"content":{"rendered":"\t\t<div data-elementor-type=\"wp-page\" data-elementor-id=\"23101\" class=\"elementor elementor-23101\" data-elementor-settings=\"{&quot;ha_cmc_init_switcher&quot;:&quot;no&quot;}\">\n\t\t\t\t<div class=\"elementor-element elementor-element-41db1f32 e-flex e-con-boxed wpr-particle-no wpr-jarallax-no wpr-parallax-no wpr-sticky-section-no e-con e-parent\" data-id=\"41db1f32\" data-element_type=\"container\" data-e-type=\"container\" data-settings=\"{&quot;_ha_eqh_enable&quot;:false}\">\n\t\t\t\t\t<div class=\"e-con-inner\">\n\t\t\t\t<div class=\"elementor-element elementor-element-38050c86 exad-sticky-section-no exad-glass-effect-no elementor-widget elementor-widget-text-editor\" data-id=\"38050c86\" data-element_type=\"widget\" data-e-type=\"widget\" data-widget_type=\"text-editor.default\">\n\t\t\t\t<div class=\"elementor-widget-container\">\n\t\t\t\t\t\t\t\t\t\n<p class=\"has-normal-font-size\">O aux\u00edlio alimenta\u00e7\u00e3o na modalidade <strong>cesta b\u00e1sica com valor subsidiado \u00e9 um benef\u00edcio criado pela <a href=\"https:\/\/sapl.hortolandia.sp.leg.br\/pysc\/download_norma_pysc?cod_norma=1275&amp;texto_original=1\">Lei Municipal n\u00ba 597\/1997<\/a><\/strong>, que ser\u00e1 concedido mediante o pagamento de parte do custo pelas servidoras e pelos servidores, desde que estes tenham aderido voluntariamente.<\/p>\n\n<h3 class=\"wp-block-heading has-text-align-center\"><strong>Leia com aten\u00e7\u00e3o as regras do benef\u00edcio e se desejar, fa\u00e7a a ades\u00e3o na forma da instru\u00e7\u00e3o.<\/strong><\/h3>\n\n<ul class=\"has-normal-font-size wp-block-list\">\n<li><strong>Quem tem direito ao benef\u00edcio?<\/strong>\n<ul class=\"wp-block-list\">\n<li>As servidoras e os servidores p\u00fablicos municipais:\n<ul class=\"wp-block-list\">\n<li>em cargo de provimento efetivo e do regime estatut\u00e1rio da <a href=\"https:\/\/sapl.hortolandia.sp.leg.br\/pysc\/download_norma_pysc?cod_norma=4&amp;texto_original=1\">Lei Municipal n\u00ba 2004\/2008<\/a>;<\/li>\n\n<li>em emprego de provimento efetivo e do regime da CLT, com contrato por tempo indeterminado;<\/li>\n\n<li>em cargo de provimento em comiss\u00e3o e do regime estatut\u00e1rio da Lei Municipal n\u00ba 2004\/2008; e,<\/li>\n\n<li>contratados em raz\u00e3o de excepcional interesse p\u00fablico, com contrato por tempo determinado; e,<\/li>\n<\/ul>\n<\/li>\n\n<li>Os conselheiros tutelares ap\u00f3s a posse e na vig\u00eancia do mandato.<\/li>\n<\/ul>\n<\/li>\n<\/ul>\n<ul class=\"has-normal-font-size\">\n<li><strong>Como \u00e9 calculado o desconto do servidor e subs\u00eddio municipal?<\/strong>\n<ul class=\"wp-block-list\">\n<li>O desconto \u00e9 realizado a partir do primeiro recebimento\/retirada do referido benef\u00edcio, com base nos vencimentos respeitando as faixas salariais conforme tabela abaixo, que pode ser alterada a qualquer momento sem aviso pr\u00e9vio de acordo com a altera\u00e7\u00e3o da legisla\u00e7\u00e3o vigente.<\/li>\n\n<li><strong>A servidora ou o servidor que solicitar o benef\u00edcio participa do seu custeio a partir do primeiro recebimento ou retirada, mediante desconto em folha de um dos valores constantes da tabela abaixo em raz\u00e3o do valor do seu vencimento base.<\/strong><\/li>\n\n<li><strong>O desconto em folha ocorrer\u00e1 no m\u00eas seguinte da primeira retirada ou recebimento.<\/strong><\/li>\n\n<li><strong>A administra\u00e7\u00e3o municipal custear\u00e1 a diferen\u00e7a necess\u00e1ria para cobrir o total da despesa<\/strong>.<\/li>\n<\/ul>\n<\/li>\n<\/ul>\n\n<figure class=\"wp-block-image size-full\"><img decoding=\"async\" class=\"wp-image-4358 aligncenter\" src=\"https:\/\/portaldoservidor.hortolandia.sp.gov.br\/wp-content\/uploads\/2023\/10\/cestabasica.png\" alt=\"\" \/><\/figure>\n\n<div class=\"wp-block-file\"><a id=\"wp-block-file--media-52c43811-442f-4130-b0dc-14c7aeba87a0\" href=\"https:\/\/portaldoservidor.hortolandia.sp.gov.br\/wp-content\/uploads\/2023\/10\/1989.pdf\">Lei 4195 &#8211; Lei da Cesta B\u00e1sica<\/a><a class=\"wp-block-file__button wp-element-button\" href=\"https:\/\/portaldoservidor.hortolandia.sp.gov.br\/wp-content\/uploads\/2023\/10\/1989.pdf\" download=\"\" aria-describedby=\"wp-block-file--media-52c43811-442f-4130-b0dc-14c7aeba87a0\">Baixar<\/a><\/div>\n\n<ul class=\"wp-block-list\">\n<li><strong>Qual a rela\u00e7\u00e3o de produtos contidos da Cesta B\u00e1sica?<\/strong>\n<ul class=\"wp-block-list\">\n<li>A cesta b\u00e1sica \u00e9 composta de 41 itens de produtos &#8211; 33 aliment\u00edcios e 8 de limpeza e higiene &#8211; listados na tabela abaixo com as quantidades, tipos de embalagem e marca, conforme o contrato em vigor.<\/li>\n<\/ul>\n<\/li>\n<\/ul>\n\n<div class=\"wp-block-kadence-accordion alignnone\">\n<div class=\"kt-accordion-wrap kt-accordion-id972_2d65b1-9c kt-accordion-has-2-panes kt-active-pane-0 kt-accordion-block kt-pane-header-alignment-left kt-accodion-icon-style-basic kt-accodion-icon-side-right\" style=\"max-width: 957px;\">\n<div class=\"kt-accordion-inner-wrap\" data-allow-multiple-open=\"false\" data-start-open=\"none\">\n<div class=\"wp-block-kadence-pane kt-accordion-pane kt-accordion-pane-1 kt-pane972_83f468-57\">\n<div class=\"kt-accordion-header-wrap\"><button class=\"kt-blocks-accordion-header kt-acccordion-button-label-show\"><span class=\"kt-blocks-accordion-title-wrap\"><span class=\"kt-blocks-accordion-title\">Rela\u00e7\u00e3o de Produtos da Cesta B\u00e1sica &#8211; Atualizado em Junho \/ 2023<\/span><\/span><\/button><\/div>\n<div class=\"kt-accordion-panel\">\n<div class=\"kt-accordion-panel-inner\">\n<figure class=\"wp-block-table\">\n<table>\n<tbody>\n<tr>\n<td>Item<\/td>\n<td>Qtd<\/td>\n<td>Und<\/td>\n<td>Descri\u00e7\u00e3o<\/td>\n<td>Embalagem<\/td>\n<td>Marca<\/td>\n<\/tr>\n<tr>\n<td>1<\/td>\n<td>10<\/td>\n<td>kg<\/td>\n<td>Arroz, polido, longo fino, Tipo 1.<\/td>\n<td>Pacotes 5 kg<\/td>\n<td>GR\u00c3O MAXIMO<\/td>\n<\/tr>\n<tr>\n<td>2<\/td>\n<td>3<\/td>\n<td>kg<\/td>\n<td>Feij\u00e3o carioca novo, limpo, Tipo 1.\u00a0<\/td>\n<td>Pacotes 1 kg<\/td>\n<td>GR\u00c3O MAXIMO<\/td>\n<\/tr>\n<tr>\n<td>3<\/td>\n<td>1<\/td>\n<td>Unid<\/td>\n<td>Charque dianteiro.<\/td>\n<td>Unidade 400g<\/td>\n<td>CAMBU\u00cd<\/td>\n<\/tr>\n<tr>\n<td>4<\/td>\n<td>3<\/td>\n<td>kg<\/td>\n<td>A\u00e7\u00facar refinado especial.<\/td>\n<td>Pacotes 1 kg<\/td>\n<td>CARAVELAS<\/td>\n<\/tr>\n<tr>\n<td>5<\/td>\n<td>2<\/td>\n<td>Pct<\/td>\n<td>Caf\u00e9 em p\u00f3 torrado e mo\u00eddo.\u00a0<\/td>\n<td>Pacotes 500 gramas<\/td>\n<td>PEL\u00c9<\/td>\n<\/tr>\n<tr>\n<td>6<\/td>\n<td>3<\/td>\n<td>Fr<\/td>\n<td>\u00d3leo de soja refinado Tipo 1.\u00a0<\/td>\n<td>Frasco 900 ml<\/td>\n<td>COAMO<\/td>\n<\/tr>\n<tr>\n<td>7<\/td>\n<td>1<\/td>\n<td>Unid<\/td>\n<td>Azeite de oliva. De acordo<\/td>\n<td>Embal 200 ml<\/td>\n<td>TRADI\u00c7\u00c3O<\/td>\n<\/tr>\n<tr>\n<td>8<\/td>\n<td>1<\/td>\n<td>Pct<\/td>\n<td>Leite p\u00f3 integral instant\u00e2neo 400 g.\u00a0<\/td>\n<td>Pacotes 400 gramas<\/td>\n<td>MERCY<\/td>\n<\/tr>\n<tr>\n<td>9<\/td>\n<td>1<\/td>\n<td>Unid<\/td>\n<td>P\u00f3 Achocolatado.\u00a0<\/td>\n<td>Unidade 200 gramas<\/td>\n<td>NESCAU<\/td>\n<\/tr>\n<tr>\n<td>10<\/td>\n<td>1<\/td>\n<td>Unid<\/td>\n<td>Goiabada em barra.\u00a0<\/td>\n<td>Embalagem 300 gramas<\/td>\n<td>VAL<\/td>\n<\/tr>\n<tr>\n<td>11<\/td>\n<td>1<\/td>\n<td>Pct<\/td>\n<td>Macarr\u00e3o s\u00eamola com ovos Espaguete 8.<\/td>\n<td>Pacotes 500 gramas<\/td>\n<td>DONA BENTA<\/td>\n<\/tr>\n<tr>\n<td>12<\/td>\n<td>1<\/td>\n<td>Pct<\/td>\n<td>Macarr\u00e3o s\u00eamola parafuso.<br \/>De acordo com anexo I \u2013 Memorial Descritivo.<\/td>\n<td>Pacotes 500 gramas<\/td>\n<td>DONA BENTA<\/td>\n<\/tr>\n<tr>\n<td>13<\/td>\n<td>2<\/td>\n<td>Unid<\/td>\n<td>Molho de Tomate.\u00a0<\/td>\n<td>Unidade 300 gramas<\/td>\n<td>QUERO<\/td>\n<\/tr>\n<tr>\n<td>14<\/td>\n<td>1<\/td>\n<td>Fr.<\/td>\n<td>Suco concentrado.<\/td>\n<td>Embalagem 500 ml<\/td>\n<td>GRANVILLE<\/td>\n<\/tr>\n<tr>\n<td>15<\/td>\n<td>1<\/td>\n<td>Unid<\/td>\n<td>Maionese tipo tradicional.\u00a0<\/td>\n<td>Embalagem 250 gramas<\/td>\n<td>HELMMANS<\/td>\n<\/tr>\n<tr>\n<td>16<\/td>\n<td>1<\/td>\n<td>Unid<\/td>\n<td>Atum Ralado em \u00f3leo<\/td>\n<td>Latas 140 g<\/td>\n<td>PESCADOR<\/td>\n<\/tr>\n<tr>\n<td>17<\/td>\n<td>1<\/td>\n<td>Pct<\/td>\n<td>Farinha de trigo enriquecida com ferro e \u00e1cido f\u00f3lico.\u00a0<\/td>\n<td>Pacotes 1 kg<\/td>\n<td>DONA BENTA<\/td>\n<\/tr>\n<tr>\n<td>18<\/td>\n<td>1<\/td>\n<td>Pct<\/td>\n<td>Farinha de mandioca. .<\/td>\n<td>Pacotes 500 gramas<\/td>\n<td>MANI<\/td>\n<\/tr>\n<tr>\n<td>19<\/td>\n<td>1<\/td>\n<td>Pct<\/td>\n<td>Lentilha.\u00a0<\/td>\n<td>Pacotes 250 g<\/td>\n<td>KISABOR<\/td>\n<\/tr>\n<tr>\n<td>20<\/td>\n<td>1<\/td>\n<td>Pct<\/td>\n<td>Fuba de milho.\u00a0<\/td>\n<td>Pacotes 500 g<\/td>\n<td>SINH\u00c1<\/td>\n<\/tr>\n<tr>\n<td>21<\/td>\n<td>1<\/td>\n<td>Pct<\/td>\n<td>Biscoito cream cracker.\u00a0<\/td>\n<td>Pacotes minimo 160 gramas<\/td>\n<td>TRIUNFO<\/td>\n<\/tr>\n<tr>\n<td>22<\/td>\n<td>1<\/td>\n<td>Pct<\/td>\n<td>Biscoito tipo maizena<\/td>\n<td>Pacotes minimo 160 gramas<\/td>\n<td>TRIUNFO<\/td>\n<\/tr>\n<tr>\n<td>23<\/td>\n<td>1<\/td>\n<td>Pct<\/td>\n<td>Biscoito wafer.\u00a0<\/td>\n<td>Unidade 105 gramas<\/td>\n<td>TRIUNFO<\/td>\n<\/tr>\n<tr>\n<td>24<\/td>\n<td>1<\/td>\n<td>Unid<\/td>\n<td>Mistura para bolo.<\/td>\n<td>Embalagem 300 gramas<\/td>\n<td>DONA BENTA<\/td>\n<\/tr>\n<tr>\n<td>25<\/td>\n<td>2<\/td>\n<td>Cx<\/td>\n<td>P\u00f3 para gelatina.\u00a0<\/td>\n<td>Unidade 20 gramas<\/td>\n<td>APTI<\/td>\n<\/tr>\n<tr>\n<td>26<\/td>\n<td>1<\/td>\n<td>Pct<\/td>\n<td>Sal refinado.<\/td>\n<td>Pacote 1kg<\/td>\n<td>GAR\u00c7A<\/td>\n<\/tr>\n<tr>\n<td>27<\/td>\n<td>2<\/td>\n<td>Unid<\/td>\n<td>Tempero.\u00a0<\/td>\n<td>Unidade 5g<\/td>\n<td>KISABOR<\/td>\n<\/tr>\n<tr>\n<td>28<\/td>\n<td>1<\/td>\n<td>Unid<\/td>\n<td>Leite condensado.\u00a0<\/td>\n<td>Unidade 270g<\/td>\n<td>PIRACANJUBA<\/td>\n<\/tr>\n<tr>\n<td>29<\/td>\n<td>1<\/td>\n<td>Lata<\/td>\n<td>Milho verde.<\/td>\n<td>Unidade 170 gramas<\/td>\n<td>STELLA D\u00b4ORO<\/td>\n<\/tr>\n<tr>\n<td>30<\/td>\n<td>1<\/td>\n<td>Lata<\/td>\n<td>Ervilha.<\/td>\n<td>Unidade 170 gramas<\/td>\n<td>STELLA D\u00b4ORO<\/td>\n<\/tr>\n<tr>\n<td>31<\/td>\n<td>1<\/td>\n<td>Unid<\/td>\n<td>Creme de leite.\u00a0<\/td>\n<td>Unidade 200 gramas<\/td>\n<td>PIRACANJUBA<\/td>\n<\/tr>\n<tr>\n<td>32<\/td>\n<td>1<\/td>\n<td>Unid<\/td>\n<td>Azeitona verde.\u00a0<\/td>\n<td>Unidade 130 gramas<\/td>\n<td>CAMPO BELO<\/td>\n<\/tr>\n<tr>\n<td>33<\/td>\n<td>1<\/td>\n<td>Pct<\/td>\n<td>Milho para pipoca.\u00a0<\/td>\n<td>Pacote 500 gramas<\/td>\n<td>KISABOR<\/td>\n<\/tr>\n<tr>\n<td>34<\/td>\n<td>2<\/td>\n<td>Lata<\/td>\n<td>Sardinha.\u00a0<\/td>\n<td>Unidade 125g<\/td>\n<td>PESCADOR<\/td>\n<\/tr>\n<tr>\n<td>35<\/td>\n<td>1<\/td>\n<td>Unid<\/td>\n<td>Lava roupas em p\u00f3.<\/td>\n<td>Unidade 800g<\/td>\n<td>TIXAN<\/td>\n<\/tr>\n<tr>\n<td>36<\/td>\n<td>1<\/td>\n<td>Unid<\/td>\n<td>Sab\u00e3o em barra.\u00a0<\/td>\n<td>Unidade 900g<\/td>\n<td>YP\u00ca<\/td>\n<\/tr>\n<tr>\n<td>37<\/td>\n<td>1<\/td>\n<td>Unid<\/td>\n<td>Desinfetante.\u00a0<\/td>\n<td>Unidade 500ml<\/td>\n<td>MINUANO<\/td>\n<\/tr>\n<tr>\n<td>38<\/td>\n<td>2<\/td>\n<td>Unid<\/td>\n<td>Detergente liquido.\u00a0<\/td>\n<td>Unidade 500ml<\/td>\n<td>LIMPOL<\/td>\n<\/tr>\n<tr>\n<td>39<\/td>\n<td>1<\/td>\n<td>Unid<\/td>\n<td>Papel Higi\u00eanico.\u00a0<\/td>\n<td>Unidade 4 rolos de 30 metros<\/td>\n<td>PERSONAL<\/td>\n<\/tr>\n<tr>\n<td>40<\/td>\n<td>2<\/td>\n<td>Unid<\/td>\n<td>Creme dental.\u00a0<\/td>\n<td>Unidade 90g<\/td>\n<td>COLGATE<\/td>\n<\/tr>\n<tr>\n<td>41<\/td>\n<td>2<\/td>\n<td>Unid<\/td>\n<td>Sabonete.\u00a0<\/td>\n<td>Unidade 80g<\/td>\n<td>REXONA<\/td>\n<\/tr>\n<tr>\n<td>42<\/td>\n<td>1<\/td>\n<td>Unid<\/td>\n<td>Esponja multiuso.\u00a0<\/td>\n<td>Unidade<\/td>\n<td>ASSOLAN<\/td>\n<\/tr>\n<tr>\n<td>43<\/td>\n<td>2<\/td>\n<td>Unid<\/td>\n<td>1- Caixa de papel\u00e3o refor\u00e7ada<br \/>com Protect Box para os alimentos<br \/>e 1 caixa de papel\u00e3o para embalar<br \/>separadamente os produtos de limpeza.\u00a0<\/td>\n<td>Unidade<\/td>\n<td>FRUGIS<\/td>\n<\/tr>\n<\/tbody>\n<\/table>\n<\/figure>\n<\/div>\n<\/div>\n<\/div>\n<\/div>\n<\/div>\n<\/div>\n\n<h3 class=\"wp-block-heading has-text-align-center\"><strong>Importante: esse benef\u00edcio n\u00e3o pode ser concedido em pec\u00fania, ou seja, uma vez concedido, ser\u00e1 na forma de Cesta B\u00e1sica<\/strong>.<\/h3>\n\n<h3 class=\"wp-block-heading\">\u00a0<\/h3>\n<h3 class=\"wp-block-heading\"><strong>Como fazer a ades\u00e3o ao benef\u00edcio?<\/strong><\/h3>\n\n<p><strong>Se voc\u00ea deseja aderir ao benef\u00edcio, deve preencher o <span style=\"text-decoration: underline;\">Termo de Op\u00e7\u00e3o<\/span> que esta dispon\u00edvel abaixo e entrega-lo at\u00e9 o 20\u00ba dia do m\u00eas corrente para receber no m\u00eas seguinte.<\/strong><\/p>\n\n<div class=\"wp-block-file\"><a id=\"wp-block-file--media-f1a001a3-6236-4f3d-8282-4e91238bc1dd\" href=\"https:\/\/portaldoservidor.hortolandia.sp.gov.br\/wp-content\/uploads\/2021\/10\/Formulario_-_Cesta_Basica_-_Adesao_e_Alteracao_preenchivel.pdf\">Formul\u00e1rio_-_Cesta_Basica_-_Adesao_e_Altera\u00e7\u00e3o_preenchivel<\/a><a class=\"wp-block-file__button wp-element-button\" href=\"https:\/\/portaldoservidor.hortolandia.sp.gov.br\/wp-content\/uploads\/2021\/10\/Formulario_-_Cesta_Basica_-_Adesao_e_Alteracao_preenchivel.pdf\" download=\"\" aria-describedby=\"wp-block-file--media-f1a001a3-6236-4f3d-8282-4e91238bc1dd\">Baixar<\/a><\/div>\n\n<p><em>O requerimento deve ser preenchido e\u00a0 anexado ao sistema de protocolos DOCS e encaminhado atrav\u00e9s do seu RH ou local de trabalho (se tiver acesso ao sistema) ao SETOR DE FOLHA DE PAGAMENTO E BENEF\u00cdCIOS<\/em> <em>ou ainda poder\u00e1 ser protocolado no Departamento de Gest\u00e3o de Pessoal: Rua Projetada 12, n\u00ba 100, Jardim Metropolitan &#8211; Hortol\u00e2ndia-SP.<\/em><\/p>\n\n<h3 class=\"wp-block-heading\">\u00a0<\/h3>\n<h3 class=\"wp-block-heading\"><strong>Quais Prazos e os Locais para Retirada ou Entrega do Benef\u00edcio?<\/strong><\/h3>\n\n<ul class=\"wp-block-list\">\n<li>As servidoras e servidores retirar\u00e3o ou receber\u00e3o o benef\u00edcio nas datas pr\u00e9-determinadas (anualmente) e contidas no cronograma em anexo (link abaixo) desde que a entrega do termo de op\u00e7\u00e3o tenha ocorrido at\u00e9 o 20\u00ba dia do m\u00eas anterior. Caso o pedido seja entregue ap\u00f3s o 20\u00ba dia do m\u00eas corrente, ser\u00e1 considerado como uma ades\u00e3o do m\u00eas subsequente o que prorroga por um m\u00eas a entrega ou retirada do benef\u00edcio.\n<ul class=\"wp-block-list\">\n<li>O endere\u00e7o do posto para retirada da Cesta B\u00e1sica pelas servidoras e servidores \u00e9: <strong>Rua Benedito Francisco de Faria, 445 \u2013 Remanso Campineiro &#8211; Prox. Agencia CPFL.<\/strong><\/li>\n<\/ul>\n<\/li>\n<\/ul>\n\n<p><strong>Aten\u00e7\u00e3o: <\/strong>caso haja interesse em receber a referida cesta na resid\u00eancia<strong> (apenas para domiciliados no munic\u00edpio de Hortol\u00e2ndia): <\/strong>no ato do pedido, deve constar a ficha de endere\u00e7o de entrega de cesta b\u00e1sica devidamente preenchida ou <strong>encaminha-la no endere\u00e7o eletr\u00f4nico <\/strong>beneficio@hortlandia.sp.gov.br<\/p>\n\n<div class=\"wp-block-file\"><a id=\"wp-block-file--media-c4783726-fc74-444b-aa3c-4637d27d17f5\" href=\"https:\/\/portaldoservidor.hortolandia.sp.gov.br\/wp-content\/uploads\/2021\/10\/Formulario_-_Cesta_Basica_-_Adesao_e_Alteracao_preenchivel.pdf\">Formul\u00e1rio_-_Cesta_Basica_-_Adesao_e_Altera\u00e7\u00e3o_preenchivel<\/a><a class=\"wp-block-file__button wp-element-button\" href=\"https:\/\/portaldoservidor.hortolandia.sp.gov.br\/wp-content\/uploads\/2021\/10\/Formulario_-_Cesta_Basica_-_Adesao_e_Alteracao_preenchivel.pdf\" download=\"\" aria-describedby=\"wp-block-file--media-c4783726-fc74-444b-aa3c-4637d27d17f5\">Baixar<\/a><\/div>\n<div>\u00a0<\/div>\n\n<div class=\"wp-block-buttons is-layout-flex wp-block-buttons-is-layout-flex\">\n<div class=\"wp-block-button\"><a class=\"wp-block-button__link wp-element-button\" href=\"http:\/\/portalservidor-be.hortolandia.sp.gov.br\/index.php\/cesta-basica-2\/\">confira o cronograma de entrega neste link<\/a><\/div>\n<\/div>\n\n<h3 class=\"wp-block-heading\">\u00a0<\/h3>\n<h3 class=\"wp-block-heading\"><strong>Como fazer o cancelamento do benef\u00edcio?<\/strong><\/h3>\n\n<p>O cancelamento deve ser feito por meio do <a href=\"https:\/\/servidor.hortolandia.sp.gov.br\/ords\/pmh\/r\/portaldoservidor\/login?session=14974593809995\">Portal do Servidor<\/a>. Basta clicar em <strong>Servi\u00e7os<\/strong> &gt; <strong>Cesta B\u00e1sica<\/strong> &gt; <strong>Suspender<\/strong>.<\/p>\n<div class=\"wp-block-group\"><\/div>\n<!-- \/wp:group --><!-- wp:paragraph -->\n<p><strong>Se este requerimento for entregue at\u00e9 20\u00ba (vig\u00e9simo) dia do m\u00eas corrente no DGP: haver\u00e1 o cancelamento do fornecimento deste benef\u00edcio e o ultimo desconto em folha, para o pr\u00f3ximo m\u00eas.<\/strong><\/p>\n<!-- \/wp:paragraph -->\t\t\t\t\t\t\t\t<\/div>\n\t\t\t\t<\/div>\n\t\t\t\t\t<\/div>\n\t\t\t\t<\/div>\n\t\t\t\t<\/div>\n\t\t","protected":false},"excerpt":{"rendered":"<p>O aux\u00edlio alimenta\u00e7\u00e3o na modalidade cesta b\u00e1sica com valor subsidiado \u00e9 um benef\u00edcio criado pela Lei Municipal n\u00ba 597\/1997, que ser\u00e1 concedido mediante o pagamento&hellip;<\/p>\n","protected":false},"author":1,"featured_media":0,"parent":0,"menu_order":0,"comment_status":"closed","ping_status":"closed","template":"","meta":{"footnotes":""},"class_list":["post-23101","page","type-page","status-publish","hentry"],"_links":{"self":[{"href":"https:\/\/portaldoservidor.hortolandia.sp.gov.br\/index.php\/wp-json\/wp\/v2\/pages\/23101","targetHints":{"allow":["GET"]}}],"collection":[{"href":"https:\/\/portaldoservidor.hortolandia.sp.gov.br\/index.php\/wp-json\/wp\/v2\/pages"}],"about":[{"href":"https:\/\/portaldoservidor.hortolandia.sp.gov.br\/index.php\/wp-json\/wp\/v2\/types\/page"}],"author":[{"embeddable":true,"href":"https:\/\/portaldoservidor.hortolandia.sp.gov.br\/index.php\/wp-json\/wp\/v2\/users\/1"}],"replies":[{"embeddable":true,"href":"https:\/\/portaldoservidor.hortolandia.sp.gov.br\/index.php\/wp-json\/wp\/v2\/comments?post=23101"}],"version-history":[{"count":10,"href":"https:\/\/portaldoservidor.hortolandia.sp.gov.br\/index.php\/wp-json\/wp\/v2\/pages\/23101\/revisions"}],"predecessor-version":[{"id":23978,"href":"https:\/\/portaldoservidor.hortolandia.sp.gov.br\/index.php\/wp-json\/wp\/v2\/pages\/23101\/revisions\/23978"}],"wp:attachment":[{"href":"https:\/\/portaldoservidor.hortolandia.sp.gov.br\/index.php\/wp-json\/wp\/v2\/media?parent=23101"}],"curies":[{"name":"wp","href":"https:\/\/api.w.org\/{rel}","templated":true}]}}