{"id":23107,"date":"2025-01-14T11:49:33","date_gmt":"2025-01-14T14:49:33","guid":{"rendered":"https:\/\/portaldoservidor.hortolandia.sp.gov.br\/index.php\/cesta-basica-cronograma-e-local-de-entrega\/"},"modified":"2026-03-16T13:42:19","modified_gmt":"2026-03-16T16:42:19","slug":"cesta-basica-cronograma-e-local-de-entrega","status":"publish","type":"page","link":"https:\/\/portaldoservidor.hortolandia.sp.gov.br\/index.php\/cesta-basica-cronograma-e-local-de-entrega\/","title":{"rendered":"Cesta B\u00e1sica: Cronograma e Local de Entrega"},"content":{"rendered":"\t\t<div data-elementor-type=\"wp-page\" data-elementor-id=\"23107\" class=\"elementor elementor-23107\" data-elementor-settings=\"{&quot;ha_cmc_init_switcher&quot;:&quot;no&quot;}\">\n\t\t\t\t<div class=\"elementor-element elementor-element-5a2a35bf e-flex e-con-boxed wpr-particle-no wpr-jarallax-no wpr-parallax-no wpr-sticky-section-no e-con e-parent\" data-id=\"5a2a35bf\" data-element_type=\"container\" data-e-type=\"container\" data-settings=\"{&quot;_ha_eqh_enable&quot;:false}\">\n\t\t\t\t\t<div class=\"e-con-inner\">\n\t\t\t\t<div class=\"elementor-element elementor-element-21192605 exad-sticky-section-no exad-glass-effect-no elementor-widget elementor-widget-text-editor\" data-id=\"21192605\" data-element_type=\"widget\" data-e-type=\"widget\" data-widget_type=\"text-editor.default\">\n\t\t\t\t<div class=\"elementor-widget-container\">\n\t\t\t\t\t\t\t\t\t<p><strong>Se voc\u00ea j\u00e1 aderiu ao benef\u00edcio da Cesta B\u00e1sica, consulte abaixo as informa\u00e7\u00f5es referentes ao cronograma e locais de retirada ou entrega.<\/strong><\/p>\n<p><!-- \/wp:paragraph --><!-- wp:separator {\"opacity\":\"css\"} --><\/p>\n<hr class=\"wp-block-separator has-css-opacity\" \/>\n<p><!-- \/wp:separator --><!-- wp:heading {\"textAlign\":\"center\",\"level\":5} --><\/p>\n<h5 class=\"wp-block-heading has-text-align-left\"><a href=\"https:\/\/portaldoservidor.hortolandia.sp.gov.br\/wp-content\/uploads\/2025\/12\/Calendario-2025-Cesta-Basica.pdf\" target=\"_blank\" rel=\"noopener\">CRONOGRAMA DE ENTREGA DE CESTAS B\u00c1SICAS 2025<\/a><\/h5>\n<p><!-- \/wp:heading --><!-- wp:heading {\"textAlign\":\"left\",\"level\":5} --><\/p>\n<h5 class=\"wp-block-heading has-text-align-left\"><a href=\"https:\/\/portaldoservidor.hortolandia.sp.gov.br\/wp-content\/uploads\/2026\/03\/Calendario-de-Cestas-Basicas-2026.pdf\" target=\"_blank\" rel=\"noopener\">CRONOGRAMA DE ENTREGA DE CESTAS B\u00c1SICAS 2026<\/a><\/h5>\n<p><!-- \/wp:heading --><!-- wp:paragraph --><\/p>\n<p>Impressos dispon\u00edveis nas recep\u00e7\u00f5es de cada ala no pa\u00e7o municipal.<\/p>\n<p><!-- \/wp:paragraph --><!-- wp:heading {\"textAlign\":\"left\",\"level\":5} --><\/p>\n<h5 class=\"wp-block-heading has-text-align-left\"><a href=\"https:\/\/portaldoservidor.hortolandia.sp.gov.br\/wp-content\/uploads\/2025\/01\/Circular-001.2025-Cronograma-de-entrega.retirada-Cestas-Basicas-Data-Extra-ANO-2025.pdf\" target=\"_blank\" rel=\"noopener\">CIRCULAR 001-2025 &#8211; CESTAS B\u00c1SICAS 2025<\/a><\/h5>\n<p>\u00a0<\/p>\n<p><!-- \/wp:heading --><!-- wp:separator {\"opacity\":\"css\"} --><\/p>\n<hr class=\"wp-block-separator has-css-opacity\" \/>\n<p><!-- \/wp:separator --><!-- wp:heading {\"level\":3} --><\/p>\n<h3 class=\"wp-block-heading\"><strong>Posto de Retirada da Cesta B\u00e1sica<\/strong><\/h3>\n<p><!-- \/wp:heading --><!-- wp:paragraph --><\/p>\n<p><strong>POSTO DE ENTREGA<\/strong>: <strong>Rua Benedito Francisco de Faria, 445 \u2013 Remanso Campineiro &#8211; Prox. Agencia CPFL.<\/strong> \u00a0(Clique para abrir no Google Maps)<\/p>\n<p><!-- \/wp:paragraph --><!-- wp:html --><\/p>\n<figure><iframe src=\"https:\/\/www.google.com\/maps\/embed?pb=!1m18!1m12!1m3!1d3676.2903073471057!2d-47.214329985035114!3d-22.86573188503272!2m3!1f0!2f0!3f0!3m2!1i1024!2i768!4f13.1!3m3!1m2!1s0x94c8b9551d09112b%3A0x14c721d016d481d6!2sR.+Benedito+Francisco+de+Faria%2C+455+-+Lot.+Remanso+Campineiro%2C+Hortol%C3%A2ndia+-+SP%2C+13184-300!5e0!3m2!1spt-BR!2sbr!4v1544445225535\" width=\"400\" height=\"300\"><\/iframe><\/figure>\n<p><!-- \/wp:html --><!-- wp:heading {\"level\":3} --><\/p>\n<h3 class=\"wp-block-heading\"><strong>Recebimento da Cesta B\u00e1sica em Endere\u00e7o Alternativo<\/strong><\/h3>\n<p><!-- \/wp:heading --><!-- wp:paragraph --><\/p>\n<p>Alternativamente o a servidora ou servidor poder\u00e1 optar por recebimento da Cesta b\u00e1sica indicando por meio da <strong>ficha de altera\u00e7\u00e3o de endere\u00e7o da entrega.<\/strong><\/p>\n<p><!-- \/wp:paragraph --><!-- wp:file {\"id\":573,\"href\":\"https:\/\/portaldoservidor.hortolandia.sp.gov.br\/wp-content\/uploads\/2020\/09\/Ficha_de_Cadastro.alteracao_de_endereco_entrega_Cesta.pdf\",\"displayPreview\":false} --><\/p>\n<div class=\"wp-block-file\"><a id=\"wp-block-file--media-23351217-da33-4ea2-955b-19c23f2d9e39\" href=\"https:\/\/portaldoservidor.hortolandia.sp.gov.br\/wp-content\/uploads\/2020\/09\/Ficha_de_Cadastro.alteracao_de_endereco_entrega_Cesta.pdf\" target=\"_blank\" rel=\"noreferrer noopener\">Ficha_de_Cadastro.alteracao_de_endereco_entrega_Cesta<\/a><a class=\"wp-block-file__button wp-element-button\" href=\"https:\/\/portaldoservidor.hortolandia.sp.gov.br\/wp-content\/uploads\/2020\/09\/Ficha_de_Cadastro.alteracao_de_endereco_entrega_Cesta.pdf\" download=\"\" aria-describedby=\"wp-block-file--media-23351217-da33-4ea2-955b-19c23f2d9e39\">Baixar<\/a><\/div>\n<p><!-- \/wp:file --><!-- wp:list --><\/p>\n<ul>\n<li style=\"list-style-type: none;\">\n<ul><!-- wp:list-item --><\/ul>\n<\/li>\n<\/ul>\n<p>\u00a0<\/p>\n<ul>\n<li style=\"list-style-type: none;\">\n<ul>\n<li><strong>Aten\u00e7\u00e3o: <\/strong><!-- wp:list -->\n<ul>\n<li style=\"list-style-type: none;\">\n<ul><!-- wp:list-item --><\/ul>\n<\/li>\n<\/ul>\n<p>\u00a0<\/p>\n<ul>\n<li style=\"list-style-type: none;\">\n<ul>\n<li>Nos casos de entrega em domic\u00edlio, que o servidor, por qualquer motivo, n\u00e3o receber a cesta b\u00e1sica no endere\u00e7o previamente estabelecido por ele, poder\u00e1 retir\u00e1-la no Posto, nas datas e hor\u00e1rios estipulados no cronograma acima, desde que seja cesta b\u00e1sica referente ao m\u00eas em vig\u00eancia.<\/li>\n<\/ul>\n<\/li>\n<\/ul>\n<p><!-- \/wp:list-item --><!-- wp:list-item --><\/p>\n<ul>\n<li style=\"list-style-type: none;\">\n<ul>\n<li>Findando o prazo supracitado, as cestas <strong>n\u00e3o retiradas<\/strong> n\u00e3o ter\u00e3o direito a ac\u00famulo para retirar no pr\u00f3ximo m\u00eas, contudo o desconto ser\u00e1 interrompido na folha mensal correspondente.<\/li>\n<\/ul>\n<\/li>\n<\/ul>\n<p><!-- \/wp:list-item --><!-- wp:list-item --><\/p>\n<ul>\n<li style=\"list-style-type: none;\">\n<ul>\n<li>Caso haja interesse em receber a referida cesta na resid\u00eancia<strong> (apenas para domiciliados no munic\u00edpio de Hortol\u00e2ndia): <\/strong>no ato do pedido, deve constar tamb\u00e9m a ficha de endere\u00e7o de entrega de cesta b\u00e1sica devidamente preenchida.<\/li>\n<\/ul>\n<\/li>\n<\/ul>\n<p><!-- \/wp:list-item --><\/p>\n<p><!-- \/wp:list --><\/p>\n<\/li>\n<\/ul>\n<\/li>\n<\/ul>\n<p><!-- \/wp:list-item --><\/p>\n<p><!-- \/wp:list --><!-- wp:heading {\"level\":3} --><\/p>\n<h3 class=\"wp-block-heading\"><strong>Como fazer o cancelamento do benef\u00edcio?<\/strong><\/h3>\n<p><!-- \/wp:heading --><!-- wp:paragraph --><\/p>\n<p><strong>Se voc\u00ea deseja cancelar ao benef\u00edcio, deve preencher e assinar o Requerimento que est\u00e1 dispon\u00edvel abaixo e entreg\u00e1-lo <\/strong> <strong>no atendimento ao servidor do Departamento de Gest\u00e3o de Pessoal, na Rua Projetada 12, n\u00ba 100 &#8211; Jardim Metropolitan &#8211; Hortol\u00e2ndia.<\/strong><\/p>\n<p><!-- \/wp:paragraph --><!-- wp:group --><\/p>\n<div class=\"wp-block-group\">\n<p><!-- wp:file {\"id\":3556,\"href\":\"https:\/\/portaldoservidor.hortolandia.sp.gov.br\/wp-content\/uploads\/2021\/10\/133__-_CESTA_BASICA_-_CancelamentoRequerimento_diversos-EDITAVEL.pdf\",\"displayPreview\":false} --><\/p>\n<div class=\"wp-block-file\"><a id=\"wp-block-file--media-95876379-d2cc-4f08-bb5e-94d02adbd667\" href=\"https:\/\/portaldoservidor.hortolandia.sp.gov.br\/wp-content\/uploads\/2021\/10\/133__-_CESTA_BASICA_-_CancelamentoRequerimento_diversos-EDITAVEL.pdf\">133__-_CESTA_B\u00c1SICA_-_Cancelamento(Requerimento_diversos) EDITAVEL<\/a><a class=\"wp-block-file__button wp-element-button\" href=\"https:\/\/portaldoservidor.hortolandia.sp.gov.br\/wp-content\/uploads\/2021\/10\/133__-_CESTA_BASICA_-_CancelamentoRequerimento_diversos-EDITAVEL.pdf\" download=\"\" aria-describedby=\"wp-block-file--media-95876379-d2cc-4f08-bb5e-94d02adbd667\">Baixar<\/a><\/div>\n<p><!-- \/wp:file --><\/p>\n<\/div>\n<p><!-- \/wp:group --><!-- wp:paragraph --><\/p>\n<p><strong>Se este requerimento for entregue at\u00e9 20\u00ba (vig\u00e9simo) dia do m\u00eas corrente no DGP: haver\u00e1 o cancelamento do fornecimento do benef\u00edcio e o \u00faltimo desconto em folha no pr\u00f3ximo m\u00eas.<\/strong><\/p>\n<p><!-- \/wp:paragraph --><\/p>\t\t\t\t\t\t\t\t<\/div>\n\t\t\t\t<\/div>\n\t\t\t\t\t<\/div>\n\t\t\t\t<\/div>\n\t\t\t\t<\/div>\n\t\t","protected":false},"excerpt":{"rendered":"<p>Se voc\u00ea j\u00e1 aderiu ao benef\u00edcio da Cesta B\u00e1sica, consulte abaixo as informa\u00e7\u00f5es referentes ao cronograma e locais de retirada ou entrega. CRONOGRAMA DE ENTREGA&hellip;<\/p>\n","protected":false},"author":1,"featured_media":0,"parent":0,"menu_order":0,"comment_status":"closed","ping_status":"closed","template":"","meta":{"footnotes":""},"class_list":["post-23107","page","type-page","status-publish","hentry"],"_links":{"self":[{"href":"https:\/\/portaldoservidor.hortolandia.sp.gov.br\/index.php\/wp-json\/wp\/v2\/pages\/23107","targetHints":{"allow":["GET"]}}],"collection":[{"href":"https:\/\/portaldoservidor.hortolandia.sp.gov.br\/index.php\/wp-json\/wp\/v2\/pages"}],"about":[{"href":"https:\/\/portaldoservidor.hortolandia.sp.gov.br\/index.php\/wp-json\/wp\/v2\/types\/page"}],"author":[{"embeddable":true,"href":"https:\/\/portaldoservidor.hortolandia.sp.gov.br\/index.php\/wp-json\/wp\/v2\/users\/1"}],"replies":[{"embeddable":true,"href":"https:\/\/portaldoservidor.hortolandia.sp.gov.br\/index.php\/wp-json\/wp\/v2\/comments?post=23107"}],"version-history":[{"count":43,"href":"https:\/\/portaldoservidor.hortolandia.sp.gov.br\/index.php\/wp-json\/wp\/v2\/pages\/23107\/revisions"}],"predecessor-version":[{"id":24480,"href":"https:\/\/portaldoservidor.hortolandia.sp.gov.br\/index.php\/wp-json\/wp\/v2\/pages\/23107\/revisions\/24480"}],"wp:attachment":[{"href":"https:\/\/portaldoservidor.hortolandia.sp.gov.br\/index.php\/wp-json\/wp\/v2\/media?parent=23107"}],"curies":[{"name":"wp","href":"https:\/\/api.w.org\/{rel}","templated":true}]}}