{"id":23126,"date":"2025-01-14T11:49:35","date_gmt":"2025-01-14T14:49:35","guid":{"rendered":"http:\/\/admin"},"modified":"2025-01-17T13:51:40","modified_gmt":"2025-01-17T16:51:40","slug":"orientacoes-aos-servidores-estagiarios","status":"publish","type":"page","link":"https:\/\/portaldoservidor.hortolandia.sp.gov.br\/index.php\/orientacoes-aos-servidores-estagiarios\/","title":{"rendered":"Orienta\u00e7\u00f5es aos Servidores em Est\u00e1gio Probat\u00f3rio"},"content":{"rendered":"\t\t<div data-elementor-type=\"wp-page\" data-elementor-id=\"23126\" class=\"elementor elementor-23126\" data-elementor-settings=\"{&quot;ha_cmc_init_switcher&quot;:&quot;no&quot;}\">\n\t\t\t\t<div class=\"elementor-element elementor-element-7d5e8e e-flex e-con-boxed wpr-particle-no wpr-jarallax-no wpr-parallax-no wpr-sticky-section-no e-con e-parent\" data-id=\"7d5e8e\" data-element_type=\"container\" data-e-type=\"container\" data-settings=\"{&quot;_ha_eqh_enable&quot;:false}\">\n\t\t\t\t\t<div class=\"e-con-inner\">\n\t\t\t\t<div class=\"elementor-element elementor-element-b6caf57 exad-sticky-section-no exad-glass-effect-no elementor-widget elementor-widget-heading\" data-id=\"b6caf57\" data-element_type=\"widget\" data-e-type=\"widget\" data-widget_type=\"heading.default\">\n\t\t\t\t<div class=\"elementor-widget-container\">\n\t\t\t\t\t<h2 class=\"elementor-heading-title elementor-size-default\">Se voc\u00ea est\u00e1 em est\u00e1gio, probat\u00f3rio leia com aten\u00e7\u00e3o as orienta\u00e7\u00f5es abaixo:<\/h2>\t\t\t\t<\/div>\n\t\t\t\t<\/div>\n\t\t\t\t<div class=\"elementor-element elementor-element-552808b6 exad-sticky-section-no exad-glass-effect-no elementor-widget elementor-widget-text-editor\" data-id=\"552808b6\" data-element_type=\"widget\" data-e-type=\"widget\" data-widget_type=\"text-editor.default\">\n\t\t\t\t<div class=\"elementor-widget-container\">\n\t\t\t\t\t\t\t\t\t\n<p class=\"has-normal-font-size\">O Est\u00e1gio Probat\u00f3rio est\u00e1 previsto na Constitui\u00e7\u00e3o Federal e no Estatuto do Servidor (<a href=\"https:\/\/sapl.hortolandia.sp.leg.br\/pysc\/download_norma_pysc?cod_norma=4&amp;texto_original=1\">Lei Municipal 2004\/2008<\/a>), o Decreto municipal que o regulamenta \u00e9 o <a href=\"https:\/\/sapl.hortolandia.sp.leg.br\/pysc\/download_norma_pysc?cod_norma=7987&amp;texto_original=1\"><strong>Decreto n\u00ba 2.697\/2012<\/strong><\/a>:<\/p>\n\n<p class=\"has-normal-font-size\">O Est\u00e1gio Probat\u00f3rio avalia a aptid\u00e3o e a capacidade demonstrada para o trabalho.<\/p>\n\n<p class=\"has-normal-font-size\">O Est\u00e1gio Probat\u00f3rio tem dura\u00e7\u00e3o de <strong>36 meses de efetivo exerc\u00edcio. <\/strong>Ocorre a <strong>suspens\u00e3o <\/strong>desse prazo quando houver: afastamentos e licen\u00e7as superiores a 15 dias; faltas injustificadas, suspens\u00f5es disciplinares. <strong>Uma vez suspenso, o est\u00e1gio probat\u00f3rio ser\u00e1 prorrogado por igual per\u00edodo ao da suspens\u00e3o.<\/strong><\/p>\n\n<ul class=\"has-normal-font-size wp-block-list\">\n<li><strong>Proibi\u00e7\u00f5es espec\u00edficas durante o est\u00e1gio probat\u00f3rio:<\/strong>\n<ul>\n<li>ultrapassar 2 (duas) faltas injustificadas em cada per\u00edodo de avalia\u00e7\u00e3o;<\/li>\n<li>altera\u00e7\u00e3o de local de trabalho a pedido;<\/li>\n<li>cess\u00e3o para outro \u00f3rg\u00e3o,<\/li>\n<li>solicitar a licen\u00e7a para estudo;<\/li>\n<li>alterar local de trabalho durante plano de trabalho aberto.<\/li>\n<\/ul>\n<\/li>\n<\/ul>\n\n<p class=\"has-normal-font-size\"><strong>Per\u00edodos de avalia\u00e7\u00f5es:<\/strong> s\u00e3o 6 per\u00edodos, distribu\u00eddos da seguinte forma: 4 per\u00edodos de 6 meses e os 2 \u00faltimo de 4 meses.<\/p>\n\n<p class=\"has-normal-font-size\">O servidor deve observar se as avalia\u00e7\u00f5es est\u00e3o ocorrendo nos per\u00edodos certos, podendo solicitar ao superior imediato que as realize e ao Setor de Avalia\u00e7\u00e3o de Desempenho e Est\u00e1gio Probat\u00f3rio caso o superior imediato se omita em faz\u00ea-las.<\/p>\n\n<p class=\"has-normal-font-size\">A avalia\u00e7\u00e3o deve ser realizada conforme o Plano de Trabalho contratado em comum acordo entre superior imediato e a servidora ou servidor estagi\u00e1rio.<\/p>\n\n<p class=\"has-normal-font-size\">A servidora ou o servidor estagi\u00e1rio poder\u00e1 se auto avaliar, quando discordar da avalia\u00e7\u00e3o realizada pelo superior imediato, com base no mesmo instrumento de avalia\u00e7\u00e3o semestral, no prazo de 5 (cinco) dias a contar da ci\u00eancia da avalia\u00e7\u00e3o realizada pelo superior imediato.<\/p>\n\n<p class=\"has-normal-font-size\">O Setor de Avalia\u00e7\u00e3o de Desempenho e Est\u00e1gio Probat\u00f3rio avaliar\u00e1 a compatibilidade entre as avalia\u00e7\u00f5es entregues e, havendo discrep\u00e2ncias, o caso ser\u00e1 remetido \u00e0 Comiss\u00e3o Permanente de Avalia\u00e7\u00e3o Probat\u00f3ria.<\/p>\n\n<p class=\"has-normal-font-size\">A Comiss\u00e3o Permanente de Est\u00e1gio Probat\u00f3rio \u00e9 o \u00f3rg\u00e3o respons\u00e1vel por analisar a autoavalia\u00e7\u00e3o, bem como deliberar o resultado da avalia\u00e7\u00e3o \u2013 se dever\u00e3o ser mantidas as notas aplicadas pelo gestor, se as notas da autoavalia\u00e7\u00e3o ou a m\u00e9dia das notas do gestor e do servidor estagi\u00e1rio.<\/p>\n\t\t\t\t\t\t\t\t<\/div>\n\t\t\t\t<\/div>\n\t\t\t\t<div class=\"elementor-element elementor-element-722e315 elementor-widget-divider--view-line exad-sticky-section-no exad-glass-effect-no elementor-widget elementor-widget-divider\" data-id=\"722e315\" data-element_type=\"widget\" data-e-type=\"widget\" data-widget_type=\"divider.default\">\n\t\t\t\t<div class=\"elementor-widget-container\">\n\t\t\t\t\t\t\t<div class=\"elementor-divider\">\n\t\t\t<span class=\"elementor-divider-separator\">\n\t\t\t\t\t\t<\/span>\n\t\t<\/div>\n\t\t\t\t\t\t<\/div>\n\t\t\t\t<\/div>\n\t\t<div class=\"elementor-element elementor-element-e17e431 e-con-full e-flex wpr-particle-no wpr-jarallax-no wpr-parallax-no wpr-sticky-section-no e-con e-child\" data-id=\"e17e431\" data-element_type=\"container\" data-e-type=\"container\" data-settings=\"{&quot;_ha_eqh_enable&quot;:false}\">\n\t\t\t\t<div class=\"elementor-element elementor-element-8997fda exad-sticky-section-no exad-glass-effect-no elementor-widget elementor-widget-heading\" data-id=\"8997fda\" data-element_type=\"widget\" data-e-type=\"widget\" data-widget_type=\"heading.default\">\n\t\t\t\t<div class=\"elementor-widget-container\">\n\t\t\t\t\t<h2 class=\"elementor-heading-title elementor-size-default\">Contato do Setor de Avalia\u00e7\u00e3o de Desempenho e Est\u00e1gio Probat\u00f3rio<\/h2>\t\t\t\t<\/div>\n\t\t\t\t<\/div>\n\t\t\t\t<div class=\"elementor-element elementor-element-b4e80d8 elementor-position-inline-start elementor-view-default elementor-mobile-position-block-start exad-sticky-section-no exad-glass-effect-no elementor-widget elementor-widget-icon-box\" data-id=\"b4e80d8\" data-element_type=\"widget\" data-e-type=\"widget\" data-widget_type=\"icon-box.default\">\n\t\t\t\t<div class=\"elementor-widget-container\">\n\t\t\t\t\t\t\t<div class=\"elementor-icon-box-wrapper\">\n\n\t\t\t\t\t\t<div class=\"elementor-icon-box-icon\">\n\t\t\t\t<span  class=\"elementor-icon\">\n\t\t\t\t<svg aria-hidden=\"true\" class=\"e-font-icon-svg e-fas-phone-volume\" viewBox=\"0 0 384 512\" xmlns=\"http:\/\/www.w3.org\/2000\/svg\"><path d=\"M97.333 506.966c-129.874-129.874-129.681-340.252 0-469.933 5.698-5.698 14.527-6.632 21.263-2.422l64.817 40.513a17.187 17.187 0 0 1 6.849 20.958l-32.408 81.021a17.188 17.188 0 0 1-17.669 10.719l-55.81-5.58c-21.051 58.261-20.612 122.471 0 179.515l55.811-5.581a17.188 17.188 0 0 1 17.669 10.719l32.408 81.022a17.188 17.188 0 0 1-6.849 20.958l-64.817 40.513a17.19 17.19 0 0 1-21.264-2.422zM247.126 95.473c11.832 20.047 11.832 45.008 0 65.055-3.95 6.693-13.108 7.959-18.718 2.581l-5.975-5.726c-3.911-3.748-4.793-9.622-2.261-14.41a32.063 32.063 0 0 0 0-29.945c-2.533-4.788-1.65-10.662 2.261-14.41l5.975-5.726c5.61-5.378 14.768-4.112 18.718 2.581zm91.787-91.187c60.14 71.604 60.092 175.882 0 247.428-4.474 5.327-12.53 5.746-17.552.933l-5.798-5.557c-4.56-4.371-4.977-11.529-.93-16.379 49.687-59.538 49.646-145.933 0-205.422-4.047-4.85-3.631-12.008.93-16.379l5.798-5.557c5.022-4.813 13.078-4.394 17.552.933zm-45.972 44.941c36.05 46.322 36.108 111.149 0 157.546-4.39 5.641-12.697 6.251-17.856 1.304l-5.818-5.579c-4.4-4.219-4.998-11.095-1.285-15.931 26.536-34.564 26.534-82.572 0-117.134-3.713-4.836-3.115-11.711 1.285-15.931l5.818-5.579c5.159-4.947 13.466-4.337 17.856 1.304z\"><\/path><\/svg>\t\t\t\t<\/span>\n\t\t\t<\/div>\n\t\t\t\n\t\t\t\t\t\t<div class=\"elementor-icon-box-content\">\n\n\t\t\t\t\t\t\t\t\t<h3 class=\"elementor-icon-box-title\">\n\t\t\t\t\t\t<span  >\n\t\t\t\t\t\t\tTelefone: 3965-1423 - Ramais: 6946 e 9653.\t\t\t\t\t\t<\/span>\n\t\t\t\t\t<\/h3>\n\t\t\t\t\n\t\t\t\t\n\t\t\t<\/div>\n\t\t\t\n\t\t<\/div>\n\t\t\t\t\t\t<\/div>\n\t\t\t\t<\/div>\n\t\t\t\t<div class=\"elementor-element elementor-element-81b4803 elementor-position-inline-start elementor-view-default elementor-mobile-position-block-start exad-sticky-section-no exad-glass-effect-no elementor-widget elementor-widget-icon-box\" data-id=\"81b4803\" data-element_type=\"widget\" data-e-type=\"widget\" data-widget_type=\"icon-box.default\">\n\t\t\t\t<div class=\"elementor-widget-container\">\n\t\t\t\t\t\t\t<div class=\"elementor-icon-box-wrapper\">\n\n\t\t\t\t\t\t<div class=\"elementor-icon-box-icon\">\n\t\t\t\t<span  class=\"elementor-icon\">\n\t\t\t\t<svg aria-hidden=\"true\" class=\"e-font-icon-svg e-far-envelope\" viewBox=\"0 0 512 512\" xmlns=\"http:\/\/www.w3.org\/2000\/svg\"><path d=\"M464 64H48C21.49 64 0 85.49 0 112v288c0 26.51 21.49 48 48 48h416c26.51 0 48-21.49 48-48V112c0-26.51-21.49-48-48-48zm0 48v40.805c-22.422 18.259-58.168 46.651-134.587 106.49-16.841 13.247-50.201 45.072-73.413 44.701-23.208.375-56.579-31.459-73.413-44.701C106.18 199.465 70.425 171.067 48 152.805V112h416zM48 400V214.398c22.914 18.251 55.409 43.862 104.938 82.646 21.857 17.205 60.134 55.186 103.062 54.955 42.717.231 80.509-37.199 103.053-54.947 49.528-38.783 82.032-64.401 104.947-82.653V400H48z\"><\/path><\/svg>\t\t\t\t<\/span>\n\t\t\t<\/div>\n\t\t\t\n\t\t\t\t\t\t<div class=\"elementor-icon-box-content\">\n\n\t\t\t\t\t\t\t\t\t<h3 class=\"elementor-icon-box-title\">\n\t\t\t\t\t\t<span  >\n\t\t\t\t\t\t\tE-mail: avaliacaodesempenho@hortolandia.sp.gov.br\t\t\t\t\t\t<\/span>\n\t\t\t\t\t<\/h3>\n\t\t\t\t\n\t\t\t\t\n\t\t\t<\/div>\n\t\t\t\n\t\t<\/div>\n\t\t\t\t\t\t<\/div>\n\t\t\t\t<\/div>\n\t\t\t\t<\/div>\n\t\t\t\t\t<\/div>\n\t\t\t\t<\/div>\n\t\t\t\t<\/div>\n\t\t","protected":false},"excerpt":{"rendered":"<p>Se voc\u00ea est\u00e1 em est\u00e1gio, probat\u00f3rio leia com aten\u00e7\u00e3o as orienta\u00e7\u00f5es abaixo: O Est\u00e1gio Probat\u00f3rio est\u00e1 previsto na Constitui\u00e7\u00e3o Federal e no Estatuto do Servidor&hellip;<\/p>\n","protected":false},"author":1,"featured_media":0,"parent":0,"menu_order":0,"comment_status":"closed","ping_status":"closed","template":"","meta":{"footnotes":""},"class_list":["post-23126","page","type-page","status-publish","hentry"],"_links":{"self":[{"href":"https:\/\/portaldoservidor.hortolandia.sp.gov.br\/index.php\/wp-json\/wp\/v2\/pages\/23126","targetHints":{"allow":["GET"]}}],"collection":[{"href":"https:\/\/portaldoservidor.hortolandia.sp.gov.br\/index.php\/wp-json\/wp\/v2\/pages"}],"about":[{"href":"https:\/\/portaldoservidor.hortolandia.sp.gov.br\/index.php\/wp-json\/wp\/v2\/types\/page"}],"author":[{"embeddable":true,"href":"https:\/\/portaldoservidor.hortolandia.sp.gov.br\/index.php\/wp-json\/wp\/v2\/users\/1"}],"replies":[{"embeddable":true,"href":"https:\/\/portaldoservidor.hortolandia.sp.gov.br\/index.php\/wp-json\/wp\/v2\/comments?post=23126"}],"version-history":[{"count":28,"href":"https:\/\/portaldoservidor.hortolandia.sp.gov.br\/index.php\/wp-json\/wp\/v2\/pages\/23126\/revisions"}],"predecessor-version":[{"id":23420,"href":"https:\/\/portaldoservidor.hortolandia.sp.gov.br\/index.php\/wp-json\/wp\/v2\/pages\/23126\/revisions\/23420"}],"wp:attachment":[{"href":"https:\/\/portaldoservidor.hortolandia.sp.gov.br\/index.php\/wp-json\/wp\/v2\/media?parent=23126"}],"curies":[{"name":"wp","href":"https:\/\/api.w.org\/{rel}","templated":true}]}}