{"id":23132,"date":"2025-01-14T11:49:35","date_gmt":"2025-01-14T14:49:35","guid":{"rendered":"http:\/\/admin"},"modified":"2025-01-17T14:42:18","modified_gmt":"2025-01-17T17:42:18","slug":"marco-legal-de-criacao-e-gestao","status":"publish","type":"page","link":"https:\/\/portaldoservidor.hortolandia.sp.gov.br\/index.php\/marco-legal-de-criacao-e-gestao\/","title":{"rendered":"Marco Legal e \u00c1reas de Atua\u00e7\u00e3o da EGPH"},"content":{"rendered":"\t\t<div data-elementor-type=\"wp-page\" data-elementor-id=\"23132\" class=\"elementor elementor-23132\" data-elementor-settings=\"{&quot;ha_cmc_init_switcher&quot;:&quot;no&quot;}\">\n\t\t\t\t<div class=\"elementor-element elementor-element-1571c107 e-flex e-con-boxed wpr-particle-no wpr-jarallax-no wpr-parallax-no wpr-sticky-section-no e-con e-parent\" data-id=\"1571c107\" data-element_type=\"container\" data-e-type=\"container\" data-settings=\"{&quot;_ha_eqh_enable&quot;:false}\">\n\t\t\t\t\t<div class=\"e-con-inner\">\n\t\t\t\t<div class=\"elementor-element elementor-element-9e59580 exad-sticky-section-no exad-glass-effect-no elementor-widget elementor-widget-text-editor\" data-id=\"9e59580\" data-element_type=\"widget\" data-e-type=\"widget\" data-widget_type=\"text-editor.default\">\n\t\t\t\t<div class=\"elementor-widget-container\">\n\t\t\t\t\t\t\t\t\t\n<p>A Escola de Gest\u00e3o P\u00fablica foi criada em 29 de mar\u00e7o de 2006, como projeto, pelo <a href=\"https:\/\/sapl.hortolandia.sp.leg.br\/pysc\/download_norma_pysc?cod_norma=4615&amp;texto_original=1\">Decreto Municipal n\u00ba 1.494<\/a>, que foi um passo decisivo para a implanta\u00e7\u00e3o de uma pol\u00edtica de forma\u00e7\u00e3o continuada dos servidores p\u00fablicos municipais. Em 9 de setembro de 2010, deixou a condi\u00e7\u00e3o de projeto e passou a compor a estrutura administrativa da administra\u00e7\u00e3o municipal, sendo reconhecida pelo <a href=\"https:\/\/sapl.hortolandia.sp.leg.br\/pysc\/download_norma_pysc?cod_norma=5675&amp;texto_original=1\">Decreto Municipal n\u00ba 2.356<\/a>, como Divis\u00e3o de Escola de Gest\u00e3o, vinculada ao Departamento de Gest\u00e3o de Pessoal da ent\u00e3o Secretaria Municipal de Administra\u00e7\u00e3o.<\/p>\n\n<p>A partir de 27 de fevereiro de 2019, por meio da <a href=\"https:\/\/sapl.hortolandia.sp.leg.br\/pysc\/download_norma_pysc?cod_norma=14400&amp;texto_original=1\">Lei Municipal n\u00ba 3.599<\/a>, a Escola de Gest\u00e3o P\u00fablica de Hortol\u00e2ndia &#8211; EGPH &#8211; passou \u00e0 condi\u00e7\u00e3o de departamento da Secretaria Municipal de Administra\u00e7\u00e3o e Gest\u00e3o de Pessoal e restou estruturada com dois setores: <strong>Avalia\u00e7\u00e3o de Desempenho e Est\u00e1gio Probat\u00f3rio<\/strong> e <strong>Capacita\u00e7\u00e3o e Desenvolvimento de Pessoal<\/strong>.<\/p>\n\n<p>O Marco Legal da Escola de Gest\u00e3o P\u00fablica de Hortol\u00e2ndia &#8211; EGPH &#8211; lastreado no Estatuto dos Servidores (<a href=\"https:\/\/sapl.hortolandia.sp.leg.br\/pysc\/download_norma_pysc?cod_norma=4&amp;texto_original=1\">Lei n\u00ba 2004\/2008<\/a>) e no Plano de Carreira (<a href=\"https:\/\/sapl.hortolandia.sp.leg.br\/pysc\/download_norma_pysc?cod_norma=5525&amp;texto_original=1\">Lei Complementar n\u00ba 12\/2010<\/a>) est\u00e1 disciplinada no <a href=\"https:\/\/sapl.hortolandia.sp.leg.br\/pysc\/download_norma_pysc?cod_norma=14451&amp;texto_original=1\">Decreto Municipal n\u00ba 4.146<\/a>, de 8 de Mar\u00e7o de 2020.<\/p>\n\n<div class=\"wp-block-file\"><a href=\"http:\/\/portaldoservidor.hortolandia.sp.gov.br\/wp-content\/uploads\/2021\/05\/Decreto-n\u00ba-4.146-2019-Marco-Legal-da-EGPH.pdf\" target=\"_blank\" rel=\"noreferrer noopener\">Decreto-n\u00ba-4.146-2019-Marco-Legal-da-EGPH<\/a><a class=\"wp-block-file__button\" href=\"http:\/\/portaldoservidor.hortolandia.sp.gov.br\/wp-content\/uploads\/2021\/05\/Decreto-n\u00ba-4.146-2019-Marco-Legal-da-EGPH.pdf\" download=\"\">Baixar<\/a><\/div>\n\n<h3 class=\"wp-block-heading\"><strong>Programas e atribui\u00e7\u00f5es a cargo da EGPH<\/strong><\/h3>\n\n<figure class=\"wp-block-image size-large is-resized\"><img fetchpriority=\"high\" decoding=\"async\" class=\"wp-image-839 alignleft\" src=\"http:\/\/portaldoservidor.hortolandia.sp.gov.br\/wp-content\/uploads\/2021\/05\/Atribui\u00e7\u00f5es-EGPH-3.jpg\" alt=\"\" width=\"702\" height=\"311\" \/><\/figure>\n\t\t\t\t\t\t\t\t<\/div>\n\t\t\t\t<\/div>\n\t\t\t\t\t<\/div>\n\t\t\t\t<\/div>\n\t\t\t\t<\/div>\n\t\t","protected":false},"excerpt":{"rendered":"<p>A Escola de Gest\u00e3o P\u00fablica foi criada em 29 de mar\u00e7o de 2006, como projeto, pelo Decreto Municipal n\u00ba 1.494, que foi um passo decisivo&hellip;<\/p>\n","protected":false},"author":1,"featured_media":0,"parent":0,"menu_order":0,"comment_status":"closed","ping_status":"closed","template":"","meta":{"footnotes":""},"class_list":["post-23132","page","type-page","status-publish","hentry"],"_links":{"self":[{"href":"https:\/\/portaldoservidor.hortolandia.sp.gov.br\/index.php\/wp-json\/wp\/v2\/pages\/23132","targetHints":{"allow":["GET"]}}],"collection":[{"href":"https:\/\/portaldoservidor.hortolandia.sp.gov.br\/index.php\/wp-json\/wp\/v2\/pages"}],"about":[{"href":"https:\/\/portaldoservidor.hortolandia.sp.gov.br\/index.php\/wp-json\/wp\/v2\/types\/page"}],"author":[{"embeddable":true,"href":"https:\/\/portaldoservidor.hortolandia.sp.gov.br\/index.php\/wp-json\/wp\/v2\/users\/1"}],"replies":[{"embeddable":true,"href":"https:\/\/portaldoservidor.hortolandia.sp.gov.br\/index.php\/wp-json\/wp\/v2\/comments?post=23132"}],"version-history":[{"count":3,"href":"https:\/\/portaldoservidor.hortolandia.sp.gov.br\/index.php\/wp-json\/wp\/v2\/pages\/23132\/revisions"}],"predecessor-version":[{"id":23437,"href":"https:\/\/portaldoservidor.hortolandia.sp.gov.br\/index.php\/wp-json\/wp\/v2\/pages\/23132\/revisions\/23437"}],"wp:attachment":[{"href":"https:\/\/portaldoservidor.hortolandia.sp.gov.br\/index.php\/wp-json\/wp\/v2\/media?parent=23132"}],"curies":[{"name":"wp","href":"https:\/\/api.w.org\/{rel}","templated":true}]}}