{"id":2323,"date":"2021-06-01T04:02:04","date_gmt":"2021-06-01T07:02:04","guid":{"rendered":"https:\/\/portaldoservidor.hortolandia.sp.gov.br\/?page_id=2323"},"modified":"2025-01-20T11:27:26","modified_gmt":"2025-01-20T14:27:26","slug":"liberacao-parcial-para-cursos-e-atividade","status":"publish","type":"page","link":"https:\/\/portaldoservidor.hortolandia.sp.gov.br\/index.php\/liberacao-parcial-para-cursos-e-atividade\/","title":{"rendered":"Libera\u00e7\u00e3o Parcial para Cursos e Atividades"},"content":{"rendered":"\t\t<div data-elementor-type=\"wp-page\" data-elementor-id=\"2323\" class=\"elementor elementor-2323\" data-elementor-settings=\"{&quot;ha_cmc_init_switcher&quot;:&quot;no&quot;}\">\n\t\t\t\t<div class=\"elementor-element elementor-element-4e3e56d9 e-flex e-con-boxed wpr-particle-no wpr-jarallax-no wpr-parallax-no wpr-sticky-section-no e-con e-parent\" data-id=\"4e3e56d9\" data-element_type=\"container\" data-e-type=\"container\" data-settings=\"{&quot;_ha_eqh_enable&quot;:false}\">\n\t\t\t\t\t<div class=\"e-con-inner\">\n\t\t\t\t<div class=\"elementor-element elementor-element-9bb8c93 exad-sticky-section-no exad-glass-effect-no elementor-widget elementor-widget-text-editor\" data-id=\"9bb8c93\" data-element_type=\"widget\" data-e-type=\"widget\" data-widget_type=\"text-editor.default\">\n\t\t\t\t<div class=\"elementor-widget-container\">\n\t\t\t\t\t\t\t\t\t\n<ul class=\"has-normal-font-size wp-block-list\">\n<li>A <strong>libera\u00e7\u00e3o parcial para as atividades de capacita\u00e7\u00e3o<\/strong>, previstas e classificadas no Art. 2\u00ba, VII, do Decreto n\u00ba 4.146\/2019 (PDF abaixo), de curta, m\u00e9dia e longa dura\u00e7\u00e3o, conforme a defini\u00e7\u00e3o do Par\u00e1grafo \u00danico do mesmo Art. 2\u00ba supra, ou ainda a participa\u00e7\u00e3o em concursos, obedecer\u00e1 aos seguintes crit\u00e9rios:\n<ul>\n<li><strong>A servidora ou o servidor poder\u00e1 ser liberado, com ou sem reposi\u00e7\u00e3o das horas, de acordo com a an\u00e1lise da chefia, em at\u00e9 20% de sua jornada de trabalho mensal<\/strong>;<\/li>\n<li><strong>A libera\u00e7\u00e3o do referido servidor n\u00e3o pode incorrer em<\/strong> aumento de carga hor\u00e1ria de trabalho de outros profissionais, em reposi\u00e7\u00e3o de profissional ou horas extras de outros servidores.<\/li>\n<li><strong>As horas liberadas que excederem 20% da jornada de trabalho mensal do servidor devem ser obrigatoriamente repostas<\/strong>.<\/li>\n<\/ul>\n<\/li>\n<\/ul>\n\n<div class=\"wp-block-file\"><a href=\"https:\/\/portaldoservidor.hortolandia.sp.gov.br\/wp-content\/uploads\/2021\/06\/Decreto-no-4.146-2019-Marco-Legal-da-EGPH-3.pdf\">Decreto-no-4.146-2019-Marco-Legal-da-EGPH<\/a><a class=\"wp-block-file__button\" href=\"https:\/\/portaldoservidor.hortolandia.sp.gov.br\/wp-content\/uploads\/2021\/06\/Decreto-no-4.146-2019-Marco-Legal-da-EGPH-3.pdf\" download=\"\">Baixar<\/a><\/div>\n\n<p class=\"has-normal-font-size\">O servidor pode participar de quantas atividades de capacita\u00e7\u00e3o quiser, desde que liberado para tal tendo em vista o interesse da institui\u00e7\u00e3o e respeitado o limite acima.<\/p>\n\n<p class=\"has-normal-font-size\"><strong>Observa\u00e7\u00e3o importante: <\/strong>a libera\u00e7\u00e3o parcial que demande carga hor\u00e1ria superior aos limites acima previstos deve ser solicitada, com a devida justificativa, ao secret\u00e1rio municipal respons\u00e1vel pela gest\u00e3o de pessoal, que poder\u00e1 autorizar, ou n\u00e3o, ap\u00f3s an\u00e1lise do parecer consultivo do colegiado de planejamento e gest\u00e3o do programa de capacita\u00e7\u00e3o e aperfei\u00e7oamento.<\/p>\n\n<ul class=\"has-normal-font-size wp-block-list\">\n<li><strong>\u00c9 permitida a realiza\u00e7\u00e3o de est\u00e1gios curriculares e visitas t\u00e9cnicas, desde que:<\/strong>\n<ul>\n<li>vinculados ao programa de capacita\u00e7\u00e3o e aperfei\u00e7oamento;<\/li>\n<li>guardem vincula\u00e7\u00e3o com as atividades exercidas pela servidora ou pelo servidor; e,<\/li>\n<li>liberados para tal pela chefia imediata, com ou sem reposi\u00e7\u00e3o das horas, nos limites acima.<\/li>\n<\/ul>\n<\/li>\n<li>O servidor fica obrigado, em qualquer hip\u00f3tese, a repor as horas que excederem os limites previstos no Art. 47 desse decreto.<\/li>\n<li>A libera\u00e7\u00e3o para est\u00e1gios curriculares e visitas t\u00e9cnicas n\u00e3o enquadrados nessa regula\u00e7\u00e3o dever\u00e1 ser processada na forma do Art. 210 e \u00a7\u00a7 da <a href=\"https:\/\/sapl.hortolandia.sp.leg.br\/pysc\/download_norma_pysc?cod_norma=4&amp;texto_original=1\" target=\"_blank\" rel=\"noreferrer noopener\" data-type=\"URL\" data-id=\"https:\/\/leismunicipais.com.br\/a2\/sp\/h\/hortolandia\/lei-ordinaria\/2008\/201\/2004\/lei-ordinaria-n-2004-2008-dispoe-sobre-o-regime-juridico-dos-servidores-publicos-integrantes-dos-quadros-de-pessoal-dos-orgaos-dos-poderes-executivo-e-legislativo-das-autarquias-e-das-fundacoes-publicas-do-municipio-de-hortolandia-e-da-outras-providencias?q=2004%2F2008\">Lei n\u00ba 2004\/2008<\/a> que disciplina o hor\u00e1rio especial para servidor estudante.<\/li>\n<\/ul>\n\n<ul class=\"has-normal-font-size wp-block-list\">\n<li><strong>Para a libera\u00e7\u00e3o parcial destinada \u00e0s atividades de capacita\u00e7\u00e3o (de curta e m\u00e9dia dura\u00e7\u00e3o) que ocorram durante a jornada de trabalho,<\/strong>\u00a0ser\u00e3o adotados os seguintes procedimentos:\n<ul>\n<li><strong>O servidor requisitante solicitar\u00e1 \u00e0 chefia imediata sua libera\u00e7\u00e3o para cursos externos, com anteced\u00eancia de, no m\u00ednimo, 7 dias da data de in\u00edcio do evento<\/strong>;\u00a0<\/li>\n<li><strong>Para as atividades promovidas pela EGPH ou outros \u00f3rg\u00e3os da Prefeitura Municipal de Hortol\u00e2ndia<\/strong>, o servidor <strong>dever\u00e1 solicitar sua libera\u00e7\u00e3o<\/strong> <strong>com anteced\u00eancia de, no m\u00ednimo, 7 dias da data de in\u00edcio do evento<\/strong> e <strong>firmar o Termo de Compromisso da EGPH que dever\u00e1 ter a anu\u00eancia da sua chefia<\/strong>.<\/li>\n<\/ul>\n<\/li>\n<li><strong>As solicita\u00e7\u00f5es entregues fora dos prazos estabelecidos ser\u00e3o automaticamente indeferidas.<\/strong><\/li>\n<li><strong>A aus\u00eancia do servidor nas atividades previstas e acordadas no programa de capacita\u00e7\u00e3o,<\/strong> ao qual est\u00e1 inscrito ou atue como instrutor, <strong>implicar\u00e1 falta injustificada ao trabalho<\/strong>, exceto nos casos de convoca\u00e7\u00e3o da chefia, por justificado interesse p\u00fablico.<\/li>\n<li>N\u00e3o ser\u00e3o consideradas faltas injustificadas as aus\u00eancias legais previstas na <a href=\"https:\/\/sapl.hortolandia.sp.leg.br\/pysc\/download_norma_pysc?cod_norma=4&amp;texto_original=1\" target=\"_blank\" rel=\"noreferrer noopener\" data-type=\"URL\" data-id=\"https:\/\/leismunicipais.com.br\/a2\/sp\/h\/hortolandia\/lei-ordinaria\/2008\/201\/2004\/lei-ordinaria-n-2004-2008-dispoe-sobre-o-regime-juridico-dos-servidores-publicos-integrantes-dos-quadros-de-pessoal-dos-orgaos-dos-poderes-executivo-e-legislativo-das-autarquias-e-das-fundacoes-publicas-do-municipio-de-hortolandia-e-da-outras-providencias?q=2004%2F2008\">Lei n\u00ba 2004\/2008<\/a>.<\/li>\n<li>O servidor deve apenas cientificar a chefia sobre as atividades exercidas fora do hor\u00e1rio de trabalho, n\u00e3o necessitando de autoriza\u00e7\u00e3o espec\u00edfica para a sua realiza\u00e7\u00e3o.<\/li>\n<\/ul>\n\n<p class=\"has-normal-font-size\">Para a <strong>libera\u00e7\u00e3o parcial destinada \u00e0s atividades de capacita\u00e7\u00e3o de <span style=\"text-decoration: underline;\">longa dura\u00e7\u00e3o<\/span>, <\/strong>a servidora ou o servidor deve realizar a <strong>solicita\u00e7\u00e3o \u00e0 chefia imediata com o prazo de 20 dias da data de in\u00edcio do evento <\/strong>para que o gestor possa avaliar a viabilidade de libera\u00e7\u00e3o do servidor e a an\u00e1lise do pedido dever\u00e1 observar a mesma disciplina e crit\u00e9rios adotados na libera\u00e7\u00e3o para as atividade de curto e m\u00e9dio prazo.<\/p>\n\t\t\t\t\t\t\t\t<\/div>\n\t\t\t\t<\/div>\n\t\t\t\t\t<\/div>\n\t\t\t\t<\/div>\n\t\t\t\t<\/div>\n\t\t","protected":false},"excerpt":{"rendered":"<p>A libera\u00e7\u00e3o parcial para as atividades de capacita\u00e7\u00e3o, previstas e classificadas no Art. 2\u00ba, VII, do Decreto n\u00ba 4.146\/2019 (PDF abaixo), de curta, m\u00e9dia e&hellip;<\/p>\n","protected":false},"author":1,"featured_media":0,"parent":0,"menu_order":0,"comment_status":"closed","ping_status":"closed","template":"","meta":{"footnotes":""},"class_list":["post-2323","page","type-page","status-publish","hentry"],"_links":{"self":[{"href":"https:\/\/portaldoservidor.hortolandia.sp.gov.br\/index.php\/wp-json\/wp\/v2\/pages\/2323","targetHints":{"allow":["GET"]}}],"collection":[{"href":"https:\/\/portaldoservidor.hortolandia.sp.gov.br\/index.php\/wp-json\/wp\/v2\/pages"}],"about":[{"href":"https:\/\/portaldoservidor.hortolandia.sp.gov.br\/index.php\/wp-json\/wp\/v2\/types\/page"}],"author":[{"embeddable":true,"href":"https:\/\/portaldoservidor.hortolandia.sp.gov.br\/index.php\/wp-json\/wp\/v2\/users\/1"}],"replies":[{"embeddable":true,"href":"https:\/\/portaldoservidor.hortolandia.sp.gov.br\/index.php\/wp-json\/wp\/v2\/comments?post=2323"}],"version-history":[{"count":3,"href":"https:\/\/portaldoservidor.hortolandia.sp.gov.br\/index.php\/wp-json\/wp\/v2\/pages\/2323\/revisions"}],"predecessor-version":[{"id":23500,"href":"https:\/\/portaldoservidor.hortolandia.sp.gov.br\/index.php\/wp-json\/wp\/v2\/pages\/2323\/revisions\/23500"}],"wp:attachment":[{"href":"https:\/\/portaldoservidor.hortolandia.sp.gov.br\/index.php\/wp-json\/wp\/v2\/media?parent=2323"}],"curies":[{"name":"wp","href":"https:\/\/api.w.org\/{rel}","templated":true}]}}