{"id":2370,"date":"2021-06-01T06:30:12","date_gmt":"2021-06-01T09:30:12","guid":{"rendered":"https:\/\/portaldoservidor.hortolandia.sp.gov.br\/?page_id=2370"},"modified":"2025-01-22T11:33:34","modified_gmt":"2025-01-22T14:33:34","slug":"corpo-docente-da-egph","status":"publish","type":"page","link":"https:\/\/portaldoservidor.hortolandia.sp.gov.br\/index.php\/corpo-docente-da-egph\/","title":{"rendered":"Corpo Docente da EGPH"},"content":{"rendered":"\t\t<div data-elementor-type=\"wp-page\" data-elementor-id=\"2370\" class=\"elementor elementor-2370\" data-elementor-settings=\"{&quot;ha_cmc_init_switcher&quot;:&quot;no&quot;}\">\n\t\t\t\t<div class=\"elementor-element elementor-element-728689d6 e-flex e-con-boxed wpr-particle-no wpr-jarallax-no wpr-parallax-no wpr-sticky-section-no e-con e-parent\" data-id=\"728689d6\" data-element_type=\"container\" data-e-type=\"container\" data-settings=\"{&quot;_ha_eqh_enable&quot;:false}\">\n\t\t\t\t\t<div class=\"e-con-inner\">\n\t\t\t\t<div class=\"elementor-element elementor-element-355dda9c exad-sticky-section-no exad-glass-effect-no elementor-widget elementor-widget-text-editor\" data-id=\"355dda9c\" data-element_type=\"widget\" data-e-type=\"widget\" data-widget_type=\"text-editor.default\">\n\t\t\t\t<div class=\"elementor-widget-container\">\n\t\t\t\t\t\t\t\t\t\n<p class=\"has-normal-font-size\">A Escola de Gest\u00e3o P\u00fablica de Hortol\u00e2ndia &#8211; EGPH &#8211; n\u00e3o possui instrutores lotados na pr\u00f3pria unidade, entretanto <strong>h\u00e1 mais de uma centena de servidoras e servidores dos mais variados campos do saber &#8211; profissional ou acad\u00eamico &#8211; cadastrados no Programa Instrutor@ Servidor@ que na forma regulamentada no Decreto n\u00ba 4.146\/2019 (PDF abaixo) comp\u00f5em o Corpo Docente da EGPH<\/strong>.<\/p>\n\n<div class=\"wp-block-file\"><a href=\"https:\/\/portaldoservidor.hortolandia.sp.gov.br\/wp-content\/uploads\/2021\/06\/Decreto-no-4.146-2019-Marco-Legal-da-EGPH-5.pdf\">Decreto-no-4.146-2019-Marco-Legal-da-EGPH-5<\/a><a class=\"wp-block-file__button\" href=\"https:\/\/portaldoservidor.hortolandia.sp.gov.br\/wp-content\/uploads\/2021\/06\/Decreto-no-4.146-2019-Marco-Legal-da-EGPH-5.pdf\" download=\"\">Baixar<\/a><\/div>\n\n<ul class=\"has-normal-font-size wp-block-list\">\n<li><strong>As a\u00e7\u00f5es e atividades da EGPH,<\/strong> em especial as referentes ao programa de capacita\u00e7\u00e3o e aperfei\u00e7oamento, <strong>ser\u00e3o desenvolvidas e organizadas pela equipe t\u00e9cnica e aplicadas pelo corpo docente da EGPH composto preferencialmente por servidoras e servidores p\u00fablicos municipais, habilitados para tal <\/strong>e, excepcionalmente, por profissionais, entidades ou empresas convidados ou contratados para tal fim.\n<ul>\n<li><strong>Quando n\u00e3o houver servidora ou servidor municipal habilitado ou com disponibilidade<\/strong> para atuar como docente, <strong>a EGPH dever\u00e1, no \u00e2mbito da coopera\u00e7\u00e3o t\u00e9cnica com outras escolas de governo ou de gest\u00e3o p\u00fablica<\/strong>, ou ainda junto \u00e0s <strong>redes de escolas governo e entidades parceiras, buscar a forma menos onerosa de viabiliza\u00e7\u00e3o da a\u00e7\u00e3o ou atividade<\/strong>.<\/li>\n<li><strong>Esgotados os esfor\u00e7os previstos acima, proceder-se-\u00e1 a contrata\u00e7\u00e3o de pessoa f\u00edsica ou jur\u00eddica,<\/strong> na forma da legisla\u00e7\u00e3o vigente.<\/li>\n<\/ul>\n<\/li>\n<\/ul>\n\n<p class=\"has-normal-font-size\">As servidoras e os servidores p\u00fablicos municipais que comp\u00f5em o corpo docente da EGPH poder\u00e3o exercer, parcial ou totalmente, a sua jornada de trabalho em atividades de capacita\u00e7\u00e3o e forma\u00e7\u00e3o profissional, realizando atividades t\u00e9cnicas, administrativas e de monitoria, ministrando aulas ou atuando como instrutores t\u00e9cnicos. (Art. 61 da <a href=\"https:\/\/sapl.hortolandia.sp.leg.br\/pysc\/download_norma_pysc?cod_norma=5525&amp;texto_original=1\" target=\"_blank\" rel=\"noreferrer noopener\" data-type=\"URL\" data-id=\"https:\/\/leismunicipais.com.br\/a2\/sp\/h\/hortolandia\/lei-complementar\/2010\/2\/12\/lei-complementar-n-12-2010-dispoe-sobre-a-reestruturacao-dos-planos-de-carreiras-dos-servidores-publicos-municipais-a-criacao-e-transformacao-de-cargos-na-administracao-direta-da-prefeitura-municipal-de-hortolandia-e-da-outras-providencias?q=12%2F2010\">LC n\u00ba 12\/2010<\/a>). Essas atividades poder\u00e3o ser realizadas nas unidades de trabalho respons\u00e1veis pela implanta\u00e7\u00e3o do programa de capacita\u00e7\u00e3o e desenvolvimento, desde que haja autoriza\u00e7\u00e3o do titular do \u00f3rg\u00e3o a que est\u00e1 vinculado.<\/p>\n\n<p class=\"has-normal-font-size\"><strong>O trabalho exercido como instrutora ou instrutor depende da sua anu\u00eancia e a de sua remunera\u00e7\u00e3o, quando couber, \u00e9 a disciplinada nos estatutos dos servidores p\u00fablicos municipais.<\/strong> <strong>Cabe \u00e0 Administra\u00e7\u00e3o Municipal, por meio da EGPH, a pr\u00e9via capacita\u00e7\u00e3o pedag\u00f3gica dos servidores e servidoras que se dispuserem a compor o Corpo Docente da EGPH, podendo adotar-se processos seletivos nos casos em que houver mais de um interessado na atividade.<\/strong><\/p>\n\n<h2 class=\"kt-adv-heading_cbc6d8-a6 wp-block-kadence-advancedheading\" data-kb-block=\"kb-adv-heading_cbc6d8-a6\">Fa\u00e7a aqui sua inscri\u00e7\u00e3o no Programa Instrutor Servidor<\/h2>\n\n<div class=\"wp-block-file\"><a href=\"https:\/\/portaldoservidor.hortolandia.sp.gov.br\/wp-content\/uploads\/2023\/03\/Requerimento_de_Cadastro_no_Programa_de_Instrutor_Servidor-EDITAVEL.pdf\">Requerimento_de_Cadastro_no_Programa_de_Instrutor_Servidor-EDITAVEL<\/a><a class=\"wp-block-file__button\" href=\"https:\/\/portaldoservidor.hortolandia.sp.gov.br\/wp-content\/uploads\/2023\/03\/Requerimento_de_Cadastro_no_Programa_de_Instrutor_Servidor-EDITAVEL.pdf\" download=\"\">Baixar<\/a><\/div>\n\n<p>\u00a0<\/p>\n\t\t\t\t\t\t\t\t<\/div>\n\t\t\t\t<\/div>\n\t\t\t\t\t<\/div>\n\t\t\t\t<\/div>\n\t\t\t\t<\/div>\n\t\t","protected":false},"excerpt":{"rendered":"<p>A Escola de Gest\u00e3o P\u00fablica de Hortol\u00e2ndia &#8211; EGPH &#8211; n\u00e3o possui instrutores lotados na pr\u00f3pria unidade, entretanto h\u00e1 mais de uma centena de servidoras&hellip;<\/p>\n","protected":false},"author":1,"featured_media":0,"parent":0,"menu_order":0,"comment_status":"closed","ping_status":"closed","template":"","meta":{"footnotes":""},"class_list":["post-2370","page","type-page","status-publish","hentry"],"_links":{"self":[{"href":"https:\/\/portaldoservidor.hortolandia.sp.gov.br\/index.php\/wp-json\/wp\/v2\/pages\/2370","targetHints":{"allow":["GET"]}}],"collection":[{"href":"https:\/\/portaldoservidor.hortolandia.sp.gov.br\/index.php\/wp-json\/wp\/v2\/pages"}],"about":[{"href":"https:\/\/portaldoservidor.hortolandia.sp.gov.br\/index.php\/wp-json\/wp\/v2\/types\/page"}],"author":[{"embeddable":true,"href":"https:\/\/portaldoservidor.hortolandia.sp.gov.br\/index.php\/wp-json\/wp\/v2\/users\/1"}],"replies":[{"embeddable":true,"href":"https:\/\/portaldoservidor.hortolandia.sp.gov.br\/index.php\/wp-json\/wp\/v2\/comments?post=2370"}],"version-history":[{"count":9,"href":"https:\/\/portaldoservidor.hortolandia.sp.gov.br\/index.php\/wp-json\/wp\/v2\/pages\/2370\/revisions"}],"predecessor-version":[{"id":23669,"href":"https:\/\/portaldoservidor.hortolandia.sp.gov.br\/index.php\/wp-json\/wp\/v2\/pages\/2370\/revisions\/23669"}],"wp:attachment":[{"href":"https:\/\/portaldoservidor.hortolandia.sp.gov.br\/index.php\/wp-json\/wp\/v2\/media?parent=2370"}],"curies":[{"name":"wp","href":"https:\/\/api.w.org\/{rel}","templated":true}]}}