{"id":2372,"date":"2021-06-01T06:33:21","date_gmt":"2021-06-01T09:33:21","guid":{"rendered":"https:\/\/portaldoservidor.hortolandia.sp.gov.br\/?page_id=2372"},"modified":"2025-07-31T11:06:50","modified_gmt":"2025-07-31T14:06:50","slug":"faca-parte-do-corpo-docente","status":"publish","type":"page","link":"https:\/\/portaldoservidor.hortolandia.sp.gov.br\/index.php\/faca-parte-do-corpo-docente\/","title":{"rendered":"Fa\u00e7a Parte do Corpo Docente da EGPH"},"content":{"rendered":"\t\t<div data-elementor-type=\"wp-page\" data-elementor-id=\"2372\" class=\"elementor elementor-2372\" data-elementor-settings=\"{&quot;ha_cmc_init_switcher&quot;:&quot;no&quot;}\">\n\t\t\t\t<div class=\"elementor-element elementor-element-3cd73cee e-flex e-con-boxed wpr-particle-no wpr-jarallax-no wpr-parallax-no wpr-sticky-section-no e-con e-parent\" data-id=\"3cd73cee\" data-element_type=\"container\" data-e-type=\"container\" data-settings=\"{&quot;_ha_eqh_enable&quot;:false}\">\n\t\t\t\t\t<div class=\"e-con-inner\">\n\t\t\t\t<div class=\"elementor-element elementor-element-6bf6a930 exad-sticky-section-no exad-glass-effect-no elementor-widget elementor-widget-text-editor\" data-id=\"6bf6a930\" data-element_type=\"widget\" data-e-type=\"widget\" data-widget_type=\"text-editor.default\">\n\t\t\t\t<div class=\"elementor-widget-container\">\n\t\t\t\t\t\t\t\t\t\n<p class=\"has-normal-font-size\"><strong>Traga o seu conhecimento e a sua experi\u00eancia profissional para as atividades de capacita\u00e7\u00e3o de EGPH<\/strong><\/p>\n\n<p class=\"has-normal-font-size\">Se voc\u00ea tem interesse em ser instrutor da EGPH e participar do corpo docente, leia com aten\u00e7\u00e3o a descri\u00e7\u00e3o do <a href=\"https:\/\/portaldoservidor.hortolandia.sp.gov.br\/index.php\/programa-instrutr-servidor\/\">Programa Instrutor@ Servidor@<\/a> e da <a href=\"https:\/\/portaldoservidor.hortolandia.sp.gov.br\/index.php\/gratificacao-de-encargo-de-curso-e-concurso\/\">Gratifica\u00e7\u00e3o de Encargo de Curso e Concurso<\/a> e se inscreva.<\/p>\n\n<p class=\"has-normal-font-size\"><strong>Bateu aquela inseguran\u00e7a porque voc\u00ea nunca deu aula? <\/strong>N\u00e3o se preocupe. Ao montar o curso, providenciaremos o suporte pedag\u00f3gico.<\/p>\n\n<p class=\"has-normal-font-size\"><strong>Para fazer o seu cadastro no Programa Instrutr@ Servidor@, voc\u00ea deve preencher integralmente o formul\u00e1rio abaixo, juntar as c\u00f3pias do t\u00edtulos que comprovam a sua forma\u00e7\u00e3o e identificar as \u00e1reas em que tem interesse em atuar como instrutor.<\/strong><\/p>\n\n<div class=\"wp-block-file\"><a href=\"https:\/\/portaldoservidor.hortolandia.sp.gov.br\/wp-content\/uploads\/2021\/06\/Requerimento_de_Cadastro_no_Programa_de_Instrutor_Servidor.pdf\" target=\"_blank\" rel=\"noreferrer noopener\">Requerimento_de_Cadastro_no_Programa_de_Instrutor_Servidor<\/a><a class=\"wp-block-file__button\" href=\"https:\/\/portaldoservidor.hortolandia.sp.gov.br\/wp-content\/uploads\/2021\/06\/Requerimento_de_Cadastro_no_Programa_de_Instrutor_Servidor.pdf\" download=\"\">Baixar<\/a><\/div>\n\n<p class=\"has-normal-font-size\"><strong>Ap\u00f3s preencher e assinar o Requerimento de Cadastro no Programa Instrutor Servidor, anexe os documentos cab\u00edveis, envie-os para o endere\u00e7o eletr\u00f4nico <\/strong>escolagestao@hortolandia.sp.gov.br ou <strong>entregue-o no atendimento ao servidor do Departamento de Gest\u00e3o de Pessoal, na Rua Professora Celina Franceschini Bueno, n\u00ba 100, Jardim Metropolitan, Hortol\u00e2ndia.<\/strong><\/p>\n\t\t\t\t\t\t\t\t<\/div>\n\t\t\t\t<\/div>\n\t\t\t\t\t<\/div>\n\t\t\t\t<\/div>\n\t\t\t\t<\/div>\n\t\t","protected":false},"excerpt":{"rendered":"<p>Traga o seu conhecimento e a sua experi\u00eancia profissional para as atividades de capacita\u00e7\u00e3o de EGPH Se voc\u00ea tem interesse em ser instrutor da EGPH&hellip;<\/p>\n","protected":false},"author":1,"featured_media":0,"parent":0,"menu_order":0,"comment_status":"closed","ping_status":"closed","template":"","meta":{"footnotes":""},"class_list":["post-2372","page","type-page","status-publish","hentry"],"_links":{"self":[{"href":"https:\/\/portaldoservidor.hortolandia.sp.gov.br\/index.php\/wp-json\/wp\/v2\/pages\/2372","targetHints":{"allow":["GET"]}}],"collection":[{"href":"https:\/\/portaldoservidor.hortolandia.sp.gov.br\/index.php\/wp-json\/wp\/v2\/pages"}],"about":[{"href":"https:\/\/portaldoservidor.hortolandia.sp.gov.br\/index.php\/wp-json\/wp\/v2\/types\/page"}],"author":[{"embeddable":true,"href":"https:\/\/portaldoservidor.hortolandia.sp.gov.br\/index.php\/wp-json\/wp\/v2\/users\/1"}],"replies":[{"embeddable":true,"href":"https:\/\/portaldoservidor.hortolandia.sp.gov.br\/index.php\/wp-json\/wp\/v2\/comments?post=2372"}],"version-history":[{"count":6,"href":"https:\/\/portaldoservidor.hortolandia.sp.gov.br\/index.php\/wp-json\/wp\/v2\/pages\/2372\/revisions"}],"predecessor-version":[{"id":24130,"href":"https:\/\/portaldoservidor.hortolandia.sp.gov.br\/index.php\/wp-json\/wp\/v2\/pages\/2372\/revisions\/24130"}],"wp:attachment":[{"href":"https:\/\/portaldoservidor.hortolandia.sp.gov.br\/index.php\/wp-json\/wp\/v2\/media?parent=2372"}],"curies":[{"name":"wp","href":"https:\/\/api.w.org\/{rel}","templated":true}]}}