{"id":2374,"date":"2021-06-01T06:34:19","date_gmt":"2021-06-01T09:34:19","guid":{"rendered":"https:\/\/portaldoservidor.hortolandia.sp.gov.br\/?page_id=2374"},"modified":"2025-07-31T10:47:07","modified_gmt":"2025-07-31T13:47:07","slug":"programa-instrutr-servidor","status":"publish","type":"page","link":"https:\/\/portaldoservidor.hortolandia.sp.gov.br\/index.php\/programa-instrutr-servidor\/","title":{"rendered":"Programa Instrutor@ Servidor@ &#8211; PROINST"},"content":{"rendered":"\t\t<div data-elementor-type=\"wp-page\" data-elementor-id=\"2374\" class=\"elementor elementor-2374\" data-elementor-settings=\"{&quot;ha_cmc_init_switcher&quot;:&quot;no&quot;}\">\n\t\t\t\t<div class=\"elementor-element elementor-element-77e06024 e-flex e-con-boxed wpr-particle-no wpr-jarallax-no wpr-parallax-no wpr-sticky-section-no e-con e-parent\" data-id=\"77e06024\" data-element_type=\"container\" data-e-type=\"container\" data-settings=\"{&quot;_ha_eqh_enable&quot;:false}\">\n\t\t\t\t\t<div class=\"e-con-inner\">\n\t\t\t\t<div class=\"elementor-element elementor-element-3fc44b5f exad-sticky-section-no exad-glass-effect-no elementor-widget elementor-widget-text-editor\" data-id=\"3fc44b5f\" data-element_type=\"widget\" data-e-type=\"widget\" data-widget_type=\"text-editor.default\">\n\t\t\t\t<div class=\"elementor-widget-container\">\n\t\t\t\t\t\t\t\t\t\n<p class=\"has-text-align-left has-normal-font-size\">O Programa Instrutor@ Servidor@ &#8211; PROINST &#8211; foi regulamentado pelo Marco Legal da Escola de Gest\u00e3o, nos Arts. 10 e 11 Decreto n\u00ba 4.146\/2019.<\/p>\n\n<div class=\"wp-block-file\"><a href=\"https:\/\/portaldoservidor.hortolandia.sp.gov.br\/wp-content\/uploads\/2021\/06\/Decreto-no-4.146-2019-Marco-Legal-da-EGPH-6.pdf\">Decreto-no-4.146-2019-Marco-Legal-da-EGPH<\/a><a class=\"wp-block-file__button\" href=\"https:\/\/portaldoservidor.hortolandia.sp.gov.br\/wp-content\/uploads\/2021\/06\/Decreto-no-4.146-2019-Marco-Legal-da-EGPH-6.pdf\" download=\"\">Baixar<\/a><\/div>\n\n<p class=\"has-text-align-left has-normal-font-size\">Esse programa possibilita aos servidores e servidoras municipais de Hortol\u00e2ndia se inscreverem para serem instrutores dos cursos oferecidos pela EGPH, sendo assim nosso corpo docente \u00e9 preferencialmente constitu\u00eddo por servidores e servidores da Prefeitura de Hortol\u00e2ndia inscritos e que queiram compartilhar seus conhecimentos, contribuindo para o enriquecimento profissional de seus colegas servidores e servidoras.<\/p>\n\n<p class=\"has-normal-font-size\">A ades\u00e3o ao cadastro do PROINST \u00e9 facultativa, de iniciativa individual da servidora e do servidor e implica sua inclus\u00e3o na base de dados do programa e, ent\u00e3o, compromisso de atender o chamado da equipe t\u00e9cnica, para as atividades relativas a concursos e processos seletivos.<\/p>\n\n<p class=\"has-normal-font-size\">A equipe de suporte pedag\u00f3gico da EGPH poder\u00e1 organizar atividades com as servidoras os servidores cadastrados no programa, destinadas sua \u00e0 prepara\u00e7\u00e3o e orienta\u00e7\u00e3o pedag\u00f3gica, contando com a elabora\u00e7\u00e3o e corre\u00e7\u00e3o de provas, escritas, pr\u00e1ticas e orais.<\/p>\n\n<p class=\"has-normal-font-size\">A remunera\u00e7\u00e3o das atividades de instru\u00e7\u00e3o nos cursos da EFPH ocorrer\u00e1 mediante a concess\u00e3o da gratifica\u00e7\u00e3o por encargo de curso e concurso prevista no Art. 97 da <a href=\"https:\/\/sapl.hortolandia.sp.leg.br\/pysc\/download_norma_pysc?cod_norma=4&amp;texto_original=1\">Lei n\u00ba 2004\/2008<\/a> e regulamentada no <a href=\"https:\/\/sapl.hortolandia.sp.leg.br\/pysc\/download_norma_pysc?cod_norma=14451&amp;texto_original=1\">Decreto n\u00ba 4.146\/2019<\/a>. (veja, neste portal, a descri\u00e7\u00e3o e o regramento desta gratifica\u00e7\u00e3o).<\/p>\n\n<p class=\"has-normal-font-size\">A EGPH organiza anualmente oficina de planejamento do PROINST de forma combinada com o planejamento anual de cursos.\u00a0<\/p>\n\n<h3 class=\"wp-block-heading\"><strong>Venha fazer parte do Programa Instrutor@ Servidor@:<\/strong><\/h3>\n\n<p class=\"has-normal-font-size\"><strong>Para fazer o seu cadastro no Programa Instrutor@ Servidor@, voc\u00ea deve preencher integralmente o formul\u00e1rio abaixo, juntar as c\u00f3pias do t\u00edtulos que comprovam a sua forma\u00e7\u00e3o e identificar as \u00e1reas em que tem interesse em atuar como instrutor.<\/strong><\/p>\n\n<div class=\"wp-block-file\"><a href=\"https:\/\/portaldoservidor.hortolandia.sp.gov.br\/wp-content\/uploads\/2021\/06\/Requerimento_de_Cadastro_no_Programa_de_Instrutor_Servidor.pdf\" target=\"_blank\" rel=\"noreferrer noopener\">Requerimento_de_Cadastro_no_Programa_de_Instrutor_Servidor<\/a><a class=\"wp-block-file__button\" href=\"https:\/\/portaldoservidor.hortolandia.sp.gov.br\/wp-content\/uploads\/2021\/06\/Requerimento_de_Cadastro_no_Programa_de_Instrutor_Servidor.pdf\" download=\"\">Baixar<\/a><\/div>\n\n<p class=\"has-normal-font-size\"><strong>Ap\u00f3s preencher e assinar o Requerimento de Cadastro no Programa Instrutor@ Servidor@, anexe os documentos cab\u00edveis, envie-os para o endere\u00e7o eletr\u00f4nico: <\/strong>escolagestao@hortolandia.sp.gov.br ou <strong>entregue-o no atendimento ao servidor do Departamento de Gest\u00e3o de Pessoal, na Rua Professora Celina Franceschini Bueno, n\u00ba 100, Jardim Metropolitan, Hortol\u00e2ndia.<\/strong><\/p>\n\t\t\t\t\t\t\t\t<\/div>\n\t\t\t\t<\/div>\n\t\t\t\t\t<\/div>\n\t\t\t\t<\/div>\n\t\t\t\t<\/div>\n\t\t","protected":false},"excerpt":{"rendered":"<p>O Programa Instrutor@ Servidor@ &#8211; PROINST &#8211; foi regulamentado pelo Marco Legal da Escola de Gest\u00e3o, nos Arts. 10 e 11 Decreto n\u00ba 4.146\/2019. Esse&hellip;<\/p>\n","protected":false},"author":1,"featured_media":0,"parent":0,"menu_order":0,"comment_status":"closed","ping_status":"closed","template":"","meta":{"footnotes":""},"class_list":["post-2374","page","type-page","status-publish","hentry"],"_links":{"self":[{"href":"https:\/\/portaldoservidor.hortolandia.sp.gov.br\/index.php\/wp-json\/wp\/v2\/pages\/2374","targetHints":{"allow":["GET"]}}],"collection":[{"href":"https:\/\/portaldoservidor.hortolandia.sp.gov.br\/index.php\/wp-json\/wp\/v2\/pages"}],"about":[{"href":"https:\/\/portaldoservidor.hortolandia.sp.gov.br\/index.php\/wp-json\/wp\/v2\/types\/page"}],"author":[{"embeddable":true,"href":"https:\/\/portaldoservidor.hortolandia.sp.gov.br\/index.php\/wp-json\/wp\/v2\/users\/1"}],"replies":[{"embeddable":true,"href":"https:\/\/portaldoservidor.hortolandia.sp.gov.br\/index.php\/wp-json\/wp\/v2\/comments?post=2374"}],"version-history":[{"count":7,"href":"https:\/\/portaldoservidor.hortolandia.sp.gov.br\/index.php\/wp-json\/wp\/v2\/pages\/2374\/revisions"}],"predecessor-version":[{"id":24115,"href":"https:\/\/portaldoservidor.hortolandia.sp.gov.br\/index.php\/wp-json\/wp\/v2\/pages\/2374\/revisions\/24115"}],"wp:attachment":[{"href":"https:\/\/portaldoservidor.hortolandia.sp.gov.br\/index.php\/wp-json\/wp\/v2\/media?parent=2374"}],"curies":[{"name":"wp","href":"https:\/\/api.w.org\/{rel}","templated":true}]}}