{"id":2376,"date":"2021-06-01T06:35:00","date_gmt":"2021-06-01T09:35:00","guid":{"rendered":"https:\/\/portaldoservidor.hortolandia.sp.gov.br\/?page_id=2376"},"modified":"2025-01-20T15:04:45","modified_gmt":"2025-01-20T18:04:45","slug":"gratificacao-de-encargo-de-curso-e-concurso","status":"publish","type":"page","link":"https:\/\/portaldoservidor.hortolandia.sp.gov.br\/index.php\/gratificacao-de-encargo-de-curso-e-concurso\/","title":{"rendered":"Gratifica\u00e7\u00e3o de Encargo de Curso e Concurso"},"content":{"rendered":"\t\t<div data-elementor-type=\"wp-page\" data-elementor-id=\"2376\" class=\"elementor elementor-2376\" data-elementor-settings=\"{&quot;ha_cmc_init_switcher&quot;:&quot;no&quot;}\">\n\t\t\t\t<div class=\"elementor-element elementor-element-a78fccb e-flex e-con-boxed wpr-particle-no wpr-jarallax-no wpr-parallax-no wpr-sticky-section-no e-con e-parent\" data-id=\"a78fccb\" data-element_type=\"container\" data-e-type=\"container\" data-settings=\"{&quot;_ha_eqh_enable&quot;:false}\">\n\t\t\t\t\t<div class=\"e-con-inner\">\n\t\t\t\t<div class=\"elementor-element elementor-element-71f690f6 exad-sticky-section-no exad-glass-effect-no elementor-widget elementor-widget-text-editor\" data-id=\"71f690f6\" data-element_type=\"widget\" data-e-type=\"widget\" data-widget_type=\"text-editor.default\">\n\t\t\t\t<div class=\"elementor-widget-container\">\n\t\t\t\t\t\t\t\t\t\n<p class=\"has-normal-font-size\"><strong>A Gratifica\u00e7\u00e3o por Encargo de Curso ou Concurso<\/strong>, prevista no Art. 97 da <a href=\"https:\/\/sapl.hortolandia.sp.leg.br\/pysc\/download_norma_pysc?cod_norma=4&amp;texto_original=1\" target=\"_blank\" rel=\"noreferrer noopener\" data-type=\"URL\" data-id=\"https:\/\/leismunicipais.com.br\/a2\/sp\/h\/hortolandia\/lei-ordinaria\/2008\/201\/2004\/lei-ordinaria-n-2004-2008-dispoe-sobre-o-regime-juridico-dos-servidores-publicos-integrantes-dos-quadros-de-pessoal-dos-orgaos-dos-poderes-executivo-e-legislativo-das-autarquias-e-das-fundacoes-publicas-do-municipio-de-hortolandia-e-da-outras-providencias?q=2004%2F2008\">Lei n\u00ba 2004\/2008<\/a> e regulamentada pelo <a href=\"https:\/\/sapl.hortolandia.sp.leg.br\/pysc\/download_norma_pysc?cod_norma=14451&amp;texto_original=1\">Decreto n\u00ba 4.146\/2019<\/a>, <strong>\u00e9 a remunera\u00e7\u00e3o paga ao servidor p\u00fablico municipal que atue como docente em atividades de capacita\u00e7\u00e3o ou nos processos de planejamento, prepara\u00e7\u00e3o e aplica\u00e7\u00e3o de concursos e processos seletivos<\/strong> realizados pela EGPH ou outros \u00f3rg\u00e3os da Prefeitura Municipal de Hortol\u00e2ndia.<\/p>\n\n<div class=\"wp-block-file\"><a href=\"https:\/\/portaldoservidor.hortolandia.sp.gov.br\/wp-content\/uploads\/2021\/06\/Decreto-no-4.146-2019-Marco-Legal-da-EGPH-7.pdf\">Decreto-no-4.146-2019-Marco-Legal-da-EGPH<\/a><a class=\"wp-block-file__button\" href=\"https:\/\/portaldoservidor.hortolandia.sp.gov.br\/wp-content\/uploads\/2021\/06\/Decreto-no-4.146-2019-Marco-Legal-da-EGPH-7.pdf\" download=\"\">Baixar<\/a><\/div>\n\n<ul class=\"has-normal-font-size wp-block-list\">\n<li>As quatro atividades acima referem-se \u00e0:\n<ul>\n<li><strong>Atua\u00e7\u00e3o como instrutor em curso de forma\u00e7\u00e3o, de desenvolvimento ou de capacita\u00e7\u00e3o<\/strong> regularmente institu\u00eddo no \u00e2mbito da administra\u00e7\u00e3o p\u00fablica;<\/li>\n<li><strong>Participa\u00e7\u00e3o de banca examinadora ou de comiss\u00e3o para exames orais<\/strong>, para an\u00e1lise curricular, para corre\u00e7\u00e3o de provas discursivas, para elabora\u00e7\u00e3o de quest\u00f5es de provas ou para julgamento de recursos intentados por candidatos;<\/li>\n<li><strong>Participa\u00e7\u00e3o da log\u00edstica de prepara\u00e7\u00e3o e de realiza\u00e7\u00e3o de concurso p\u00fablico,<\/strong> envolvendo atividades de planejamento, coordena\u00e7\u00e3o, supervis\u00e3o, execu\u00e7\u00e3o e avalia\u00e7\u00e3o de resultado, quando tais atividades n\u00e3o estiverem inclu\u00eddas entre as suas atribui\u00e7\u00f5es permanentes;<\/li>\n<li><strong>Participa\u00e7\u00e3o da aplica\u00e7\u00e3o, fiscalizar ou avaliar provas de concurso p\u00fablico<\/strong> ou processo seletivo, ou ainda, supervisionar uma dessas atividades.<\/li>\n<\/ul>\n<\/li>\n<\/ul>\n\n<div class=\"wp-block-image\">\n<figure class=\"alignright size-large is-resized\"><img fetchpriority=\"high\" decoding=\"async\" class=\"wp-image-2671\" src=\"https:\/\/portaldoservidor.hortolandia.sp.gov.br\/wp-content\/uploads\/2021\/06\/Grat-Proinst-2.jpg\" alt=\"\" width=\"503\" height=\"286\" \/><\/figure>\n<\/div>\n\n<p class=\"has-normal-font-size\">A concess\u00e3o da gratifica\u00e7\u00e3o fica condicionada \u00e0 natureza e \u00e0 complexidade das tarefas em uma escala crescente correspondente a cinco n\u00edveis.<\/p>\n\n<p class=\"has-normal-font-size\"><strong>O servidor que atuar como instrutor nos programas de capacita\u00e7\u00e3o receber\u00e1 gratifica\u00e7\u00e3o correspondente aos requisitos do n\u00edvel de complexidade espec\u00edfico da atividade<\/strong>(veja quadro ao lado):<\/p>\n\n<p class=\"has-normal-font-size\"><strong>O n\u00edvel de complexidade requerido para ser instrutor em programas de capacita\u00e7\u00e3o ser\u00e1 classificado pelo \u00f3rg\u00e3o que organizar o curso<\/strong>, ap\u00f3s parecer do colegiado de planejamento e gest\u00e3o do programa de capacita\u00e7\u00e3o e aperfei\u00e7oamento, baseado no objetivo do curso, p\u00fablico-alvo, assuntos abordados, dificuldade e complexidade dos temas tratados.<\/p>\n\n<p class=\"has-text-align-center has-normal-font-size\"><strong>A gratifica\u00e7\u00e3o ser\u00e1 recebida exclusivamente em conformidade com o grau de forma\u00e7\u00e3o exigido para o curso que est\u00e1 sendo ministrado, presencial ou \u00e0 dist\u00e2ncia, classificado em um dos n\u00edveis e a carga hor\u00e1ria efetivamente exercida. <\/strong><\/p>\n\n<ul class=\"has-normal-font-size wp-block-list\">\n<li>A servidora ou o servidor que atuar em concurso ou processo seletivo receber\u00e1 gratifica\u00e7\u00e3o correspondente \u00e0 complexidade das tarefas desempenhadas:\n<ul>\n<li><strong>N\u00edvel I: <\/strong>participar da aplica\u00e7\u00e3o, fiscaliza\u00e7\u00e3o ou avalia\u00e7\u00e3o de provas de corre\u00e7\u00e3o simples (&#8230;);<\/li>\n<li><strong>N\u00edvel II: <\/strong>supervisionar ou coordenar a aplica\u00e7\u00e3o, fiscaliza\u00e7\u00e3o e avalia\u00e7\u00e3o de provas;<\/li>\n<li><strong>N\u00edvel III:<\/strong> participar da log\u00edstica de prepara\u00e7\u00e3o e realiza\u00e7\u00e3o do certame envolvendo atividades de planejamento, execu\u00e7\u00e3o e avalia\u00e7\u00e3o de resultado;<\/li>\n<li><strong>N\u00edvel IV: <\/strong>supervisionar ou coordenar a log\u00edstica de prepara\u00e7\u00e3o e realiza\u00e7\u00e3o do certame, (&#8230;);<\/li>\n<li><strong>N\u00edvel V:<\/strong> participar de banca examinadora ou de comiss\u00e3o para exames orais, para an\u00e1lise curricular, para corre\u00e7\u00e3o de provas discursivas, para elabora\u00e7\u00e3o de quest\u00f5es de provas ou para julgamento de recursos intentados por candidatos.<\/li>\n<\/ul>\n<\/li>\n<li><strong>Observa\u00e7\u00e3o:<\/strong> a servidora ou servidor far\u00e1 jus \u00e0 gratifica\u00e7\u00e3o somente se as atividades n\u00e3o estiverem entre suas atribui\u00e7\u00f5es permanentes.<\/li>\n<\/ul>\n\n<p class=\"has-text-align-center has-normal-font-size\"><strong>A gratifica\u00e7\u00e3o por encargo de curso ou concurso somente ser\u00e1 paga se as atividades referidas forem exercidas sem preju\u00edzo das atribui\u00e7\u00f5es do cargo de que o servidor for titular, devendo ser objeto de compensa\u00e7\u00e3o de carga hor\u00e1ria quando desempenhadas durante a jornada de trabalho.<\/strong><\/p>\n\n<p class=\"has-text-align-center has-normal-font-size\"><strong>O valor da gratifica\u00e7\u00e3o ser\u00e1 calculado em horas, conforme a natureza e complexidade das atividades em cada um dos n\u00edveis e os valores correspondentes a cada um dos cinco n\u00edveis de gratifica\u00e7\u00e3o, reajustados em conformidade com o reajuste geral dos servidores.<\/strong><\/p>\n\n<p class=\"has-normal-font-size\"><strong>O valor da gratifica\u00e7\u00e3o a ser paga ser\u00e1 apurado pela EGPH<\/strong>\u00a0no m\u00eas de realiza\u00e7\u00e3o da atividade e informado, at\u00e9 o 5\u00ba dia \u00fatil do m\u00eas seguinte, para processamento do pagamento. <strong>Na contagem das horas a serem remuneradas, considera-se apenas o tempo das aulas ministradas, (hora-aula = 60 minutos)<\/strong>, <strong>inclusos nesse per\u00edodo o tempo destinado a prepara\u00e7\u00e3o das atividades e conte\u00fados pedag\u00f3gicos desenvolvidos e apresentados<\/strong>.<\/p>\n\n<p class=\"has-text-align-center has-normal-font-size\"><strong>A gratifica\u00e7\u00e3o por encargo de curso ou concurso n\u00e3o se incorpora ao vencimento ou sal\u00e1rio da servidora ou do servidor para qualquer efeito e n\u00e3o poder\u00e1 ser utilizada como base de c\u00e1lculo para quaisquer outras vantagens, inclusive para c\u00e1lculo de proventos da aposentadoria ou das pens\u00f5es.<\/strong><\/p>\n\t\t\t\t\t\t\t\t<\/div>\n\t\t\t\t<\/div>\n\t\t\t\t\t<\/div>\n\t\t\t\t<\/div>\n\t\t\t\t<\/div>\n\t\t","protected":false},"excerpt":{"rendered":"<p>A Gratifica\u00e7\u00e3o por Encargo de Curso ou Concurso, prevista no Art. 97 da Lei n\u00ba 2004\/2008 e regulamentada pelo Decreto n\u00ba 4.146\/2019, \u00e9 a remunera\u00e7\u00e3o&hellip;<\/p>\n","protected":false},"author":1,"featured_media":0,"parent":0,"menu_order":0,"comment_status":"closed","ping_status":"closed","template":"","meta":{"footnotes":""},"class_list":["post-2376","page","type-page","status-publish","hentry"],"_links":{"self":[{"href":"https:\/\/portaldoservidor.hortolandia.sp.gov.br\/index.php\/wp-json\/wp\/v2\/pages\/2376","targetHints":{"allow":["GET"]}}],"collection":[{"href":"https:\/\/portaldoservidor.hortolandia.sp.gov.br\/index.php\/wp-json\/wp\/v2\/pages"}],"about":[{"href":"https:\/\/portaldoservidor.hortolandia.sp.gov.br\/index.php\/wp-json\/wp\/v2\/types\/page"}],"author":[{"embeddable":true,"href":"https:\/\/portaldoservidor.hortolandia.sp.gov.br\/index.php\/wp-json\/wp\/v2\/users\/1"}],"replies":[{"embeddable":true,"href":"https:\/\/portaldoservidor.hortolandia.sp.gov.br\/index.php\/wp-json\/wp\/v2\/comments?post=2376"}],"version-history":[{"count":3,"href":"https:\/\/portaldoservidor.hortolandia.sp.gov.br\/index.php\/wp-json\/wp\/v2\/pages\/2376\/revisions"}],"predecessor-version":[{"id":23524,"href":"https:\/\/portaldoservidor.hortolandia.sp.gov.br\/index.php\/wp-json\/wp\/v2\/pages\/2376\/revisions\/23524"}],"wp:attachment":[{"href":"https:\/\/portaldoservidor.hortolandia.sp.gov.br\/index.php\/wp-json\/wp\/v2\/media?parent=2376"}],"curies":[{"name":"wp","href":"https:\/\/api.w.org\/{rel}","templated":true}]}}