{"id":267,"date":"2019-06-14T16:24:20","date_gmt":"2019-06-14T19:24:20","guid":{"rendered":"http:\/\/portaldoservidor.hortolandia.sp.gov.br\/?page_id=267"},"modified":"2025-01-22T15:59:04","modified_gmt":"2025-01-22T18:59:04","slug":"certidao-de-tempo-de-servico","status":"publish","type":"page","link":"https:\/\/portaldoservidor.hortolandia.sp.gov.br\/index.php\/certidao-de-tempo-de-servico\/","title":{"rendered":"Certid\u00e3o de Tempo de Servi\u00e7o"},"content":{"rendered":"\t\t<div data-elementor-type=\"wp-page\" data-elementor-id=\"267\" class=\"elementor elementor-267\" data-elementor-settings=\"{&quot;ha_cmc_init_switcher&quot;:&quot;no&quot;}\">\n\t\t\t\t<div class=\"elementor-element elementor-element-1619eb08 e-flex e-con-boxed wpr-particle-no wpr-jarallax-no wpr-parallax-no wpr-sticky-section-no e-con e-parent\" data-id=\"1619eb08\" data-element_type=\"container\" data-e-type=\"container\" data-settings=\"{&quot;_ha_eqh_enable&quot;:false}\">\n\t\t\t\t\t<div class=\"e-con-inner\">\n\t\t\t\t<div class=\"elementor-element elementor-element-61b993da exad-sticky-section-no exad-glass-effect-no elementor-widget elementor-widget-text-editor\" data-id=\"61b993da\" data-element_type=\"widget\" data-e-type=\"widget\" data-widget_type=\"text-editor.default\">\n\t\t\t\t<div class=\"elementor-widget-container\">\n\t\t\t\t\t\t\t\t\t\n<p><strong>A Certid\u00e3o de Tempo de Servi\u00e7o \u00e9 o documento que descreve todos os per\u00edodos de v\u00ednculo com o Munic\u00edpio para finalidades diversas<\/strong>, tais como:<\/p>\n<ul class=\"wp-block-list\">\n<li><strong>Comprova\u00e7\u00e3o de v\u00ednculo com o RPPS<\/strong> para solicitar a Certid\u00e3o de Tempo de Contribui\u00e7\u00e3o junto ao INSS e aproveitar o tempo de contribui\u00e7\u00e3o para aposentadoria no HORTOPREV;<\/li>\n<li><strong>Solicita\u00e7\u00e3o ao HORTOPREV de Certid\u00e3o de Tempo de Contribui\u00e7\u00e3o<\/strong> para aposentadoria em outro \u00f3rg\u00e3o de previd\u00eancia;<\/li>\n<\/ul>\n<ul>\n<li><strong>Comprovar experi\u00eancia profissional em etapas de Concursos P\u00fablicos ou Processos Seletivos P\u00fablicos<\/strong>; ou em <strong>em processos de sele\u00e7\u00e3o da iniciativa privada.<\/strong><\/li>\n<\/ul>\n<ul>\n<li style=\"list-style-type: none;\">\n<ul>\n<li><strong>Averba\u00e7\u00e3o de tempo de servi\u00e7o de matr\u00edculas anteriores<\/strong> para fins de Adicional por Tempo de Servi\u00e7o (quinqu\u00eanio); ou para <strong>verifica\u00e7\u00e3o para esclarecimento quanto ao Adicional por Tempo de Servi\u00e7o<\/strong>.<\/li>\n<\/ul>\n<\/li>\n<\/ul>\n<p>\u00a0<\/p>\n<ul>\n<li style=\"list-style-type: none;\"><strong>A Certid\u00e3o de Tempo de Servi\u00e7o contempla as informa\u00e7\u00f5es funcionais abaixo, desde que estejam nos assentamentos funcionais do(a) requerente: <\/strong><\/li>\n<li>Informa\u00e7\u00f5es do Munic\u00edpio como pessoa jur\u00eddica;<\/li>\n<li>Informa\u00e7\u00f5es pessoais do(a) servidor (a) ou ex-servidor(a);<\/li>\n<li>Listagem dos per\u00edodos de v\u00ednculo que ser\u00e3o descritos na certid\u00e3o e das destina\u00e7\u00f5es de contribui\u00e7\u00e3o previdenci\u00e1ria dos per\u00edodos de v\u00ednculo;<\/li>\n<li>Hist\u00f3rico das altera\u00e7\u00f5es de cargo e de especialidade, das designa\u00e7\u00f5es, e das eventuais cess\u00f5es; contagem do Tempo de Servi\u00e7o;<\/li>\n<li>An\u00e1lise de faltas, afastamentos e outros abatimentos;<\/li>\n<li>Contagem do Tempo de Efetivo Exerc\u00edcio.<\/li>\n<\/ul>\n<p>A depender da finalidade outros documentos podem ser necess\u00e1rios al\u00e9m da certid\u00e3o, tais como:<\/p>\n<ul>\n<li style=\"list-style-type: none;\">\n<ul>\n<li><strong>Perfil Profissiogr\u00e1fico Previdenci\u00e1rio<\/strong>: \u00e9 um formul\u00e1rio que possui campos com as informa\u00e7\u00f5es relativas \u00e0 institui\u00e7\u00e3o e ao servidor (ex.: atividade que exerce, o agente nocivo ao qual est\u00e1 exposto, a intensidade e a concentra\u00e7\u00e3o do agente, exames cl\u00ednicos) e geralmente destina-se \u00e0 comprova\u00e7\u00e3o de que foi exposto a condi\u00e7\u00f5es insalubres ou perigosas de trabalho, para requerer aposentadoria especial por essa exposi\u00e7\u00e3o;<\/li>\n<li><strong>Declara\u00e7\u00e3o de Tempo de Contribui\u00e7\u00e3o para Obten\u00e7\u00e3o de Benef\u00edcios junto ao INSS<\/strong>: formul\u00e1rio no formato do Anexo VIII da Instru\u00e7\u00e3o Normativa N\u00ba 77\/2015 do INSS, descrevendo todos e somente os per\u00edodos de v\u00ednculo do servidor com contribui\u00e7\u00e3o para o INSS;<\/li>\n<li><strong>Base Previdenci\u00e1ria<\/strong>: \u00e9 certid\u00e3o que explicita os eventos que comp\u00f5em a base para c\u00e1lculo de contribui\u00e7\u00e3o previdenci\u00e1ria, normalmente solicitada por servidores cedidos a outros \u00f3rg\u00e3os com preju\u00edzo dos vencimentos, para que o recolhimento seja feito corretamente;<\/li>\n<li><strong>Declara\u00e7\u00e3o de V\u00ednculo<\/strong>: que comprova v\u00ednculo (ou aus\u00eancia de v\u00ednculo) com o Munic\u00edpio, geralmente solicitada para comprova\u00e7\u00f5es junto a institui\u00e7\u00f5es banc\u00e1rias, consulados internacionais, institui\u00e7\u00f5es de ensino, negativa para comprovar que n\u00e3o h\u00e1 ac\u00famulo para tomar posse em outro cargo p\u00fablico, entre outras finalidades.<\/li>\n<\/ul>\n<\/li>\n<\/ul>\n\n<h3 class=\"wp-block-heading\"><strong>Orienta\u00e7\u00f5es para Requerer a Certid\u00e3o de Tempo de Servi\u00e7o<\/strong><\/h3>\n\n<p><strong>O Munic\u00edpio, para maior agilidade nos processos, implementou no sistema de Protocolo Digital (Sequoia) o servi\u00e7o de Certid\u00f5es. Para protocolo de pedidos de Certid\u00e3o, os(as) requerentes dever\u00e3o preencher o Requerimento de Certid\u00e3o de Tempo de Servi\u00e7o abaixo, assin\u00e1-lo e juntar a documenta\u00e7\u00e3o<\/strong> listada abaixo, conforme o meio escolhido para iniciar o processo (vide as quatro hip\u00f3tese poss\u00edveis):<\/p>\n\n<div class=\"wp-block-file\"><a href=\"https:\/\/portaldoservidor.hortolandia.sp.gov.br\/wp-content\/uploads\/2021\/12\/Formulario_-_Requerimento_de_Certidao_-_Prefeitura_Municipal_de_Hortolandia_corrigido_2021.12.06_PREENCHIVEL.pdf\" target=\"_blank\" rel=\"noreferrer noopener\">Formulario_-_Requerimento_de_Certidao_-_Prefeitura_Municipal_de_Hortolandia_corrigido_2021.12.06_PREENCHIVEL<\/a><a class=\"wp-block-file__button\" href=\"https:\/\/portaldoservidor.hortolandia.sp.gov.br\/wp-content\/uploads\/2021\/12\/Formulario_-_Requerimento_de_Certidao_-_Prefeitura_Municipal_de_Hortolandia_corrigido_2021.12.06_PREENCHIVEL.pdf\" download=\"\">Baixar<\/a><\/div>\n\n<ul class=\"wp-block-list\">\n<li><strong>A<\/strong> <strong>entrega presencial\/remota do requerimento e dos documentos<\/strong> dever\u00e1 ocorrer no:\n<ul>\n<li><strong>Setor de Arquivo Geral e Protocolo<\/strong> (tanto servidores ativos, quanto desligados) na Rua Projetada 12, n\u00ba 100, Jardim Metropolitan, Hortol\u00e2ndia ou pelo endere\u00e7o eletr\u00f4nico: <a href=\"mailto:protocolo@hortolandia.sp.gov.br\">protocolo@hortolandia.sp.gov.br<\/a>.<\/li>\n<li><strong>Departamento de Gest\u00e3o de Pessoal<\/strong> (apenas servidores ativos) na Rua Projetada 12, n\u00ba 100, Jardim Metropolitan, Hortol\u00e2ndia ou pelo endere\u00e7o eletr\u00f4nico: <a href=\"mailto:atendimentodgp@hortolandia.sp.gov.br\">atendimentodgp@hortolandia.sp.gov.br<\/a><\/li>\n<\/ul>\n<\/li>\n<\/ul>\n\n<h3 class=\"has-text-align-center wp-block-heading\"><strong>IMPORTANTE:<\/strong> para a abertura do processo, voc\u00ea dever\u00e1 <strong>preencher o Requerimento de Certid\u00e3o de Tempo de Servi\u00e7o, assin\u00e1-lo e juntar a documenta\u00e7\u00e3o obrigat\u00f3ria listada abaixo<\/strong>, conforme o meio escolhido para iniciar o processo (vide as quatro hip\u00f3teses poss\u00edveis):<\/h3>\n\n<p><strong>1. Pr\u00f3prio servidor solicitando pessoalmente<\/strong>:<\/p>\n<p><strong> I &#8211;<\/strong> <strong>C\u00f3pia do Requerimento<\/strong> de Certid\u00e3o de Tempo de Servi\u00e7o preenchido e assinado;<\/p>\n<p><strong>II &#8211;<\/strong> <strong>C\u00f3pia de documento pessoal<\/strong> contendo n\u00famero de CPF;<\/p>\n<p><strong>III &#8211; <\/strong>Instru\u00e7\u00e3o acerca do modelo a ser usado (item opcional).<\/p>\n\n<p><strong>2.<\/strong> <strong>Procurador do servidor solicitando pessoalmente<\/strong>:<\/p>\n<p><strong>I &#8211;<\/strong> <strong>C\u00f3pia do Requerimento<\/strong> de Certid\u00e3o de Tempo de Servi\u00e7o preenchido e assinado;<\/p>\n<p><strong>II &#8211; C\u00f3pia de documento pessoal<\/strong> do servidor contendo n\u00famero de CPF;<\/p>\n<p><strong>III &#8211; C\u00f3pia da Procura\u00e7\u00e3o <\/strong>conferindo direitos ao procurador;<\/p>\n<p><strong>IV &#8211; C\u00f3pia de documento pessoal do procurador<\/strong> (OAB ou contendo CPF);<\/p>\n<p><strong>V-<\/strong> Instru\u00e7\u00e3o acerca do modelo a ser usado (item opcional .<\/p>\n\n<p><strong>3.<\/strong> <strong>Pr\u00f3prio servidor solicitando remotamente<\/strong>:<\/p>\n<p><strong>I &#8211;<\/strong> <strong>C\u00f3pia do Requerimento<\/strong> de Certid\u00e3o de Tempo de Servi\u00e7o preenchido e assinado;<\/p>\n<p><strong>II &#8211; C\u00f3pia de documento pessoal<\/strong> do servidor contendo n\u00famero de CPF;<\/p>\n<p><strong>III &#8211;<\/strong> <strong>Foto do servidor com o requerimento<\/strong> preenchido;<\/p>\n<p><strong>IV &#8211;<\/strong> <strong>Foto do servidor com o documento<\/strong> pessoal;<\/p>\n<p><strong>V &#8211;<\/strong> Instru\u00e7\u00e3o acerca do modelo a ser usado (item opcional).<\/p>\n\n<p><strong>4. Procurador do servidor solicitando remotamente<\/strong>:<\/p>\n<p><strong>I &#8211;<\/strong> <strong>C\u00f3pia do Requerimento<\/strong> de Certid\u00e3o de Tempo de Servi\u00e7o preenchido e assinado;<\/p>\n<p><strong>II &#8211; C\u00f3pia de documento pessoal <\/strong>do servidor contendo n\u00famero de CPF;<\/p>\n<p><strong>III &#8211;<\/strong> <strong>Foto do servidor com o requerimento preenchido<\/strong>;<\/p>\n<p><strong>IV &#8211;<\/strong> <strong>Foto do servidor com o documento pessoal<\/strong>;<\/p>\n<p><strong>V &#8211; C\u00f3pia da Procura\u00e7\u00e3o<\/strong> conferindo direitos ao procurador;<\/p>\n<p><strong>VI &#8211;<\/strong> <strong>C\u00f3pia de documento pessoal do procurado<\/strong>r (OAB ou contendo CPF);<\/p>\n<p><strong>VII &#8211;<\/strong> Instru\u00e7\u00e3o acerca do modelo a ser usado (item opcional).<\/p>\n<hr class=\"wp-block-separator is-style-wide\" \/>\t\t\t\t\t\t\t\t<\/div>\n\t\t\t\t<\/div>\n\t\t\t\t\t<\/div>\n\t\t\t\t<\/div>\n\t\t\t\t<\/div>\n\t\t","protected":false},"excerpt":{"rendered":"<p>A Certid\u00e3o de Tempo de Servi\u00e7o \u00e9 o documento que descreve todos os per\u00edodos de v\u00ednculo com o Munic\u00edpio para finalidades diversas, tais como: Comprova\u00e7\u00e3o&hellip;<\/p>\n","protected":false},"author":1,"featured_media":0,"parent":0,"menu_order":0,"comment_status":"closed","ping_status":"closed","template":"","meta":{"footnotes":""},"class_list":["post-267","page","type-page","status-publish","hentry"],"_links":{"self":[{"href":"https:\/\/portaldoservidor.hortolandia.sp.gov.br\/index.php\/wp-json\/wp\/v2\/pages\/267","targetHints":{"allow":["GET"]}}],"collection":[{"href":"https:\/\/portaldoservidor.hortolandia.sp.gov.br\/index.php\/wp-json\/wp\/v2\/pages"}],"about":[{"href":"https:\/\/portaldoservidor.hortolandia.sp.gov.br\/index.php\/wp-json\/wp\/v2\/types\/page"}],"author":[{"embeddable":true,"href":"https:\/\/portaldoservidor.hortolandia.sp.gov.br\/index.php\/wp-json\/wp\/v2\/users\/1"}],"replies":[{"embeddable":true,"href":"https:\/\/portaldoservidor.hortolandia.sp.gov.br\/index.php\/wp-json\/wp\/v2\/comments?post=267"}],"version-history":[{"count":3,"href":"https:\/\/portaldoservidor.hortolandia.sp.gov.br\/index.php\/wp-json\/wp\/v2\/pages\/267\/revisions"}],"predecessor-version":[{"id":23777,"href":"https:\/\/portaldoservidor.hortolandia.sp.gov.br\/index.php\/wp-json\/wp\/v2\/pages\/267\/revisions\/23777"}],"wp:attachment":[{"href":"https:\/\/portaldoservidor.hortolandia.sp.gov.br\/index.php\/wp-json\/wp\/v2\/media?parent=267"}],"curies":[{"name":"wp","href":"https:\/\/api.w.org\/{rel}","templated":true}]}}