{"id":2744,"date":"2021-06-02T06:42:41","date_gmt":"2021-06-02T09:42:41","guid":{"rendered":"https:\/\/portaldoservidor.hortolandia.sp.gov.br\/?page_id=2744"},"modified":"2025-01-22T16:27:46","modified_gmt":"2025-01-22T19:27:46","slug":"cadastro-de-unidades-e-equipes-de-avaliacao","status":"publish","type":"page","link":"https:\/\/portaldoservidor.hortolandia.sp.gov.br\/index.php\/cadastro-de-unidades-e-equipes-de-avaliacao\/","title":{"rendered":"Cadastro de Unidades e Equipes de Avalia\u00e7\u00e3o"},"content":{"rendered":"\t\t<div data-elementor-type=\"wp-page\" data-elementor-id=\"2744\" class=\"elementor elementor-2744\" data-elementor-settings=\"{&quot;ha_cmc_init_switcher&quot;:&quot;no&quot;}\">\n\t\t\t\t<div class=\"elementor-element elementor-element-b7d23e8 e-flex e-con-boxed wpr-particle-no wpr-jarallax-no wpr-parallax-no wpr-sticky-section-no e-con e-parent\" data-id=\"b7d23e8\" data-element_type=\"container\" data-e-type=\"container\" data-settings=\"{&quot;_ha_eqh_enable&quot;:false}\">\n\t\t\t\t\t<div class=\"e-con-inner\">\n\t\t\t\t<div class=\"elementor-element elementor-element-70e8096c exad-sticky-section-no exad-glass-effect-no elementor-widget elementor-widget-text-editor\" data-id=\"70e8096c\" data-element_type=\"widget\" data-e-type=\"widget\" data-widget_type=\"text-editor.default\">\n\t\t\t\t<div class=\"elementor-widget-container\">\n\t\t\t\t\t\t\t\t\t\n<p class=\"has-normal-font-size\">As unidades de avalia\u00e7\u00e3o, constitu\u00eddas no \u00e2mbito de cada ambiente organizacional e secretaria municipal, equivalem a uma ou mais equipes de trabalho de uma unidade de avalia\u00e7\u00e3o (setor, coordena\u00e7\u00e3o, divis\u00e3o, departamento ou secretaria municipal) e s\u00e3o os organismos nucleares dos mecanismos e instrumentos de avalia\u00e7\u00e3o de desempenho.<\/p>\n\n<p class=\"has-normal-font-size\">O cadastro da unidade e equipe de avalia\u00e7\u00e3o deve ser realizado pelo respons\u00e1vel pela unidade, indicado pela Administra\u00e7\u00e3o P\u00fablica Municipal, junto ao Setor de Avalia\u00e7\u00e3o de Desempenho e Est\u00e1gio Probat\u00f3rio, na EGPH (Escola de Gest\u00e3o P\u00fablica de Hortol\u00e2ndia), sempre que a unidade ou equipe for criada.<\/p>\n\n<p class=\"has-normal-font-size\">No cadastro da unidade consta nome da unidade, dados, como endere\u00e7o, telefone de contato, nome do respons\u00e1vel, ambiente organizacional, secretaria municipal, unidades de lota\u00e7\u00e3o vinculadas a ela, nome e matr\u00edcula dos servidores, bem como cargos\/especialidades e cargos em comissionamento.\u00a0 Atualmente, outubro de 2020, h\u00e1 168 unidades cadastradas.<\/p>\n\n<p class=\"has-normal-font-size\">O cadastro da equipe de avalia\u00e7\u00e3o tamb\u00e9m deve ser realizado pelo respons\u00e1vel pela unidade, junto ao Setor de Avalia\u00e7\u00e3o de Desempenho e Est\u00e1gio Probat\u00f3rio e far\u00e1 parte dela todos os servidores e servidoras que esteja atuando na unidade.<\/p>\n\n<p class=\"has-normal-font-size\">As servidoras e os servidores que n\u00e3o t\u00eam certeza em qual unidade a equipe est\u00e1 inserido(a) para o programa de avalia\u00e7\u00e3o de desempenho, orientamos que converse com seu superior imediato e, caso ainda reste d\u00favida, entre em contato com a equipe t\u00e9cnica do Setor de Avalia\u00e7\u00e3o de Desempenho e Est\u00e1gio Probat\u00f3rio, pelo endere\u00e7o eletr\u00f4nico: <a href=\"mailto:avaliacaodesempenho@hortolandia.sp.gov.br\">avaliacaodesempenho@hortolandia.sp.gov.br<\/a>.<\/p>\n\t\t\t\t\t\t\t\t<\/div>\n\t\t\t\t<\/div>\n\t\t\t\t\t<\/div>\n\t\t\t\t<\/div>\n\t\t\t\t<\/div>\n\t\t","protected":false},"excerpt":{"rendered":"<p>As unidades de avalia\u00e7\u00e3o, constitu\u00eddas no \u00e2mbito de cada ambiente organizacional e secretaria municipal, equivalem a uma ou mais equipes de trabalho de uma unidade&hellip;<\/p>\n","protected":false},"author":1,"featured_media":0,"parent":0,"menu_order":0,"comment_status":"closed","ping_status":"closed","template":"","meta":{"footnotes":""},"class_list":["post-2744","page","type-page","status-publish","hentry"],"_links":{"self":[{"href":"https:\/\/portaldoservidor.hortolandia.sp.gov.br\/index.php\/wp-json\/wp\/v2\/pages\/2744","targetHints":{"allow":["GET"]}}],"collection":[{"href":"https:\/\/portaldoservidor.hortolandia.sp.gov.br\/index.php\/wp-json\/wp\/v2\/pages"}],"about":[{"href":"https:\/\/portaldoservidor.hortolandia.sp.gov.br\/index.php\/wp-json\/wp\/v2\/types\/page"}],"author":[{"embeddable":true,"href":"https:\/\/portaldoservidor.hortolandia.sp.gov.br\/index.php\/wp-json\/wp\/v2\/users\/1"}],"replies":[{"embeddable":true,"href":"https:\/\/portaldoservidor.hortolandia.sp.gov.br\/index.php\/wp-json\/wp\/v2\/comments?post=2744"}],"version-history":[{"count":6,"href":"https:\/\/portaldoservidor.hortolandia.sp.gov.br\/index.php\/wp-json\/wp\/v2\/pages\/2744\/revisions"}],"predecessor-version":[{"id":23793,"href":"https:\/\/portaldoservidor.hortolandia.sp.gov.br\/index.php\/wp-json\/wp\/v2\/pages\/2744\/revisions\/23793"}],"wp:attachment":[{"href":"https:\/\/portaldoservidor.hortolandia.sp.gov.br\/index.php\/wp-json\/wp\/v2\/media?parent=2744"}],"curies":[{"name":"wp","href":"https:\/\/api.w.org\/{rel}","templated":true}]}}