{"id":2834,"date":"2021-06-02T10:40:32","date_gmt":"2021-06-02T13:40:32","guid":{"rendered":"https:\/\/portaldoservidor.hortolandia.sp.gov.br\/?page_id=2834"},"modified":"2025-01-22T14:31:30","modified_gmt":"2025-01-22T17:31:30","slug":"comites-locais-de-avaliacao","status":"publish","type":"page","link":"https:\/\/portaldoservidor.hortolandia.sp.gov.br\/index.php\/comites-locais-de-avaliacao\/","title":{"rendered":"Comit\u00eas Locais de Avalia\u00e7\u00e3o"},"content":{"rendered":"\t\t<div data-elementor-type=\"wp-page\" data-elementor-id=\"2834\" class=\"elementor elementor-2834\" data-elementor-settings=\"{&quot;ha_cmc_init_switcher&quot;:&quot;no&quot;}\">\n\t\t\t\t<div class=\"elementor-element elementor-element-4131db0c e-flex e-con-boxed wpr-particle-no wpr-jarallax-no wpr-parallax-no wpr-sticky-section-no e-con e-parent\" data-id=\"4131db0c\" data-element_type=\"container\" data-e-type=\"container\" data-settings=\"{&quot;_ha_eqh_enable&quot;:false}\">\n\t\t\t\t\t<div class=\"e-con-inner\">\n\t\t\t\t<div class=\"elementor-element elementor-element-56599a58 exad-sticky-section-no exad-glass-effect-no elementor-widget elementor-widget-text-editor\" data-id=\"56599a58\" data-element_type=\"widget\" data-e-type=\"widget\" data-widget_type=\"text-editor.default\">\n\t\t\t\t<div class=\"elementor-widget-container\">\n\t\t\t\t\t\t\t\t\t\n<p>O comit\u00ea local de avalia\u00e7\u00e3o de desempenho dever\u00e1 ser cadastrado pelo respons\u00e1vel pela unidade, junto ao Setor de Avalia\u00e7\u00e3o de Desempenho da Escola de Gest\u00e3o P\u00fablica de Hortol\u00e2ndia e dever\u00e1 ser composto pelas seguintes representa\u00e7\u00f5es, com poder decis\u00f3rio em rela\u00e7\u00e3o aos seus representados:<\/p>\n<ul class=\"wp-block-list\">\n<li style=\"list-style-type: none;\">\n<ul>\n<li>Das equipes de trabalho, eleita por seus pares;<\/li>\n<li>Da Administra\u00e7\u00e3o Municipal, indicada por esta;\u00a0<\/li>\n<li>Dos usu\u00e1rios, escolhida por seus pares.<\/li>\n<\/ul>\n<\/li>\n<\/ul>\n\n<p class=\"has-normal-font-size\">A pr\u00f3pria unidade de avalia\u00e7\u00e3o definir\u00e1 quantos representantes compor\u00e1 o comit\u00ea que dever\u00e1 ser m\u00faltiplo de tr\u00eas, distribu\u00eddos equitativamente entre as representa\u00e7\u00f5es, observando-se preferencialmente o m\u00ednimo de 3 componentes e, excepcionalmente, o m\u00e1ximo de 15; sendo que para cada representante titular dever\u00e1 ser escolhido um representante suplente.<\/p>\n\n<ul class=\"has-normal-font-size wp-block-list\">\n<li>S\u00e3o atribui\u00e7\u00f5es do comit\u00ea local de avalia\u00e7\u00e3o:\n<ul>\n<li>elaborar o plano de atividades;<\/li>\n<li>avaliar a equipe de trabalho, atribuindo nota a cada atividade contratada no plano de atividades para o per\u00edodo de avalia\u00e7\u00e3o.<\/li>\n<\/ul>\n<\/li>\n<\/ul>\n\n<ul class=\"has-normal-font-size wp-block-list\">\n<li>O resultado das notas atribu\u00eddas \u00e0s metas pelos representantes do comit\u00ea local tem os seguintes pesos:\n<ul>\n<li><strong>Representante(s) da administra\u00e7\u00e3o =<\/strong> 25% (vinte e cinco por cento) da nota.<\/li>\n<li><strong>Representante(s) dos servidores da equipe =<\/strong> 25% (vinte e cinco por cento) da nota.<\/li>\n<li><strong>Representante(s) dos usu\u00e1rios =<\/strong> 50% (cinquenta por cento) da nota.<\/li>\n<\/ul>\n<\/li>\n<\/ul>\n\n<p class=\"has-normal-font-size\">Os servidores e as servidoras que ainda n\u00e3o sabem quais s\u00e3o os membros que comp\u00f5em o comit\u00ea local da sua unidade de avalia\u00e7\u00e3o podem buscar a informa\u00e7\u00e3o junto ao gestor de sua unidade e, caso necess\u00e1rio, entrar em contato com a equipe t\u00e9cnica da EGPH\/Setor de Avalia\u00e7\u00e3o de Desempenho e Est\u00e1gio Probat\u00f3rio pelo e-mail: avaliacaodesempenho@hortolandia.sp.gov.br<\/p>\n\n<p class=\"has-normal-font-size\">\u00a0<\/p>\n\t\t\t\t\t\t\t\t<\/div>\n\t\t\t\t<\/div>\n\t\t\t\t\t<\/div>\n\t\t\t\t<\/div>\n\t\t\t\t<\/div>\n\t\t","protected":false},"excerpt":{"rendered":"<p>O comit\u00ea local de avalia\u00e7\u00e3o de desempenho dever\u00e1 ser cadastrado pelo respons\u00e1vel pela unidade, junto ao Setor de Avalia\u00e7\u00e3o de Desempenho da Escola de Gest\u00e3o&hellip;<\/p>\n","protected":false},"author":1,"featured_media":0,"parent":0,"menu_order":0,"comment_status":"closed","ping_status":"closed","template":"","meta":{"footnotes":""},"class_list":["post-2834","page","type-page","status-publish","hentry"],"_links":{"self":[{"href":"https:\/\/portaldoservidor.hortolandia.sp.gov.br\/index.php\/wp-json\/wp\/v2\/pages\/2834","targetHints":{"allow":["GET"]}}],"collection":[{"href":"https:\/\/portaldoservidor.hortolandia.sp.gov.br\/index.php\/wp-json\/wp\/v2\/pages"}],"about":[{"href":"https:\/\/portaldoservidor.hortolandia.sp.gov.br\/index.php\/wp-json\/wp\/v2\/types\/page"}],"author":[{"embeddable":true,"href":"https:\/\/portaldoservidor.hortolandia.sp.gov.br\/index.php\/wp-json\/wp\/v2\/users\/1"}],"replies":[{"embeddable":true,"href":"https:\/\/portaldoservidor.hortolandia.sp.gov.br\/index.php\/wp-json\/wp\/v2\/comments?post=2834"}],"version-history":[{"count":9,"href":"https:\/\/portaldoservidor.hortolandia.sp.gov.br\/index.php\/wp-json\/wp\/v2\/pages\/2834\/revisions"}],"predecessor-version":[{"id":23731,"href":"https:\/\/portaldoservidor.hortolandia.sp.gov.br\/index.php\/wp-json\/wp\/v2\/pages\/2834\/revisions\/23731"}],"wp:attachment":[{"href":"https:\/\/portaldoservidor.hortolandia.sp.gov.br\/index.php\/wp-json\/wp\/v2\/media?parent=2834"}],"curies":[{"name":"wp","href":"https:\/\/api.w.org\/{rel}","templated":true}]}}