{"id":2991,"date":"2021-06-02T12:33:12","date_gmt":"2021-06-02T15:33:12","guid":{"rendered":"https:\/\/portaldoservidor.hortolandia.sp.gov.br\/?page_id=2991"},"modified":"2025-01-22T16:06:11","modified_gmt":"2025-01-22T19:06:11","slug":"centro-de-documentacao-informacao-e-pesquisa-cedip-egph","status":"publish","type":"page","link":"https:\/\/portaldoservidor.hortolandia.sp.gov.br\/index.php\/centro-de-documentacao-informacao-e-pesquisa-cedip-egph\/","title":{"rendered":"Centro de Documenta\u00e7\u00e3o Informa\u00e7\u00e3o e Pesquisa &#8211; CEDIP\/EGPH"},"content":{"rendered":"\t\t<div data-elementor-type=\"wp-page\" data-elementor-id=\"2991\" class=\"elementor elementor-2991\" data-elementor-settings=\"{&quot;ha_cmc_init_switcher&quot;:&quot;no&quot;}\">\n\t\t\t\t<div class=\"elementor-element elementor-element-2619c566 e-flex e-con-boxed wpr-particle-no wpr-jarallax-no wpr-parallax-no wpr-sticky-section-no e-con e-parent\" data-id=\"2619c566\" data-element_type=\"container\" data-e-type=\"container\" data-settings=\"{&quot;_ha_eqh_enable&quot;:false}\">\n\t\t\t\t\t<div class=\"e-con-inner\">\n\t\t\t\t<div class=\"elementor-element elementor-element-3aeb1259 exad-sticky-section-no exad-glass-effect-no elementor-widget elementor-widget-text-editor\" data-id=\"3aeb1259\" data-element_type=\"widget\" data-e-type=\"widget\" data-widget_type=\"text-editor.default\">\n\t\t\t\t<div class=\"elementor-widget-container\">\n\t\t\t\t\t\t\t\t\t\n<p class=\"has-normal-font-size\">O Centro de documenta\u00e7\u00e3o, Informa\u00e7\u00e3o e Pesquisa (CEDIP) \u00e9 o organismo instrumental da Escola de Gest\u00e3o P\u00fablica de Hortol\u00e2ndia destinado \u00e0 transfer\u00eancia e ao compartilhamento de informa\u00e7\u00f5es com vistas \u00e0 gera\u00e7\u00e3o, reten\u00e7\u00e3o, organiza\u00e7\u00e3o e dissemina\u00e7\u00e3o do conhecimento organizacional e da mem\u00f3ria institucional. O CEDIP utiliza as depend\u00eancias f\u00edsicas, a estrutura e as equipes t\u00e9cnicas da escola de Gest\u00e3o P\u00fablica e o financiamento de suas atividades deve ser suportado pelo Fundo Municipal de Capacita\u00e7\u00e3o e Desenvolvimento \u2013 FUMCADES.<\/p>\n\n<h3 class=\"has-text-align-center wp-block-heading\"><span class=\"has-inline-color\" style=\"color: #a30400;\"><strong>Em breve, neste espa\u00e7o, teremos mais novidades dos servi\u00e7os do CEDIP, como, por exemplo:<\/strong><\/span><\/h3>\n\n<h3 class=\"wp-block-heading\">Reposit\u00f3rio de Produ\u00e7\u00e3o Acad\u00eamica das Servidoras e dos Servidores<\/h3>\n\n<h3 class=\"has-text-align-left wp-block-heading\"><strong><span class=\"has-inline-color\" style=\"color: #a30400;\">O Reposit\u00f3rio Anal\u00edtico de Legisla\u00e7\u00e3o de Gest\u00e3o de Pessoal com as principais normas e leis federais, estaduais e municipais, com as atualiza\u00e7\u00f5es integradas.<\/span><\/strong><\/h3>\n\n<p>\u00a0<\/p>\n\t\t\t\t\t\t\t\t<\/div>\n\t\t\t\t<\/div>\n\t\t\t\t\t<\/div>\n\t\t\t\t<\/div>\n\t\t\t\t<\/div>\n\t\t","protected":false},"excerpt":{"rendered":"<p>O Centro de documenta\u00e7\u00e3o, Informa\u00e7\u00e3o e Pesquisa (CEDIP) \u00e9 o organismo instrumental da Escola de Gest\u00e3o P\u00fablica de Hortol\u00e2ndia destinado \u00e0 transfer\u00eancia e ao compartilhamento&hellip;<\/p>\n","protected":false},"author":1,"featured_media":0,"parent":0,"menu_order":0,"comment_status":"closed","ping_status":"closed","template":"","meta":{"footnotes":""},"class_list":["post-2991","page","type-page","status-publish","hentry"],"_links":{"self":[{"href":"https:\/\/portaldoservidor.hortolandia.sp.gov.br\/index.php\/wp-json\/wp\/v2\/pages\/2991","targetHints":{"allow":["GET"]}}],"collection":[{"href":"https:\/\/portaldoservidor.hortolandia.sp.gov.br\/index.php\/wp-json\/wp\/v2\/pages"}],"about":[{"href":"https:\/\/portaldoservidor.hortolandia.sp.gov.br\/index.php\/wp-json\/wp\/v2\/types\/page"}],"author":[{"embeddable":true,"href":"https:\/\/portaldoservidor.hortolandia.sp.gov.br\/index.php\/wp-json\/wp\/v2\/users\/1"}],"replies":[{"embeddable":true,"href":"https:\/\/portaldoservidor.hortolandia.sp.gov.br\/index.php\/wp-json\/wp\/v2\/comments?post=2991"}],"version-history":[{"count":3,"href":"https:\/\/portaldoservidor.hortolandia.sp.gov.br\/index.php\/wp-json\/wp\/v2\/pages\/2991\/revisions"}],"predecessor-version":[{"id":23781,"href":"https:\/\/portaldoservidor.hortolandia.sp.gov.br\/index.php\/wp-json\/wp\/v2\/pages\/2991\/revisions\/23781"}],"wp:attachment":[{"href":"https:\/\/portaldoservidor.hortolandia.sp.gov.br\/index.php\/wp-json\/wp\/v2\/media?parent=2991"}],"curies":[{"name":"wp","href":"https:\/\/api.w.org\/{rel}","templated":true}]}}