{"id":3009,"date":"2021-06-02T13:05:41","date_gmt":"2021-06-02T16:05:41","guid":{"rendered":"https:\/\/portaldoservidor.hortolandia.sp.gov.br\/?page_id=3009"},"modified":"2025-01-24T16:20:36","modified_gmt":"2025-01-24T19:20:36","slug":"fundo-municipal-de-capacitacao-e-desenvolvimento-da-servidora-e-do-servidor-fumcades","status":"publish","type":"page","link":"https:\/\/portaldoservidor.hortolandia.sp.gov.br\/index.php\/fundo-municipal-de-capacitacao-e-desenvolvimento-da-servidora-e-do-servidor-fumcades\/","title":{"rendered":"Fundo Municipal de Capacita\u00e7\u00e3o e Desenvolvimento da Servidora e do Servidor &#8211; FUMCADES"},"content":{"rendered":"\n<p class=\"has-normal-font-size\">Entre 2006 a 2015 houve o Fundo de Desenvolvimento e Capacita\u00e7\u00e3o do Servidor \u2013 FDC, que foi extinto. Durante a sua exist\u00eancia cumpriu importante papel na garantia do investimento necess\u00e1rio aos processos de desenvolvimento de pessoal.<\/p>\n\n\n\n<p class=\"has-normal-font-size\">Em <strong>26 de setembro de 2018 atrav\u00e9s da Lei n\u00ba 3.548 foi criado o Fundo Municipal de Capacita\u00e7\u00e3o e Desenvolvimento dos Servidores P\u00fablicos de Hortol\u00e2ndia &#8211; FUMCADES<\/strong>, de acordo com os dispositivos constitucionais vigentes, Lei Federal n\u00ba 4.320, de 17 de mar\u00e7o de 1964, Lei Complementar Federal n\u00ba 101, de 4 de maio de 2000, Lei Complementar Municipal n\u00ba 12, de 30 de abril de 2010 e demais diplomais legais afins.<\/p>\n\n\n\n<figure class=\"wp-block-image size-large is-resized\"><img decoding=\"async\" src=\"http:\/\/portalservidor-be.hortolandia.sp.gov.br\/wp-content\/uploads\/2021\/06\/FUMCADES-1.jpg\" alt=\"\" style=\"width:657px;height:324px\"\/><\/figure>\n\n\n\n<figure class=\"wp-block-image size-large is-resized\"><img decoding=\"async\" src=\"http:\/\/portalservidor-be.hortolandia.sp.gov.br\/wp-content\/uploads\/2021\/06\/FUMCADES-2.jpg\" alt=\"\" class=\"wp-image-3030\" style=\"width:663px;height:324px\"\/><\/figure>\n\n\n\n<figure class=\"wp-block-image size-large is-resized\"><img decoding=\"async\" src=\"http:\/\/portalservidor-be.hortolandia.sp.gov.br\/wp-content\/uploads\/2021\/06\/FUMCADES-3-1.jpg\" alt=\"\" class=\"wp-image-3032\" style=\"width:679px;height:365px\"\/><\/figure>\n","protected":false},"excerpt":{"rendered":"<p>Entre 2006 a 2015 houve o Fundo de Desenvolvimento e Capacita\u00e7\u00e3o do Servidor \u2013 FDC, que foi extinto. Durante a sua exist\u00eancia cumpriu importante papel&hellip;<\/p>\n","protected":false},"author":1,"featured_media":0,"parent":0,"menu_order":0,"comment_status":"closed","ping_status":"closed","template":"","meta":{"footnotes":""},"class_list":["post-3009","page","type-page","status-publish","hentry"],"_links":{"self":[{"href":"https:\/\/portaldoservidor.hortolandia.sp.gov.br\/index.php\/wp-json\/wp\/v2\/pages\/3009","targetHints":{"allow":["GET"]}}],"collection":[{"href":"https:\/\/portaldoservidor.hortolandia.sp.gov.br\/index.php\/wp-json\/wp\/v2\/pages"}],"about":[{"href":"https:\/\/portaldoservidor.hortolandia.sp.gov.br\/index.php\/wp-json\/wp\/v2\/types\/page"}],"author":[{"embeddable":true,"href":"https:\/\/portaldoservidor.hortolandia.sp.gov.br\/index.php\/wp-json\/wp\/v2\/users\/1"}],"replies":[{"embeddable":true,"href":"https:\/\/portaldoservidor.hortolandia.sp.gov.br\/index.php\/wp-json\/wp\/v2\/comments?post=3009"}],"version-history":[{"count":2,"href":"https:\/\/portaldoservidor.hortolandia.sp.gov.br\/index.php\/wp-json\/wp\/v2\/pages\/3009\/revisions"}],"predecessor-version":[{"id":23944,"href":"https:\/\/portaldoservidor.hortolandia.sp.gov.br\/index.php\/wp-json\/wp\/v2\/pages\/3009\/revisions\/23944"}],"wp:attachment":[{"href":"https:\/\/portaldoservidor.hortolandia.sp.gov.br\/index.php\/wp-json\/wp\/v2\/media?parent=3009"}],"curies":[{"name":"wp","href":"https:\/\/api.w.org\/{rel}","templated":true}]}}