{"id":3936,"date":"2022-08-08T14:26:58","date_gmt":"2022-08-08T17:26:58","guid":{"rendered":"https:\/\/portaldoservidor.hortolandia.sp.gov.br\/?page_id=3936"},"modified":"2025-01-17T14:24:40","modified_gmt":"2025-01-17T17:24:40","slug":"orientacoes-a-gestores-responsaveis-por-unidade-de-avaliacao","status":"publish","type":"page","link":"https:\/\/portaldoservidor.hortolandia.sp.gov.br\/index.php\/orientacoes-a-gestores-responsaveis-por-unidade-de-avaliacao\/","title":{"rendered":"Orienta\u00e7\u00f5es a Gestores Respons\u00e1veis por Unidade de Avalia\u00e7\u00e3o"},"content":{"rendered":"\n<p><\/p>\n\n\n\n<div class=\"wp-block-file\"><a href=\"https:\/\/portaldoservidor.hortolandia.sp.gov.br\/wp-content\/uploads\/2022\/08\/PASSO-A-PASSO-AVALIACAO-PROADES.pdf\">PASSO-A-PASSO-AVALIACAO-PROADES<\/a><a href=\"https:\/\/portaldoservidor.hortolandia.sp.gov.br\/wp-content\/uploads\/2022\/08\/PASSO-A-PASSO-AVALIACAO-PROADES.pdf\" class=\"wp-block-file__button\" download>Baixar<\/a><\/div>\n\n\n\n<div class=\"wp-block-file\"><a href=\"https:\/\/portaldoservidor.hortolandia.sp.gov.br\/wp-content\/uploads\/2022\/08\/PASSO-A-PASSO-IMPRESSAO-PROADES-impressao-dos-planos.pdf\">PASSO-A-PASSO-IMPRESSAO-PROADES-impressao-dos-planos<\/a><a href=\"https:\/\/portaldoservidor.hortolandia.sp.gov.br\/wp-content\/uploads\/2022\/08\/PASSO-A-PASSO-IMPRESSAO-PROADES-impressao-dos-planos.pdf\" class=\"wp-block-file__button\" download>Baixar<\/a><\/div>\n\n\n\n<div class=\"wp-block-file\"><a href=\"https:\/\/portaldoservidor.hortolandia.sp.gov.br\/wp-content\/uploads\/2022\/08\/PASSO-A-PASSO-PARA-REDIMENSIONAMENTO-DE-METAS.pdf\">PASSO-A-PASSO-PARA-REDIMENSIONAMENTO-DE-METAS<\/a><a href=\"https:\/\/portaldoservidor.hortolandia.sp.gov.br\/wp-content\/uploads\/2022\/08\/PASSO-A-PASSO-PARA-REDIMENSIONAMENTO-DE-METAS.pdf\" class=\"wp-block-file__button\" download>Baixar<\/a><\/div>\n\n\n\n<div class=\"wp-block-file\"><a href=\"https:\/\/portaldoservidor.hortolandia.sp.gov.br\/wp-content\/uploads\/2022\/08\/PASSO-A-PASSO-PLANO-DE-ATIVIDADE-PROADES.pdf\">PASSO-A-PASSO-PLANO-DE-ATIVIDADE-PROADES<\/a><a href=\"https:\/\/portaldoservidor.hortolandia.sp.gov.br\/wp-content\/uploads\/2022\/08\/PASSO-A-PASSO-PLANO-DE-ATIVIDADE-PROADES.pdf\" class=\"wp-block-file__button\" download>Baixar<\/a><\/div>\n\n\n\n<div class=\"wp-block-file\"><a href=\"https:\/\/portaldoservidor.hortolandia.sp.gov.br\/wp-content\/uploads\/2022\/08\/SLIDES-PARA-CAPACITACOES.pptx\">SLIDES-PARA-CAPACITACOES<\/a><a href=\"https:\/\/portaldoservidor.hortolandia.sp.gov.br\/wp-content\/uploads\/2022\/08\/SLIDES-PARA-CAPACITACOES.pptx\" class=\"wp-block-file__button\" download>Baixar<\/a><\/div>\n\n\n\n<p><\/p>\n","protected":false},"excerpt":{"rendered":"","protected":false},"author":1,"featured_media":0,"parent":0,"menu_order":0,"comment_status":"closed","ping_status":"closed","template":"","meta":{"footnotes":""},"class_list":["post-3936","page","type-page","status-publish","hentry"],"_links":{"self":[{"href":"https:\/\/portaldoservidor.hortolandia.sp.gov.br\/index.php\/wp-json\/wp\/v2\/pages\/3936","targetHints":{"allow":["GET"]}}],"collection":[{"href":"https:\/\/portaldoservidor.hortolandia.sp.gov.br\/index.php\/wp-json\/wp\/v2\/pages"}],"about":[{"href":"https:\/\/portaldoservidor.hortolandia.sp.gov.br\/index.php\/wp-json\/wp\/v2\/types\/page"}],"author":[{"embeddable":true,"href":"https:\/\/portaldoservidor.hortolandia.sp.gov.br\/index.php\/wp-json\/wp\/v2\/users\/1"}],"replies":[{"embeddable":true,"href":"https:\/\/portaldoservidor.hortolandia.sp.gov.br\/index.php\/wp-json\/wp\/v2\/comments?post=3936"}],"version-history":[{"count":1,"href":"https:\/\/portaldoservidor.hortolandia.sp.gov.br\/index.php\/wp-json\/wp\/v2\/pages\/3936\/revisions"}],"predecessor-version":[{"id":23429,"href":"https:\/\/portaldoservidor.hortolandia.sp.gov.br\/index.php\/wp-json\/wp\/v2\/pages\/3936\/revisions\/23429"}],"wp:attachment":[{"href":"https:\/\/portaldoservidor.hortolandia.sp.gov.br\/index.php\/wp-json\/wp\/v2\/media?parent=3936"}],"curies":[{"name":"wp","href":"https:\/\/api.w.org\/{rel}","templated":true}]}}