{"id":3976,"date":"2022-08-16T10:43:32","date_gmt":"2022-08-16T13:43:32","guid":{"rendered":"https:\/\/portaldoservidor.hortolandia.sp.gov.br\/?page_id=3976"},"modified":"2022-08-16T10:43:32","modified_gmt":"2022-08-16T13:43:32","slug":"descontos-e-beneficios-especiais-ao-servidor","status":"publish","type":"page","link":"https:\/\/portaldoservidor.hortolandia.sp.gov.br\/index.php\/descontos-e-beneficios-especiais-ao-servidor\/","title":{"rendered":"Descontos e Benef\u00edcios Especiais ao Servidor"},"content":{"rendered":"\t\t<div data-elementor-type=\"wp-page\" data-elementor-id=\"3976\" class=\"elementor elementor-3976\" data-elementor-settings=\"{&quot;ha_cmc_init_switcher&quot;:&quot;no&quot;}\">\n\t\t\t\t<div class=\"elementor-element elementor-element-3ebd9a4a e-flex e-con-boxed wpr-particle-no wpr-jarallax-no wpr-parallax-no wpr-sticky-section-no e-con e-parent\" data-id=\"3ebd9a4a\" data-element_type=\"container\" data-e-type=\"container\" data-settings=\"{&quot;_ha_eqh_enable&quot;:false}\">\n\t\t\t\t\t<div class=\"e-con-inner\">\n\t\t\t\t<div class=\"elementor-element elementor-element-72240e79 exad-sticky-section-no exad-glass-effect-no elementor-widget elementor-widget-text-editor\" data-id=\"72240e79\" data-element_type=\"widget\" data-e-type=\"widget\" data-widget_type=\"text-editor.default\">\n\t\t\t\t<div class=\"elementor-widget-container\">\n\t\t\t\t\t\t\t\t\t\n<figure class=\"wp-block-table\">\n<table>\n<tbody>\n<tr>\n<td class=\"has-text-align-center\" data-align=\"center\"><strong>EXTRATO<\/strong><\/td>\n<td class=\"has-text-align-center\" data-align=\"center\"><strong>CONTRATADA<\/strong><\/td>\n<td class=\"has-text-align-center\" data-align=\"center\"><strong>CNPJ<\/strong><\/td>\n<td class=\"has-text-align-center\" data-align=\"center\"><strong>PMH N\u00ba<\/strong><\/td>\n<td class=\"has-text-align-center\" data-align=\"center\"><strong>PROCESSO LICITAT\u00d3RIO<\/strong><\/td>\n<td class=\"has-text-align-center\" data-align=\"center\"><strong>OBJETO<\/strong><\/td>\n<td class=\"has-text-align-center\" data-align=\"center\"><strong>IN\u00cdCIO<\/strong><\/td>\n<td class=\"has-text-align-center\" data-align=\"center\"><strong>VIG\u00caNCIA<\/strong><\/td>\n<td class=\"has-text-align-center\" data-align=\"center\"><strong>DOWNLOAD<\/strong><\/td>\n<\/tr>\n<tr>\n<td class=\"has-text-align-center\" data-align=\"center\">0218\/2022<\/td>\n<td class=\"has-text-align-center\" data-align=\"center\">P.C.R. VENANCIO<\/td>\n<td class=\"has-text-align-center\" data-align=\"center\">12.818.524\/0001-73<\/td>\n<td class=\"has-text-align-center\" data-align=\"center\">3890\/2021<\/td>\n<td class=\"has-text-align-center\" data-align=\"center\">CHAMADA PUBLICA N\u00ba 0005\/2021<\/td>\n<td class=\"has-text-align-center\" data-align=\"center\">Credenciamento de pessoas jur\u00eddicas de direito privado ou profissionais liberais interessadas em celebrar parceria com a Prefeitura Municipal de Hortol\u00e2ndia a fim de que se conceda descontos e outros benef\u00edcios na aquisi\u00e7\u00e3o de bens e servi\u00e7os, a servidores ativos e inativos e estudantes participantes do Programa de Est\u00e1gio. Apresentado na proposta comercial, o percentual de 15% (quinze)por cento de desconto. Prazo: 12 meses. Assinatura: 08\/04\/2022.<\/td>\n<td class=\"has-text-align-center\" data-align=\"center\">08\/04\/2022<\/td>\n<td class=\"has-text-align-center\" data-align=\"center\">12 meses<\/td>\n<td class=\"has-text-align-center\" data-align=\"center\"><a href=\"https:\/\/portaldoservidor.hortolandia.sp.gov.br\/wp-content\/uploads\/2022\/08\/Chamada-Publica-05-2021-PMH-3890-2021-PCR-VENANCIO-Descontos-e-Beneficios-Especiais-ao-Servidor.pdf\" target=\"_blank\" rel=\"noreferrer noopener\">Baixar<\/a><\/td>\n<\/tr>\n<\/tbody>\n<\/table>\n<\/figure>\n\t\t\t\t\t\t\t\t<\/div>\n\t\t\t\t<\/div>\n\t\t\t\t\t<\/div>\n\t\t\t\t<\/div>\n\t\t\t\t<\/div>\n\t\t","protected":false},"excerpt":{"rendered":"<p>EXTRATO CONTRATADA CNPJ PMH N\u00ba PROCESSO LICITAT\u00d3RIO OBJETO IN\u00cdCIO VIG\u00caNCIA DOWNLOAD 0218\/2022 P.C.R. VENANCIO 12.818.524\/0001-73 3890\/2021 CHAMADA PUBLICA N\u00ba 0005\/2021 Credenciamento de pessoas jur\u00eddicas de&hellip;<\/p>\n","protected":false},"author":1,"featured_media":0,"parent":0,"menu_order":0,"comment_status":"closed","ping_status":"closed","template":"","meta":{"footnotes":""},"class_list":["post-3976","page","type-page","status-publish","hentry"],"_links":{"self":[{"href":"https:\/\/portaldoservidor.hortolandia.sp.gov.br\/index.php\/wp-json\/wp\/v2\/pages\/3976","targetHints":{"allow":["GET"]}}],"collection":[{"href":"https:\/\/portaldoservidor.hortolandia.sp.gov.br\/index.php\/wp-json\/wp\/v2\/pages"}],"about":[{"href":"https:\/\/portaldoservidor.hortolandia.sp.gov.br\/index.php\/wp-json\/wp\/v2\/types\/page"}],"author":[{"embeddable":true,"href":"https:\/\/portaldoservidor.hortolandia.sp.gov.br\/index.php\/wp-json\/wp\/v2\/users\/1"}],"replies":[{"embeddable":true,"href":"https:\/\/portaldoservidor.hortolandia.sp.gov.br\/index.php\/wp-json\/wp\/v2\/comments?post=3976"}],"version-history":[{"count":0,"href":"https:\/\/portaldoservidor.hortolandia.sp.gov.br\/index.php\/wp-json\/wp\/v2\/pages\/3976\/revisions"}],"wp:attachment":[{"href":"https:\/\/portaldoservidor.hortolandia.sp.gov.br\/index.php\/wp-json\/wp\/v2\/media?parent=3976"}],"curies":[{"name":"wp","href":"https:\/\/api.w.org\/{rel}","templated":true}]}}