{"id":547,"date":"2020-09-25T10:12:08","date_gmt":"2020-09-25T13:12:08","guid":{"rendered":"http:\/\/portaldoservidor.hortolandia.sp.gov.br\/?page_id=547"},"modified":"2025-01-17T14:22:03","modified_gmt":"2025-01-17T17:22:03","slug":"orientacoes-aos-gestores","status":"publish","type":"page","link":"https:\/\/portaldoservidor.hortolandia.sp.gov.br\/index.php\/orientacoes-aos-gestores\/","title":{"rendered":"Orienta\u00e7\u00f5es aos Gestores &#8211; PROAEP"},"content":{"rendered":"\t\t<div data-elementor-type=\"wp-page\" data-elementor-id=\"547\" class=\"elementor elementor-547\" data-elementor-settings=\"{&quot;ha_cmc_init_switcher&quot;:&quot;no&quot;}\">\n\t\t\t\t<div class=\"elementor-element elementor-element-1c50535c e-flex e-con-boxed wpr-particle-no wpr-jarallax-no wpr-parallax-no wpr-sticky-section-no e-con e-parent\" data-id=\"1c50535c\" data-element_type=\"container\" data-e-type=\"container\" data-settings=\"{&quot;_ha_eqh_enable&quot;:false}\">\n\t\t\t\t\t<div class=\"e-con-inner\">\n\t\t\t\t<div class=\"elementor-element elementor-element-6c0895a5 exad-sticky-section-no exad-glass-effect-no elementor-widget elementor-widget-text-editor\" data-id=\"6c0895a5\" data-element_type=\"widget\" data-e-type=\"widget\" data-widget_type=\"text-editor.default\">\n\t\t\t\t<div class=\"elementor-widget-container\">\n\t\t\t\t\t\t\t\t\t\n<p class=\"has-normal-font-size\">Os gestores de unidades que tenham servidores estagi\u00e1rios devem se atentar \u00e0s seguintes rotinas e atividades:<\/p>\n\n<ul class=\"wp-block-list has-normal-font-size\">\n<li><strong>I \u2013 <\/strong>Entregar ao Setor de Avalia\u00e7\u00e3o de Desempenho e Est\u00e1gio Probat\u00f3rio, no prazo de 10 (dez) dias \u00fateis, contados da data do recebimento do aviso de preenchimento<em>, <\/em>o Plano de Trabalho, devidamente preenchido com todos os quesitos e assinado por ambas as partes ao Setor de Avalia\u00e7\u00e3o de Desempenho e Est\u00e1gio Probat\u00f3rio;<\/li>\n\n<li><strong>II \u2013<\/strong> Se o Plano de Trabalho for rejeitado pelo Setor de Avalia\u00e7\u00e3o de Desempenho e Est\u00e1gio Probat\u00f3rio, realizar, no prazo de 06 (seis) dias \u00fateis, as eventuais corre\u00e7\u00f5es necess\u00e1rias;<\/li>\n\n<li><strong>III<\/strong> <strong>&#8211;<\/strong> Entregar, ao Setor de Avalia\u00e7\u00e3o de Desempenho e Est\u00e1gio Probat\u00f3rio, no prazo de 10 (dez) dias \u00fateis &#8211; contados da data do recebimento do aviso de preenchimento &#8211;<em>, <\/em>a avalia\u00e7\u00e3o probat\u00f3ria do servidor estagi\u00e1rio, que dever\u00e1 ser devidamente avaliado em todos os quesitos e o instrumento de avalia\u00e7\u00e3o assinado por ambas as partes;<\/li>\n\n<li><strong>IV &#8211; <\/strong>Emitir parecer relatando a pr\u00e1tica de falta grave pelo servidor estagi\u00e1rio, a sua inaptid\u00e3o na avalia\u00e7\u00e3o de desempenho, al\u00e9m de outros fatos relevantes;<\/li>\n\n<li><strong>V &#8211; <\/strong>Participar dos encontros realizados pela Comiss\u00e3o Permanente de Avalia\u00e7\u00e3o Probat\u00f3ria e pelo Setor de Avalia\u00e7\u00e3o de Desempenho e Est\u00e1gio Probat\u00f3rio.<\/li>\n<\/ul>\n\n<p class=\"has-normal-font-size\">\u00a0\u00a0\u00a0\u00a0\u00a0\u00a0\u00a0\u00a0\u00a0\u00a0\u00a0 Qualquer d\u00favida, ou se necessitar de orienta\u00e7\u00f5es ao preencher planos e avalia\u00e7\u00f5es no sistema SIARH, entrar em contato com o Setor de Avalia\u00e7\u00e3o de Desempenho e Est\u00e1gio Probat\u00f3rio ou pelo endere\u00e7o eletr\u00f4nico: <a href=\"mailto:avaliacaodesempenho@hortolandia.sp.gov.br\">avaliacaodesempenho@hortolandia.sp.gov.br<\/a><\/p>\n\n<div class=\"wp-block-columns is-layout-flex wp-container-core-columns-is-layout-9d6595d7 wp-block-columns-is-layout-flex\">\n<div class=\"wp-block-column is-layout-flow wp-block-column-is-layout-flow\" style=\"flex-basis: 100%;\">\n<div class=\"wp-block-file\"><a href=\"https:\/\/portaldoservidor.hortolandia.sp.gov.br\/wp-content\/uploads\/2022\/08\/SLIDES-MODULO-I-INTRODUCAO-1.pptx\">SLIDES-MODULO-I-INTRODUCAO-1<\/a><a class=\"wp-block-file__button wp-element-button\" href=\"https:\/\/portaldoservidor.hortolandia.sp.gov.br\/wp-content\/uploads\/2022\/08\/SLIDES-MODULO-I-INTRODUCAO-1.pptx\" download=\"\">Baixar<\/a><\/div>\n\n<div class=\"wp-block-file\"><a href=\"https:\/\/portaldoservidor.hortolandia.sp.gov.br\/wp-content\/uploads\/2022\/08\/VIDEO-AULA-CAPACITACAO-DE-ESTAGIO-PROBATORIO-PARA-GESTORES-MODULO-1.mp4\">VIDEO-AULA-CAPACITACAO-DE-ESTAGIO-PROBATORIO-PARA-GESTORES-MODULO-1<\/a><a class=\"wp-block-file__button wp-element-button\" href=\"https:\/\/portaldoservidor.hortolandia.sp.gov.br\/wp-content\/uploads\/2022\/08\/VIDEO-AULA-CAPACITACAO-DE-ESTAGIO-PROBATORIO-PARA-GESTORES-MODULO-1.mp4\" download=\"\">Baixar<\/a><\/div>\n\n<div class=\"wp-block-file\"><a href=\"https:\/\/portaldoservidor.hortolandia.sp.gov.br\/wp-content\/uploads\/2022\/08\/SLIDES-MODULO-II-PLANO-DE-TRABALHO-1.pptx\">SLIDES-MODULO-II-PLANO-DE-TRABALHO-1<\/a><a class=\"wp-block-file__button wp-element-button\" href=\"https:\/\/portaldoservidor.hortolandia.sp.gov.br\/wp-content\/uploads\/2022\/08\/SLIDES-MODULO-II-PLANO-DE-TRABALHO-1.pptx\" download=\"\">Baixar<\/a><\/div>\n\n<div class=\"wp-block-file\"><a href=\"https:\/\/portaldoservidor.hortolandia.sp.gov.br\/wp-content\/uploads\/2022\/08\/SLIDES-MODULO-III-AVALIACAO-1.pptx\">SLIDES-MODULO-III-AVALIACAO-1<\/a><a class=\"wp-block-file__button wp-element-button\" href=\"https:\/\/portaldoservidor.hortolandia.sp.gov.br\/wp-content\/uploads\/2022\/08\/SLIDES-MODULO-III-AVALIACAO-1.pptx\" download=\"\">Baixar<\/a><\/div>\n<\/div>\n<\/div>\n\n<div class=\"wp-block-file\"><a href=\"https:\/\/portaldoservidor.hortolandia.sp.gov.br\/wp-content\/uploads\/2022\/08\/VIDEO-AULA-MODULO-III-AVALIACAO.mp4\">VIDEO-AULA-MODULO-III-AVALIACAO<\/a><a class=\"wp-block-file__button wp-element-button\" href=\"https:\/\/portaldoservidor.hortolandia.sp.gov.br\/wp-content\/uploads\/2022\/08\/VIDEO-AULA-MODULO-III-AVALIACAO.mp4\" download=\"\">Baixar<\/a><\/div>\n\n<div class=\"wp-block-file\"><a href=\"https:\/\/portaldoservidor.hortolandia.sp.gov.br\/wp-content\/uploads\/2022\/08\/MODULO-II-VIDEO-AULA.mp4\">MODULO-II-VIDEO-AULA<\/a><a class=\"wp-block-file__button wp-element-button\" href=\"https:\/\/portaldoservidor.hortolandia.sp.gov.br\/wp-content\/uploads\/2022\/08\/MODULO-II-VIDEO-AULA.mp4\" download=\"\">Baixar<\/a><\/div>\n\n<div class=\"wp-block-file\"><a href=\"https:\/\/portaldoservidor.hortolandia.sp.gov.br\/wp-content\/uploads\/2022\/08\/MANUAL-ATUALIZADO-V3-ESTAGIO-PROBATORIO-pdf.pdf\">MANUAL-ATUALIZADO-V3-ESTAGIO-PROBATORIO-pdf<\/a><a class=\"wp-block-file__button wp-element-button\" href=\"https:\/\/portaldoservidor.hortolandia.sp.gov.br\/wp-content\/uploads\/2022\/08\/MANUAL-ATUALIZADO-V3-ESTAGIO-PROBATORIO-pdf.pdf\" download=\"\">Baixar<\/a><\/div>\n\t\t\t\t\t\t\t\t<\/div>\n\t\t\t\t<\/div>\n\t\t\t\t\t<\/div>\n\t\t\t\t<\/div>\n\t\t\t\t<\/div>\n\t\t","protected":false},"excerpt":{"rendered":"<p>Os gestores de unidades que tenham servidores estagi\u00e1rios devem se atentar \u00e0s seguintes rotinas e atividades: \u00a0\u00a0\u00a0\u00a0\u00a0\u00a0\u00a0\u00a0\u00a0\u00a0\u00a0 Qualquer d\u00favida, ou se necessitar de orienta\u00e7\u00f5es ao&hellip;<\/p>\n","protected":false},"author":1,"featured_media":0,"parent":0,"menu_order":0,"comment_status":"closed","ping_status":"closed","template":"","meta":{"footnotes":""},"class_list":["post-547","page","type-page","status-publish","hentry"],"_links":{"self":[{"href":"https:\/\/portaldoservidor.hortolandia.sp.gov.br\/index.php\/wp-json\/wp\/v2\/pages\/547","targetHints":{"allow":["GET"]}}],"collection":[{"href":"https:\/\/portaldoservidor.hortolandia.sp.gov.br\/index.php\/wp-json\/wp\/v2\/pages"}],"about":[{"href":"https:\/\/portaldoservidor.hortolandia.sp.gov.br\/index.php\/wp-json\/wp\/v2\/types\/page"}],"author":[{"embeddable":true,"href":"https:\/\/portaldoservidor.hortolandia.sp.gov.br\/index.php\/wp-json\/wp\/v2\/users\/1"}],"replies":[{"embeddable":true,"href":"https:\/\/portaldoservidor.hortolandia.sp.gov.br\/index.php\/wp-json\/wp\/v2\/comments?post=547"}],"version-history":[{"count":5,"href":"https:\/\/portaldoservidor.hortolandia.sp.gov.br\/index.php\/wp-json\/wp\/v2\/pages\/547\/revisions"}],"predecessor-version":[{"id":23428,"href":"https:\/\/portaldoservidor.hortolandia.sp.gov.br\/index.php\/wp-json\/wp\/v2\/pages\/547\/revisions\/23428"}],"wp:attachment":[{"href":"https:\/\/portaldoservidor.hortolandia.sp.gov.br\/index.php\/wp-json\/wp\/v2\/media?parent=547"}],"curies":[{"name":"wp","href":"https:\/\/api.w.org\/{rel}","templated":true}]}}