{"id":553,"date":"2020-09-25T10:13:54","date_gmt":"2020-09-25T13:13:54","guid":{"rendered":"http:\/\/portaldoservidor.hortolandia.sp.gov.br\/?page_id=553"},"modified":"2025-01-23T13:57:18","modified_gmt":"2025-01-23T16:57:18","slug":"acervo-de-portarias-de-estabilizacao","status":"publish","type":"page","link":"https:\/\/portaldoservidor.hortolandia.sp.gov.br\/index.php\/acervo-de-portarias-de-estabilizacao\/","title":{"rendered":"Acervo de Portarias de Estabiliza\u00e7\u00e3o"},"content":{"rendered":"\t\t<div data-elementor-type=\"wp-page\" data-elementor-id=\"553\" class=\"elementor elementor-553\" data-elementor-settings=\"{&quot;ha_cmc_init_switcher&quot;:&quot;no&quot;}\">\n\t\t\t\t<div class=\"elementor-element elementor-element-1687ec0c e-flex e-con-boxed wpr-particle-no wpr-jarallax-no wpr-parallax-no wpr-sticky-section-no e-con e-parent\" data-id=\"1687ec0c\" data-element_type=\"container\" data-e-type=\"container\" data-settings=\"{&quot;_ha_eqh_enable&quot;:false}\">\n\t\t\t\t\t<div class=\"e-con-inner\">\n\t\t\t\t<div class=\"elementor-element elementor-element-4238f875 exad-sticky-section-no exad-glass-effect-no elementor-widget elementor-widget-text-editor\" data-id=\"4238f875\" data-element_type=\"widget\" data-e-type=\"widget\" data-widget_type=\"text-editor.default\">\n\t\t\t\t<div class=\"elementor-widget-container\">\n\t\t\t\t\t\t\t\t\t\n<p class=\"has-normal-font-size\">Neste espa\u00e7o, voc\u00ea encontra todas as Portarias de Estabiliza\u00e7\u00e3o que reconheceram formalmente a aquisi\u00e7\u00e3o de estabilidades das servidores e dos servidores que conclu\u00edram com sucesso o seu Est\u00e1gio Probat\u00f3rio. Os arquivos abaixo est\u00e3o organizados por n\u00ba do Di\u00e1rio Oficial Eletr\u00f4nico do Munic\u00edpio com a identifica\u00e7\u00e3o do ano de ingresso das servidoras e servidores que comp\u00f5em a portaria.<\/p>\n\n<div class=\"wp-block-file\"><a href=\"https:\/\/portaldoservidor.hortolandia.sp.gov.br\/wp-content\/uploads\/2021\/06\/DOM-Edicao-no-20-estabilidade-dos-servidores-admitidos-em-1993.pdf\" target=\"_blank\" rel=\"noreferrer noopener\">DOM-Edicao-no-20-estabilidade-dos-servidores-admitidos-em-1993<\/a><a class=\"wp-block-file__button wp-element-button\" href=\"https:\/\/portaldoservidor.hortolandia.sp.gov.br\/wp-content\/uploads\/2021\/06\/DOM-Edicao-no-20-estabilidade-dos-servidores-admitidos-em-1993.pdf\" download=\"\">Baixar<\/a><\/div>\n\n<div class=\"wp-block-file\"><a href=\"https:\/\/portaldoservidor.hortolandia.sp.gov.br\/wp-content\/uploads\/2021\/06\/DOM-Edicao-no-21-estabilidade-dos-servidores-admitidos-em-1993.pdf\" target=\"_blank\" rel=\"noreferrer noopener\">DOM-Edicao-no-21-estabilidade-dos-servidores-admitidos-em-1993<\/a><a class=\"wp-block-file__button wp-element-button\" href=\"https:\/\/portaldoservidor.hortolandia.sp.gov.br\/wp-content\/uploads\/2021\/06\/DOM-Edicao-no-21-estabilidade-dos-servidores-admitidos-em-1993.pdf\" download=\"\">Baixar<\/a><\/div>\n\n<div class=\"wp-block-file\"><a href=\"https:\/\/portaldoservidor.hortolandia.sp.gov.br\/wp-content\/uploads\/2021\/06\/DOM-Edicao-no-33-estabilidade-dos-servidores-admitidos-em-1994.pdf\" target=\"_blank\" rel=\"noreferrer noopener\">DOM-Edicao-no-33-estabilidade-dos-servidores-admitidos-em-1994<\/a><a class=\"wp-block-file__button wp-element-button\" href=\"https:\/\/portaldoservidor.hortolandia.sp.gov.br\/wp-content\/uploads\/2021\/06\/DOM-Edicao-no-33-estabilidade-dos-servidores-admitidos-em-1994.pdf\" download=\"\">Baixar<\/a><\/div>\n\n<div class=\"wp-block-file\"><a href=\"https:\/\/portaldoservidor.hortolandia.sp.gov.br\/wp-content\/uploads\/2021\/06\/DOM-Edicao-no-34-estabilidade-dos-servidores-admitidos-em-1995-1.pdf\" target=\"_blank\" rel=\"noreferrer noopener\">DOM-Edicao-no-34-estabilidade-dos-servidores-admitidos-em-1995-1<\/a><a class=\"wp-block-file__button wp-element-button\" href=\"https:\/\/portaldoservidor.hortolandia.sp.gov.br\/wp-content\/uploads\/2021\/06\/DOM-Edicao-no-34-estabilidade-dos-servidores-admitidos-em-1995-1.pdf\" download=\"\">Baixar<\/a><\/div>\n\n<div class=\"wp-block-file\"><a href=\"https:\/\/portaldoservidor.hortolandia.sp.gov.br\/wp-content\/uploads\/2021\/06\/DOM-Edicao-no-54-estabilidade-dos-servidores-admitidos-em-1996-e-1998-e-1999.pdf\" target=\"_blank\" rel=\"noreferrer noopener\">DOM-Edicao-no-54-estabilidade-dos-servidores-admitidos-em-1996-e-1998-e-1999<\/a><a class=\"wp-block-file__button wp-element-button\" href=\"https:\/\/portaldoservidor.hortolandia.sp.gov.br\/wp-content\/uploads\/2021\/06\/DOM-Edicao-no-54-estabilidade-dos-servidores-admitidos-em-1996-e-1998-e-1999.pdf\" download=\"\">Baixar<\/a><\/div>\n\n<div class=\"wp-block-file\"><a href=\"https:\/\/portaldoservidor.hortolandia.sp.gov.br\/wp-content\/uploads\/2021\/06\/DOM-Edicao-no-87-estabilidade-dos-servidores-admitidos-em-2000-e-2001.pdf\" target=\"_blank\" rel=\"noreferrer noopener\">DOM-Edicao-no-87-estabilidade-dos-servidores-admitidos-em-2000-e-2001<\/a><a class=\"wp-block-file__button wp-element-button\" href=\"https:\/\/portaldoservidor.hortolandia.sp.gov.br\/wp-content\/uploads\/2021\/06\/DOM-Edicao-no-87-estabilidade-dos-servidores-admitidos-em-2000-e-2001.pdf\" download=\"\">Baixar<\/a><\/div>\n\n<div class=\"wp-block-file\"><a href=\"https:\/\/portaldoservidor.hortolandia.sp.gov.br\/wp-content\/uploads\/2021\/06\/DOM-Edicao-no-96-estabilidade-dos-servidores-admitidos-em-2002.pdf\" target=\"_blank\" rel=\"noreferrer noopener\">DOM-Edicao-no-96-estabilidade-dos-servidores-admitidos-em-2002<\/a><a class=\"wp-block-file__button wp-element-button\" href=\"https:\/\/portaldoservidor.hortolandia.sp.gov.br\/wp-content\/uploads\/2021\/06\/DOM-Edicao-no-96-estabilidade-dos-servidores-admitidos-em-2002.pdf\" download=\"\">Baixar<\/a><\/div>\n\n<div class=\"wp-block-file\"><a href=\"https:\/\/portaldoservidor.hortolandia.sp.gov.br\/wp-content\/uploads\/2021\/06\/DOM-Edicao-no-120-estabilidade-dos-servidores-admitidos-em-2003-e-2004.pdf\" target=\"_blank\" rel=\"noreferrer noopener\">DOM-Edicao-no-120-estabilidade-dos-servidores-admitidos-em-2003-e-2004<\/a><a class=\"wp-block-file__button wp-element-button\" href=\"https:\/\/portaldoservidor.hortolandia.sp.gov.br\/wp-content\/uploads\/2021\/06\/DOM-Edicao-no-120-estabilidade-dos-servidores-admitidos-em-2003-e-2004.pdf\" download=\"\">Baixar<\/a><\/div>\n\n<div class=\"wp-block-file\"><a href=\"https:\/\/portaldoservidor.hortolandia.sp.gov.br\/wp-content\/uploads\/2021\/06\/DOM-Edicao-no-142-estabilidade-dos-servidores-admitidos-em-2005.pdf\" target=\"_blank\" rel=\"noreferrer noopener\">DOM-Edicao-no-142-estabilidade-dos-servidores-admitidos-em-2005<\/a><a class=\"wp-block-file__button wp-element-button\" href=\"https:\/\/portaldoservidor.hortolandia.sp.gov.br\/wp-content\/uploads\/2021\/06\/DOM-Edicao-no-142-estabilidade-dos-servidores-admitidos-em-2005.pdf\" download=\"\">Baixar<\/a><\/div>\n\n<div class=\"wp-block-file\"><a href=\"https:\/\/portaldoservidor.hortolandia.sp.gov.br\/wp-content\/uploads\/2021\/06\/DOM-Edicao-no-177-estabilidade-dos-servidores-admitidos-em-2006-e-2007.pdf\" target=\"_blank\" rel=\"noreferrer noopener\">DOM-Edicao-no-177-estabilidade-dos-servidores-admitidos-em-2006-e-2007<\/a><a class=\"wp-block-file__button wp-element-button\" href=\"https:\/\/portaldoservidor.hortolandia.sp.gov.br\/wp-content\/uploads\/2021\/06\/DOM-Edicao-no-177-estabilidade-dos-servidores-admitidos-em-2006-e-2007.pdf\" download=\"\">Baixar<\/a><\/div>\n\n<div class=\"wp-block-file\"><a href=\"https:\/\/portaldoservidor.hortolandia.sp.gov.br\/wp-content\/uploads\/2021\/06\/DOM-Edicao-no-180-estabilidade-dos-servidores-admitidos-em-2008.pdf\" target=\"_blank\" rel=\"noreferrer noopener\">DOM-Edicao-no-180-estabilidade-dos-servidores-admitidos-em-2008<\/a><a class=\"wp-block-file__button wp-element-button\" href=\"https:\/\/portaldoservidor.hortolandia.sp.gov.br\/wp-content\/uploads\/2021\/06\/DOM-Edicao-no-180-estabilidade-dos-servidores-admitidos-em-2008.pdf\" download=\"\">Baixar<\/a><\/div>\n\n<div class=\"wp-block-file\"><a href=\"https:\/\/portaldoservidor.hortolandia.sp.gov.br\/wp-content\/uploads\/2021\/06\/DOM-Edicao-no-192-estabilidade-dos-servidores-admitidos-em-2009.pdf\" target=\"_blank\" rel=\"noreferrer noopener\">DOM-Edicao-no-192-estabilidade-dos-servidores-admitidos-em-2009<\/a><a class=\"wp-block-file__button wp-element-button\" href=\"https:\/\/portaldoservidor.hortolandia.sp.gov.br\/wp-content\/uploads\/2021\/06\/DOM-Edicao-no-192-estabilidade-dos-servidores-admitidos-em-2009.pdf\" download=\"\">Baixar<\/a><\/div>\n\n<div class=\"wp-block-file\"><a href=\"https:\/\/portaldoservidor.hortolandia.sp.gov.br\/wp-content\/uploads\/2021\/06\/DOM-Edicao-no-211-estabilidade-dos-servidores-admitidos-em-2010.pdf\" target=\"_blank\" rel=\"noreferrer noopener\">DOM-Edicao-no-211-estabilidade-dos-servidores-admitidos-em-2010<\/a><a class=\"wp-block-file__button wp-element-button\" href=\"https:\/\/portaldoservidor.hortolandia.sp.gov.br\/wp-content\/uploads\/2021\/06\/DOM-Edicao-no-211-estabilidade-dos-servidores-admitidos-em-2010.pdf\" download=\"\">Baixar<\/a><\/div>\n\n<div class=\"wp-block-file\"><a href=\"https:\/\/portaldoservidor.hortolandia.sp.gov.br\/wp-content\/uploads\/2021\/06\/DOM-Edicao-no-250-estabilidade-dos-servidores-admitidos-em-2011-e-2012.pdf\" target=\"_blank\" rel=\"noreferrer noopener\">DOM-Edicao-no-250-estabilidade-dos-servidores-admitidos-em-2011-e-2012<\/a><a class=\"wp-block-file__button wp-element-button\" href=\"https:\/\/portaldoservidor.hortolandia.sp.gov.br\/wp-content\/uploads\/2021\/06\/DOM-Edicao-no-250-estabilidade-dos-servidores-admitidos-em-2011-e-2012.pdf\" download=\"\">Baixar<\/a><\/div>\n\n<div class=\"wp-block-file\"><a href=\"https:\/\/portaldoservidor.hortolandia.sp.gov.br\/wp-content\/uploads\/2021\/06\/DOM-Edicao-no-308-estabilidade-dos-servidores-admitidos-em-2013.pdf\" target=\"_blank\" rel=\"noreferrer noopener\">DOM-Edicao-no-308-estabilidade-dos-servidores-admitidos-em-2013<\/a><a class=\"wp-block-file__button wp-element-button\" href=\"https:\/\/portaldoservidor.hortolandia.sp.gov.br\/wp-content\/uploads\/2021\/06\/DOM-Edicao-no-308-estabilidade-dos-servidores-admitidos-em-2013.pdf\" download=\"\">Baixar<\/a><\/div>\n\n<div class=\"wp-block-file\"><a href=\"https:\/\/portaldoservidor.hortolandia.sp.gov.br\/wp-content\/uploads\/2021\/06\/DOM-Edicao-no-358-estabilidade-dos-servidores-admitidos-em-2008-e-2015.pdf\" target=\"_blank\" rel=\"noreferrer noopener\">DOM-Edicao-no-358-estabilidade-dos-servidores-admitidos-em-2008-e-2015<\/a><a class=\"wp-block-file__button wp-element-button\" href=\"https:\/\/portaldoservidor.hortolandia.sp.gov.br\/wp-content\/uploads\/2021\/06\/DOM-Edicao-no-358-estabilidade-dos-servidores-admitidos-em-2008-e-2015.pdf\" download=\"\">Baixar<\/a><\/div>\n\n<div class=\"wp-block-file\"><a href=\"https:\/\/portaldoservidor.hortolandia.sp.gov.br\/wp-content\/uploads\/2021\/06\/DOM-Edicao-no-662-estabilidade-dos-servidores-admitidos-em-2010-2011-2012-2013.pdf\" target=\"_blank\" rel=\"noreferrer noopener\">DOM-Edicao-no-662-estabilidade-dos-servidores-admitidos-em-2010-2011-2012-2013<\/a><a class=\"wp-block-file__button wp-element-button\" href=\"https:\/\/portaldoservidor.hortolandia.sp.gov.br\/wp-content\/uploads\/2021\/06\/DOM-Edicao-no-662-estabilidade-dos-servidores-admitidos-em-2010-2011-2012-2013.pdf\" download=\"\">Baixar<\/a><\/div>\n\n<div class=\"wp-block-file\"><a href=\"https:\/\/portaldoservidor.hortolandia.sp.gov.br\/wp-content\/uploads\/2021\/06\/DOM-Edicao-no-710-estabilidade-dos-servidores-admitidos-em-2014.pdf\" target=\"_blank\" rel=\"noreferrer noopener\">DOM-Edicao-no-710-estabilidade-dos-servidores-admitidos-em-2014<\/a><a class=\"wp-block-file__button wp-element-button\" href=\"https:\/\/portaldoservidor.hortolandia.sp.gov.br\/wp-content\/uploads\/2021\/06\/DOM-Edicao-no-710-estabilidade-dos-servidores-admitidos-em-2014.pdf\" download=\"\">Baixar<\/a><\/div>\n\n<div class=\"wp-block-file\"><a href=\"https:\/\/portaldoservidor.hortolandia.sp.gov.br\/wp-content\/uploads\/2021\/06\/DOM-Edicao-no-738-estabilidade-dos-servidores-admitidos-em-2014-introduz-alteracao.pdf\" target=\"_blank\" rel=\"noreferrer noopener\">DOM-Edicao-no-738-estabilidade-dos-servidores-admitidos-em-2014-introduz-alteracao<\/a><a class=\"wp-block-file__button wp-element-button\" href=\"https:\/\/portaldoservidor.hortolandia.sp.gov.br\/wp-content\/uploads\/2021\/06\/DOM-Edicao-no-738-estabilidade-dos-servidores-admitidos-em-2014-introduz-alteracao.pdf\" download=\"\">Baixar<\/a><\/div>\n\n<div class=\"wp-block-file\"><a href=\"https:\/\/portaldoservidor.hortolandia.sp.gov.br\/wp-content\/uploads\/2021\/06\/DOM-Edicao-no-932-estabilidade-dos-servidores-admitidos-em-2015.pdf\" target=\"_blank\" rel=\"noreferrer noopener\">DOM-Edicao-no-932-estabilidade-dos-servidores-admitidos-em-2015<\/a><a class=\"wp-block-file__button wp-element-button\" href=\"https:\/\/portaldoservidor.hortolandia.sp.gov.br\/wp-content\/uploads\/2021\/06\/DOM-Edicao-no-932-estabilidade-dos-servidores-admitidos-em-2015.pdf\" download=\"\">Baixar<\/a><\/div>\n\n<div class=\"wp-block-file\"><a href=\"https:\/\/portaldoservidor.hortolandia.sp.gov.br\/wp-content\/uploads\/2021\/06\/DOM-Edicao-no-952-estabilidade-dos-servidores-admitidos-em-2016.pdf\" target=\"_blank\" rel=\"noreferrer noopener\">DOM-Edicao-no-952-estabilidade-dos-servidores-admitidos-em-2016<\/a><a class=\"wp-block-file__button wp-element-button\" href=\"https:\/\/portaldoservidor.hortolandia.sp.gov.br\/wp-content\/uploads\/2021\/06\/DOM-Edicao-no-952-estabilidade-dos-servidores-admitidos-em-2016.pdf\" download=\"\">Baixar<\/a><\/div>\n\n<div class=\"wp-block-file\"><a href=\"https:\/\/portaldoservidor.hortolandia.sp.gov.br\/wp-content\/uploads\/2021\/06\/DOM-Edicao-no-961-estabilidade-dos-servidores-admitidos-em-2017.pdf\" target=\"_blank\" rel=\"noreferrer noopener\">DOM-Edicao-no-961-estabilidade-dos-servidores-admitidos-em-2017<\/a><a class=\"wp-block-file__button wp-element-button\" href=\"https:\/\/portaldoservidor.hortolandia.sp.gov.br\/wp-content\/uploads\/2021\/06\/DOM-Edicao-no-961-estabilidade-dos-servidores-admitidos-em-2017.pdf\" download=\"\">Baixar<\/a><\/div>\n\n<div class=\"wp-block-file\"><a href=\"https:\/\/portaldoservidor.hortolandia.sp.gov.br\/wp-content\/uploads\/2021\/06\/DOM-Edicao-no-1050-estabilidade-dos-servidores-admitidos-em-agosto-2017.pdf\" target=\"_blank\" rel=\"noreferrer noopener\">DOM-Edicao-no-1050-estabilidade-dos-servidores-admitidos-em-agosto-2017<\/a><a class=\"wp-block-file__button wp-element-button\" href=\"https:\/\/portaldoservidor.hortolandia.sp.gov.br\/wp-content\/uploads\/2021\/06\/DOM-Edicao-no-1050-estabilidade-dos-servidores-admitidos-em-agosto-2017.pdf\" download=\"\">Baixar<\/a><\/div>\n\n<div class=\"wp-block-file\"><a href=\"https:\/\/portaldoservidor.hortolandia.sp.gov.br\/wp-content\/uploads\/2021\/06\/DOM-Edicao-no-1070-estabilidade-dos-servidores-admitidos-em-novembro-2017.pdf\" target=\"_blank\" rel=\"noreferrer noopener\">DOM-Edicao-no-1070-estabilidade-dos-servidores-admitidos-em-novembro-2017<\/a><a class=\"wp-block-file__button wp-element-button\" href=\"https:\/\/portaldoservidor.hortolandia.sp.gov.br\/wp-content\/uploads\/2021\/06\/DOM-Edicao-no-1070-estabilidade-dos-servidores-admitidos-em-novembro-2017.pdf\" download=\"\">Baixar<\/a><\/div>\n\n<div class=\"wp-block-file\"><a href=\"https:\/\/portaldoservidor.hortolandia.sp.gov.br\/wp-content\/uploads\/2021\/06\/DOM-Edicao-no-1115-estabilidade-dos-AGENTES-COMUNITARIOS-DE-SAUDE.pdf\" target=\"_blank\" rel=\"noreferrer noopener\">DOM-Edicao-no-1115-estabilidade-dos-AGENTES-COMUNITARIOS-DE-SAUDE<\/a><a class=\"wp-block-file__button wp-element-button\" href=\"https:\/\/portaldoservidor.hortolandia.sp.gov.br\/wp-content\/uploads\/2021\/06\/DOM-Edicao-no-1115-estabilidade-dos-AGENTES-COMUNITARIOS-DE-SAUDE.pdf\" download=\"\">Baixar<\/a><\/div>\n\n<div class=\"wp-block-file\"><a href=\"https:\/\/portaldoservidor.hortolandia.sp.gov.br\/wp-content\/uploads\/2021\/06\/DOM-Edicao-no-1115-estabilidade-dos-servidores-admitidos-em-2017.pdf\" target=\"_blank\" rel=\"noreferrer noopener\">DOM-Edicao-no-1115-estabilidade-dos-servidores-admitidos-em-2017<\/a><a class=\"wp-block-file__button wp-element-button\" href=\"https:\/\/portaldoservidor.hortolandia.sp.gov.br\/wp-content\/uploads\/2021\/06\/DOM-Edicao-no-1115-estabilidade-dos-servidores-admitidos-em-2017.pdf\" download=\"\">Baixar<\/a><\/div>\n\n<div class=\"wp-block-file\"><a href=\"https:\/\/portaldoservidor.hortolandia.sp.gov.br\/wp-content\/uploads\/2021\/06\/DOM-Edicao-no-1184-estabilidade-dos-servidores-que-estavam-afastados-e-voltaram.pdf\" target=\"_blank\" rel=\"noreferrer noopener\">DOM-Edicao-no-1184-estabilidade-dos-servidores-que-estavam-afastados-e-voltaram<\/a><a class=\"wp-block-file__button wp-element-button\" href=\"https:\/\/portaldoservidor.hortolandia.sp.gov.br\/wp-content\/uploads\/2021\/06\/DOM-Edicao-no-1184-estabilidade-dos-servidores-que-estavam-afastados-e-voltaram.pdf\" download=\"\">Baixar<\/a><\/div>\n\n<p class=\"has-normal-font-size\">\u00a0<\/p>\n\n<div class=\"wp-block-file\"><a href=\"https:\/\/portaldoservidor.hortolandia.sp.gov.br\/wp-content\/uploads\/2022\/01\/1237-edicao-estabilidade-dos-servidores-admitidos-em-2018-pag.-8-FALTA-PORTAL.pdf\">1237-edicao-estabilidade-dos-servidores-admitidos-em-2018-pag.-8-FALTA-PORTAL<\/a><a class=\"wp-block-file__button wp-element-button\" href=\"https:\/\/portaldoservidor.hortolandia.sp.gov.br\/wp-content\/uploads\/2022\/01\/1237-edicao-estabilidade-dos-servidores-admitidos-em-2018-pag.-8-FALTA-PORTAL.pdf\" download=\"\">Baixar<\/a><\/div>\n\n<p>\u00a0<\/p>\n\t\t\t\t\t\t\t\t<\/div>\n\t\t\t\t<\/div>\n\t\t\t\t\t<\/div>\n\t\t\t\t<\/div>\n\t\t\t\t<\/div>\n\t\t","protected":false},"excerpt":{"rendered":"<p>Neste espa\u00e7o, voc\u00ea encontra todas as Portarias de Estabiliza\u00e7\u00e3o que reconheceram formalmente a aquisi\u00e7\u00e3o de estabilidades das servidores e dos servidores que conclu\u00edram com sucesso&hellip;<\/p>\n","protected":false},"author":1,"featured_media":0,"parent":0,"menu_order":0,"comment_status":"closed","ping_status":"closed","template":"","meta":{"footnotes":""},"class_list":["post-553","page","type-page","status-publish","hentry"],"_links":{"self":[{"href":"https:\/\/portaldoservidor.hortolandia.sp.gov.br\/index.php\/wp-json\/wp\/v2\/pages\/553","targetHints":{"allow":["GET"]}}],"collection":[{"href":"https:\/\/portaldoservidor.hortolandia.sp.gov.br\/index.php\/wp-json\/wp\/v2\/pages"}],"about":[{"href":"https:\/\/portaldoservidor.hortolandia.sp.gov.br\/index.php\/wp-json\/wp\/v2\/types\/page"}],"author":[{"embeddable":true,"href":"https:\/\/portaldoservidor.hortolandia.sp.gov.br\/index.php\/wp-json\/wp\/v2\/users\/1"}],"replies":[{"embeddable":true,"href":"https:\/\/portaldoservidor.hortolandia.sp.gov.br\/index.php\/wp-json\/wp\/v2\/comments?post=553"}],"version-history":[{"count":5,"href":"https:\/\/portaldoservidor.hortolandia.sp.gov.br\/index.php\/wp-json\/wp\/v2\/pages\/553\/revisions"}],"predecessor-version":[{"id":23898,"href":"https:\/\/portaldoservidor.hortolandia.sp.gov.br\/index.php\/wp-json\/wp\/v2\/pages\/553\/revisions\/23898"}],"wp:attachment":[{"href":"https:\/\/portaldoservidor.hortolandia.sp.gov.br\/index.php\/wp-json\/wp\/v2\/media?parent=553"}],"curies":[{"name":"wp","href":"https:\/\/api.w.org\/{rel}","templated":true}]}}