{"id":631,"date":"2021-05-21T15:15:13","date_gmt":"2021-05-21T18:15:13","guid":{"rendered":"http:\/\/portaldoservidor.hortolandia.sp.gov.br\/?page_id=631"},"modified":"2025-01-22T10:26:46","modified_gmt":"2025-01-22T13:26:46","slug":"estrutura-de-governanca-da-egph","status":"publish","type":"page","link":"https:\/\/portaldoservidor.hortolandia.sp.gov.br\/index.php\/estrutura-de-governanca-da-egph\/","title":{"rendered":"Estrutura de Governan\u00e7a da EGPH"},"content":{"rendered":"\t\t<div data-elementor-type=\"wp-page\" data-elementor-id=\"631\" class=\"elementor elementor-631\" data-elementor-settings=\"{&quot;ha_cmc_init_switcher&quot;:&quot;no&quot;}\">\n\t\t\t\t<div class=\"elementor-element elementor-element-64320dd1 e-flex e-con-boxed wpr-particle-no wpr-jarallax-no wpr-parallax-no wpr-sticky-section-no e-con e-parent\" data-id=\"64320dd1\" data-element_type=\"container\" data-e-type=\"container\" data-settings=\"{&quot;_ha_eqh_enable&quot;:false}\">\n\t\t\t\t\t<div class=\"e-con-inner\">\n\t\t\t\t<div class=\"elementor-element elementor-element-318f83d2 exad-sticky-section-no exad-glass-effect-no elementor-widget elementor-widget-text-editor\" data-id=\"318f83d2\" data-element_type=\"widget\" data-e-type=\"widget\" data-widget_type=\"text-editor.default\">\n\t\t\t\t<div class=\"elementor-widget-container\">\n\t\t\t\t\t\t\t\t\t\n<figure class=\"wp-block-image size-large is-resized\"><img fetchpriority=\"high\" decoding=\"async\" class=\"wp-image-829 aligncenter\" src=\"http:\/\/portaldoservidor.hortolandia.sp.gov.br\/wp-content\/uploads\/2021\/05\/Estrutura-de-Governan\u00e7a-EGPH-8.jpg\" alt=\"\" width=\"724\" height=\"426\" \/><\/figure>\n\n<p>\u00a0<\/p>\n<p>A Escola de Gest\u00e3o P\u00fablica de Hortol\u00e2ndia &#8211; EGPH &#8211; est\u00e1 estruturada com dois setores: <strong>Avalia\u00e7\u00e3o de Desempenho e Est\u00e1gio Probat\u00f3rio<\/strong> e <strong>Capacita\u00e7\u00e3o e Desenvolvimento de Pessoal, <\/strong>\u00e9 uma equipe de profissionais integrada por 8 servidoras de carreira, uma estagi\u00e1ria e o diretor. Funciona de forma horizontal e esse pequeno contingente profissional comp\u00f5e as 4 equipes necess\u00e1rias ao seu funcionamento: gestora, pedag\u00f3gica, de avalia\u00e7\u00e3o e de desenvolvimento na carreira.<\/p>\n\n<p>Tem a miss\u00e3o estrat\u00e9gica de atender \u00e0 demanda das 17 secretarias municipais e os cerca de 5.000 servidoras e servidores do munic\u00edpio. Para tal, conta com o corpo docente integrante do <strong>Programa Instrutor Servidor [PROINST]<\/strong> e uma conjunto de \u00f3rg\u00e3os colegiados que organizam e supervisionam as a\u00e7\u00f5es program\u00e1ticas e as atividades estrat\u00e9gicas das atribui\u00e7\u00f5es da EGPH.<\/p>\n\t\t\t\t\t\t\t\t<\/div>\n\t\t\t\t<\/div>\n\t\t\t\t\t<\/div>\n\t\t\t\t<\/div>\n\t\t\t\t<\/div>\n\t\t","protected":false},"excerpt":{"rendered":"<p>\u00a0 A Escola de Gest\u00e3o P\u00fablica de Hortol\u00e2ndia &#8211; EGPH &#8211; est\u00e1 estruturada com dois setores: Avalia\u00e7\u00e3o de Desempenho e Est\u00e1gio Probat\u00f3rio e Capacita\u00e7\u00e3o e&hellip;<\/p>\n","protected":false},"author":1,"featured_media":0,"parent":0,"menu_order":0,"comment_status":"closed","ping_status":"closed","template":"","meta":{"footnotes":""},"class_list":["post-631","page","type-page","status-publish","hentry"],"_links":{"self":[{"href":"https:\/\/portaldoservidor.hortolandia.sp.gov.br\/index.php\/wp-json\/wp\/v2\/pages\/631","targetHints":{"allow":["GET"]}}],"collection":[{"href":"https:\/\/portaldoservidor.hortolandia.sp.gov.br\/index.php\/wp-json\/wp\/v2\/pages"}],"about":[{"href":"https:\/\/portaldoservidor.hortolandia.sp.gov.br\/index.php\/wp-json\/wp\/v2\/types\/page"}],"author":[{"embeddable":true,"href":"https:\/\/portaldoservidor.hortolandia.sp.gov.br\/index.php\/wp-json\/wp\/v2\/users\/1"}],"replies":[{"embeddable":true,"href":"https:\/\/portaldoservidor.hortolandia.sp.gov.br\/index.php\/wp-json\/wp\/v2\/comments?post=631"}],"version-history":[{"count":3,"href":"https:\/\/portaldoservidor.hortolandia.sp.gov.br\/index.php\/wp-json\/wp\/v2\/pages\/631\/revisions"}],"predecessor-version":[{"id":23632,"href":"https:\/\/portaldoservidor.hortolandia.sp.gov.br\/index.php\/wp-json\/wp\/v2\/pages\/631\/revisions\/23632"}],"wp:attachment":[{"href":"https:\/\/portaldoservidor.hortolandia.sp.gov.br\/index.php\/wp-json\/wp\/v2\/media?parent=631"}],"curies":[{"name":"wp","href":"https:\/\/api.w.org\/{rel}","templated":true}]}}