{"id":752,"date":"2021-05-23T17:33:50","date_gmt":"2021-05-23T20:33:50","guid":{"rendered":"http:\/\/portaldoservidor.hortolandia.sp.gov.br\/?page_id=752"},"modified":"2025-01-22T14:34:26","modified_gmt":"2025-01-22T17:34:26","slug":"comissoes-internas-de-prevencao-de-acidentes-cipa","status":"publish","type":"page","link":"https:\/\/portaldoservidor.hortolandia.sp.gov.br\/index.php\/comissoes-internas-de-prevencao-de-acidentes-cipa\/","title":{"rendered":"Comiss\u00f5es Internas de Preven\u00e7\u00e3o de Acidentes &#8211; CIPA"},"content":{"rendered":"\t\t<div data-elementor-type=\"wp-page\" data-elementor-id=\"752\" class=\"elementor elementor-752\" data-elementor-settings=\"{&quot;ha_cmc_init_switcher&quot;:&quot;no&quot;}\">\n\t\t\t\t<div class=\"elementor-element elementor-element-7bb259f3 e-flex e-con-boxed wpr-particle-no wpr-jarallax-no wpr-parallax-no wpr-sticky-section-no e-con e-parent\" data-id=\"7bb259f3\" data-element_type=\"container\" data-e-type=\"container\" data-settings=\"{&quot;_ha_eqh_enable&quot;:false}\">\n\t\t\t\t\t<div class=\"e-con-inner\">\n\t\t\t\t<div class=\"elementor-element elementor-element-7a7c359a exad-sticky-section-no exad-glass-effect-no elementor-widget elementor-widget-text-editor\" data-id=\"7a7c359a\" data-element_type=\"widget\" data-e-type=\"widget\" data-widget_type=\"text-editor.default\">\n\t\t\t\t<div class=\"elementor-widget-container\">\n\t\t\t\t\t\t\t\t\t\n<p>As Comiss\u00f5es Internas de Preven\u00e7\u00e3o de Acidentes \u2013 CIPA \u2013 tem como objetivo a preven\u00e7\u00e3o de acidentes e doen\u00e7as decorrentes do trabalho, de modo a tornar compat\u00edvel, permanentemente, o trabalho com a preserva\u00e7\u00e3o da vida e promo\u00e7\u00e3o da sa\u00fade do servidor.<\/p>\n\n<p>Conforme legisla\u00e7\u00e3o em vig\u00eancia (Lei 2299\/ 2009), temos a constitui\u00e7\u00e3o de 3 CIPAs, sendo distribu\u00eddas da seguinte forma:<\/p>\n\n<ul>\n<li><strong>CIPA para servidores da Secretaria de Educa\u00e7\u00e3o;<\/strong><\/li>\n<li><strong>CIPA para servidores da Secretaria de Sa\u00fade;<\/strong><\/li>\n<li><strong>CIPA para demais Secretarias Municipais.<\/strong><\/li>\n<\/ul>\n\n<p>Neste momento, est\u00e3o em vig\u00eancia as CIPAs eleitas em 07 de maio de 2019.<\/p>\n\n<div class=\"wp-block-file\"><a href=\"https:\/\/portaldoservidor.hortolandia.sp.gov.br\/wp-content\/uploads\/2021\/05\/Homologacao-CIPA-2018-e-2019-versao-3-Publicacao-07-05-2019.doc.pdf\">Homologa\u00e7\u00e3o CIPA 2018 e 2019 versao 3 &#8211; Publica\u00e7\u00e3o 07-05-2019.doc<\/a><a class=\"wp-block-file__button\" href=\"https:\/\/portaldoservidor.hortolandia.sp.gov.br\/wp-content\/uploads\/2021\/05\/Homologacao-CIPA-2018-e-2019-versao-3-Publicacao-07-05-2019.doc.pdf\" download=\"\">Baixar<\/a><\/div>\n\n<p>\u00a0<\/p>\n\t\t\t\t\t\t\t\t<\/div>\n\t\t\t\t<\/div>\n\t\t\t\t\t<\/div>\n\t\t\t\t<\/div>\n\t\t\t\t<\/div>\n\t\t","protected":false},"excerpt":{"rendered":"<p>As Comiss\u00f5es Internas de Preven\u00e7\u00e3o de Acidentes \u2013 CIPA \u2013 tem como objetivo a preven\u00e7\u00e3o de acidentes e doen\u00e7as decorrentes do trabalho, de modo a&hellip;<\/p>\n","protected":false},"author":1,"featured_media":0,"parent":0,"menu_order":0,"comment_status":"closed","ping_status":"closed","template":"","meta":{"footnotes":""},"class_list":["post-752","page","type-page","status-publish","hentry"],"_links":{"self":[{"href":"https:\/\/portaldoservidor.hortolandia.sp.gov.br\/index.php\/wp-json\/wp\/v2\/pages\/752","targetHints":{"allow":["GET"]}}],"collection":[{"href":"https:\/\/portaldoservidor.hortolandia.sp.gov.br\/index.php\/wp-json\/wp\/v2\/pages"}],"about":[{"href":"https:\/\/portaldoservidor.hortolandia.sp.gov.br\/index.php\/wp-json\/wp\/v2\/types\/page"}],"author":[{"embeddable":true,"href":"https:\/\/portaldoservidor.hortolandia.sp.gov.br\/index.php\/wp-json\/wp\/v2\/users\/1"}],"replies":[{"embeddable":true,"href":"https:\/\/portaldoservidor.hortolandia.sp.gov.br\/index.php\/wp-json\/wp\/v2\/comments?post=752"}],"version-history":[{"count":3,"href":"https:\/\/portaldoservidor.hortolandia.sp.gov.br\/index.php\/wp-json\/wp\/v2\/pages\/752\/revisions"}],"predecessor-version":[{"id":23734,"href":"https:\/\/portaldoservidor.hortolandia.sp.gov.br\/index.php\/wp-json\/wp\/v2\/pages\/752\/revisions\/23734"}],"wp:attachment":[{"href":"https:\/\/portaldoservidor.hortolandia.sp.gov.br\/index.php\/wp-json\/wp\/v2\/media?parent=752"}],"curies":[{"name":"wp","href":"https:\/\/api.w.org\/{rel}","templated":true}]}}