{"id":755,"date":"2021-05-23T18:38:45","date_gmt":"2021-05-23T21:38:45","guid":{"rendered":"http:\/\/portaldoservidor.hortolandia.sp.gov.br\/?page_id=755"},"modified":"2025-01-17T10:22:48","modified_gmt":"2025-01-17T13:22:48","slug":"programa-de-prevencao-de-riscos-ambientais-ppra","status":"publish","type":"page","link":"https:\/\/portaldoservidor.hortolandia.sp.gov.br\/index.php\/programa-de-prevencao-de-riscos-ambientais-ppra\/","title":{"rendered":"Programa de Preven\u00e7\u00e3o de Riscos Ambientais &#8211; PPRA"},"content":{"rendered":"\t\t<div data-elementor-type=\"wp-page\" data-elementor-id=\"755\" class=\"elementor elementor-755\" data-elementor-settings=\"{&quot;ha_cmc_init_switcher&quot;:&quot;no&quot;}\">\n\t\t\t\t<div class=\"elementor-element elementor-element-54189d32 e-flex e-con-boxed wpr-particle-no wpr-jarallax-no wpr-parallax-no wpr-sticky-section-no e-con e-parent\" data-id=\"54189d32\" data-element_type=\"container\" data-e-type=\"container\" data-settings=\"{&quot;_ha_eqh_enable&quot;:false}\">\n\t\t\t\t\t<div class=\"e-con-inner\">\n\t\t\t\t<div class=\"elementor-element elementor-element-2173a978 exad-sticky-section-no exad-glass-effect-no elementor-widget elementor-widget-text-editor\" data-id=\"2173a978\" data-element_type=\"widget\" data-e-type=\"widget\" data-widget_type=\"text-editor.default\">\n\t\t\t\t<div class=\"elementor-widget-container\">\n\t\t\t\t\t\t\t\t\t\n<p>Compete \u00e0 Divis\u00e3o de Sa\u00fade Ocupacional e Seguran\u00e7a no Trabalho a implanta\u00e7\u00e3o do <strong>Programa de Preven\u00e7\u00e3o de Riscos Ambientais \u2013 PPRA<\/strong>, visando \u00e0 preserva\u00e7\u00e3o da sa\u00fade e da integridade das servidoras e dos servidores, por meio da antecipa\u00e7\u00e3o, reconhecimento, avalia\u00e7\u00e3o e consequente controle da ocorr\u00eancia de riscos ambientais existentes ou que venham a existir no ambiente de trabalho, tendo em considera\u00e7\u00e3o a prote\u00e7\u00e3o do meio ambiente e dos recursos naturais, conforme as normas reguladoras da legisla\u00e7\u00e3o federal (Art. 177 da <a href=\"https:\/\/sapl.hortolandia.sp.leg.br\/pysc\/download_norma_pysc?cod_norma=4&amp;texto_original=1\">Lei Municipal n\u00ba 2.004\/2008<\/a>).<\/p>\n\n<p>O PPRA \u00e9 elaborado anualmente, corresponde a cada local de trabalho da Prefeitura. O acesso a esse documento poder\u00e1 ser solicitado diretamente com o diretor de departamento ao que o(a) servidor(a) est\u00e1 lotado.<\/p>\n\t\t\t\t\t\t\t\t<\/div>\n\t\t\t\t<\/div>\n\t\t\t\t\t<\/div>\n\t\t\t\t<\/div>\n\t\t\t\t<\/div>\n\t\t","protected":false},"excerpt":{"rendered":"<p>Compete \u00e0 Divis\u00e3o de Sa\u00fade Ocupacional e Seguran\u00e7a no Trabalho a implanta\u00e7\u00e3o do Programa de Preven\u00e7\u00e3o de Riscos Ambientais \u2013 PPRA, visando \u00e0 preserva\u00e7\u00e3o da&hellip;<\/p>\n","protected":false},"author":1,"featured_media":0,"parent":0,"menu_order":0,"comment_status":"closed","ping_status":"closed","template":"","meta":{"footnotes":""},"class_list":["post-755","page","type-page","status-publish","hentry"],"_links":{"self":[{"href":"https:\/\/portaldoservidor.hortolandia.sp.gov.br\/index.php\/wp-json\/wp\/v2\/pages\/755","targetHints":{"allow":["GET"]}}],"collection":[{"href":"https:\/\/portaldoservidor.hortolandia.sp.gov.br\/index.php\/wp-json\/wp\/v2\/pages"}],"about":[{"href":"https:\/\/portaldoservidor.hortolandia.sp.gov.br\/index.php\/wp-json\/wp\/v2\/types\/page"}],"author":[{"embeddable":true,"href":"https:\/\/portaldoservidor.hortolandia.sp.gov.br\/index.php\/wp-json\/wp\/v2\/users\/1"}],"replies":[{"embeddable":true,"href":"https:\/\/portaldoservidor.hortolandia.sp.gov.br\/index.php\/wp-json\/wp\/v2\/comments?post=755"}],"version-history":[{"count":3,"href":"https:\/\/portaldoservidor.hortolandia.sp.gov.br\/index.php\/wp-json\/wp\/v2\/pages\/755\/revisions"}],"predecessor-version":[{"id":23374,"href":"https:\/\/portaldoservidor.hortolandia.sp.gov.br\/index.php\/wp-json\/wp\/v2\/pages\/755\/revisions\/23374"}],"wp:attachment":[{"href":"https:\/\/portaldoservidor.hortolandia.sp.gov.br\/index.php\/wp-json\/wp\/v2\/media?parent=755"}],"curies":[{"name":"wp","href":"https:\/\/api.w.org\/{rel}","templated":true}]}}