{"id":757,"date":"2021-05-23T18:43:11","date_gmt":"2021-05-23T21:43:11","guid":{"rendered":"http:\/\/portaldoservidor.hortolandia.sp.gov.br\/?page_id=757"},"modified":"2025-01-24T14:25:05","modified_gmt":"2025-01-24T17:25:05","slug":"programa-de-controle-medico-de-saude-ocupacional-pcmso","status":"publish","type":"page","link":"https:\/\/portaldoservidor.hortolandia.sp.gov.br\/index.php\/programa-de-controle-medico-de-saude-ocupacional-pcmso\/","title":{"rendered":"Programa de Controle M\u00e9dico de Sa\u00fade Ocupacional &#8211; PCMSO"},"content":{"rendered":"\t\t<div data-elementor-type=\"wp-page\" data-elementor-id=\"757\" class=\"elementor elementor-757\" data-elementor-settings=\"{&quot;ha_cmc_init_switcher&quot;:&quot;no&quot;}\">\n\t\t\t\t<div class=\"elementor-element elementor-element-6736470c e-flex e-con-boxed wpr-particle-no wpr-jarallax-no wpr-parallax-no wpr-sticky-section-no e-con e-parent\" data-id=\"6736470c\" data-element_type=\"container\" data-e-type=\"container\" data-settings=\"{&quot;_ha_eqh_enable&quot;:false}\">\n\t\t\t\t\t<div class=\"e-con-inner\">\n\t\t\t\t<div class=\"elementor-element elementor-element-6cd3ff59 exad-sticky-section-no exad-glass-effect-no elementor-widget elementor-widget-text-editor\" data-id=\"6cd3ff59\" data-element_type=\"widget\" data-e-type=\"widget\" data-widget_type=\"text-editor.default\">\n\t\t\t\t<div class=\"elementor-widget-container\">\n\t\t\t\t\t\t\t\t\t\n<p>Compete \u00e0 Divis\u00e3o de Sa\u00fade Ocupacional e Seguran\u00e7a do Trabalho (DSOST) a implanta\u00e7\u00e3o do <strong>Programa de Controle M\u00e9dico de Sa\u00fade Ocupacional (PCMSO<\/strong><b>)<\/b>, visando \u00e0 preserva\u00e7\u00e3o da sa\u00fade e da integridade dos trabalhadores, que considera os princ\u00edpios previstos nas normas reguladoras da legisla\u00e7\u00e3o federal.<\/p>\n\n<p>Veja abaixo o PCMSO do Munic\u00edpio:<\/p>\n\n<div class=\"wp-block-file\"><a href=\"http:\/\/portaldoservidor.hortolandia.sp.gov.br\/wp-content\/uploads\/2021\/05\/PCMSO-2020-a-2021.pdf\" target=\"_blank\" rel=\"noreferrer noopener\">PCMSO-2020-a-2021<\/a><\/div>\n\n<p>\u00a0<\/p>\n\t\t\t\t\t\t\t\t<\/div>\n\t\t\t\t<\/div>\n\t\t\t\t\t<\/div>\n\t\t\t\t<\/div>\n\t\t\t\t<\/div>\n\t\t","protected":false},"excerpt":{"rendered":"<p>Compete \u00e0 Divis\u00e3o de Sa\u00fade Ocupacional e Seguran\u00e7a do Trabalho (DSOST) a implanta\u00e7\u00e3o do Programa de Controle M\u00e9dico de Sa\u00fade Ocupacional (PCMSO), visando \u00e0 preserva\u00e7\u00e3o&hellip;<\/p>\n","protected":false},"author":1,"featured_media":0,"parent":0,"menu_order":0,"comment_status":"closed","ping_status":"closed","template":"","meta":{"footnotes":""},"class_list":["post-757","page","type-page","status-publish","hentry"],"_links":{"self":[{"href":"https:\/\/portaldoservidor.hortolandia.sp.gov.br\/index.php\/wp-json\/wp\/v2\/pages\/757","targetHints":{"allow":["GET"]}}],"collection":[{"href":"https:\/\/portaldoservidor.hortolandia.sp.gov.br\/index.php\/wp-json\/wp\/v2\/pages"}],"about":[{"href":"https:\/\/portaldoservidor.hortolandia.sp.gov.br\/index.php\/wp-json\/wp\/v2\/types\/page"}],"author":[{"embeddable":true,"href":"https:\/\/portaldoservidor.hortolandia.sp.gov.br\/index.php\/wp-json\/wp\/v2\/users\/1"}],"replies":[{"embeddable":true,"href":"https:\/\/portaldoservidor.hortolandia.sp.gov.br\/index.php\/wp-json\/wp\/v2\/comments?post=757"}],"version-history":[{"count":6,"href":"https:\/\/portaldoservidor.hortolandia.sp.gov.br\/index.php\/wp-json\/wp\/v2\/pages\/757\/revisions"}],"predecessor-version":[{"id":23922,"href":"https:\/\/portaldoservidor.hortolandia.sp.gov.br\/index.php\/wp-json\/wp\/v2\/pages\/757\/revisions\/23922"}],"wp:attachment":[{"href":"https:\/\/portaldoservidor.hortolandia.sp.gov.br\/index.php\/wp-json\/wp\/v2\/media?parent=757"}],"curies":[{"name":"wp","href":"https:\/\/api.w.org\/{rel}","templated":true}]}}