{"id":765,"date":"2021-05-23T18:56:11","date_gmt":"2021-05-23T21:56:11","guid":{"rendered":"http:\/\/portaldoservidor.hortolandia.sp.gov.br\/?page_id=765"},"modified":"2025-01-20T11:50:44","modified_gmt":"2025-01-20T14:50:44","slug":"juntas-medicas-oficiais","status":"publish","type":"page","link":"https:\/\/portaldoservidor.hortolandia.sp.gov.br\/index.php\/juntas-medicas-oficiais\/","title":{"rendered":"Juntas M\u00e9dicas Oficiais"},"content":{"rendered":"\t\t<div data-elementor-type=\"wp-page\" data-elementor-id=\"765\" class=\"elementor elementor-765\" data-elementor-settings=\"{&quot;ha_cmc_init_switcher&quot;:&quot;no&quot;}\">\n\t\t\t\t<div class=\"elementor-element elementor-element-46923cb8 e-flex e-con-boxed wpr-particle-no wpr-jarallax-no wpr-parallax-no wpr-sticky-section-no e-con e-parent\" data-id=\"46923cb8\" data-element_type=\"container\" data-e-type=\"container\" data-settings=\"{&quot;_ha_eqh_enable&quot;:false}\">\n\t\t\t\t\t<div class=\"e-con-inner\">\n\t\t\t\t<div class=\"elementor-element elementor-element-2eaf584b exad-sticky-section-no exad-glass-effect-no elementor-widget elementor-widget-text-editor\" data-id=\"2eaf584b\" data-element_type=\"widget\" data-e-type=\"widget\" data-widget_type=\"text-editor.default\">\n\t\t\t\t<div class=\"elementor-widget-container\">\n\t\t\t\t\t\t\t\t\t\n<p>As Juntas M\u00e9dicas Oficiais constituem inst\u00e2ncias especiais periciais na an\u00e1lise e julgamento de recursos, solicita\u00e7\u00f5es de cunho securit\u00e1rio, previdenci\u00e1rio, na aplica\u00e7\u00e3o de direito dos servidores, e de car\u00e1ter auxiliar em processos administrativos e judiciais na avalia\u00e7\u00e3o do componente m\u00e9dico que os constitui.<\/p>\n\n<p>\u00c9 compet\u00eancia da Junta M\u00e9dica:<\/p>\n\n<ul>\n<li>Avaliar e decidir sobre recurso apresentado por candidato a concurso p\u00fablico aprovado na prova te\u00f3rica e pr\u00e1tica e reprovado no exame de sa\u00fade para admiss\u00e3o;<\/li>\n<li>Verificar a exist\u00eancia de defici\u00eancia alegada por candidato a cargo p\u00fablico em car\u00e1ter de reserva \u00e0s pessoas com defici\u00eancia, e a sua compatibilidade com o cargo para o qual foi aprovado em concurso;<\/li>\n<li>Avaliar e decidir sobre recurso apresentado por servidor municipal em processo de demiss\u00e3o que conteste o resultado de seu exame demissional;<\/li>\n<li>Avaliar e decidir sobre recurso apresentado por servidor municipal que tenha licen\u00e7a m\u00e9dica igual ou superior a 15 (quinze) dias;<\/li>\n<li>Avaliar e opinar sobre processos de aposentadoria por invalidez que dever\u00e1 ser instru\u00edda, solicitada e encaminhada pelo \u00f3rg\u00e3o respons\u00e1vel pela sa\u00fade e seguran\u00e7a do trabalho ou o seu equivalente nas institui\u00e7\u00f5es da Administra\u00e7\u00e3o Indireta ou do Poder Legislativo;<\/li>\n<li>Avaliar e decidir sobre afastamentos superiores a 60 (sessenta) dias;<\/li>\n<li>Recomendar readapta\u00e7\u00e3o funcional, que dever\u00e1 ser instru\u00edda, solicitada e encaminhada pelo \u00f3rg\u00e3o respons\u00e1vel pela sa\u00fade e seguran\u00e7a do trabalho da Prefeitura Municipal;<\/li>\n<li>Avaliar e decidir, em grau de recurso, sobre a exist\u00eancia de nexo causal em acidentes de trabalho e doen\u00e7as ocupacionais constantes da legisla\u00e7\u00e3o federal que regula os benef\u00edcios da previd\u00eancia social;<\/li>\n<li>Avaliar e decidir sobre a exist\u00eancia de nexo causal em doen\u00e7as ocupacionais que n\u00e3o constem da legisla\u00e7\u00e3o federal que regula os benef\u00edcios da previd\u00eancia social;<\/li>\n<li>Avaliar e opinar sobre a adequa\u00e7\u00e3o de pedido de isen\u00e7\u00e3o de imposto de renda aos portadores de afec\u00e7\u00f5es previstas na legisla\u00e7\u00e3o vigente;<\/li>\n<li>Avaliar e opinar sobre a revoga\u00e7\u00e3o de aposentadoria concedida aos servidores municipais;<\/li>\n<li>Avaliar e opinar sobre a inclus\u00e3o de dependentes incapazes para o trabalho na condi\u00e7\u00e3o de pensionistas tempor\u00e1rios ou permanentes;<\/li>\n<li>Avaliar e opinar sobre o direito de dependentes incapazes para o trabalho na percep\u00e7\u00e3o de direitos deixados;<\/li>\n<li>Avaliar e opinar sobre a autoriza\u00e7\u00e3o para pagamento de pec\u00falio por invalidez permanente decorrente de acidente em servi\u00e7o;<\/li>\n<li>Analisar e dar parecer a respeito de aspectos m\u00e9dicos de servidores envolvidos em processos disciplinares e\/ou administrativos;<\/li>\n<li>Avaliar e decidir a categoriza\u00e7\u00e3o do servidor, independente de ter se candidatado \u00e0 reserva de cargo para deficientes ou de ter adquirido sua defici\u00eancia durante seu per\u00edodo de servidor municipal.<\/li>\n<\/ul>\n\t\t\t\t\t\t\t\t<\/div>\n\t\t\t\t<\/div>\n\t\t\t\t\t<\/div>\n\t\t\t\t<\/div>\n\t\t\t\t<\/div>\n\t\t","protected":false},"excerpt":{"rendered":"<p>As Juntas M\u00e9dicas Oficiais constituem inst\u00e2ncias especiais periciais na an\u00e1lise e julgamento de recursos, solicita\u00e7\u00f5es de cunho securit\u00e1rio, previdenci\u00e1rio, na aplica\u00e7\u00e3o de direito dos servidores,&hellip;<\/p>\n","protected":false},"author":1,"featured_media":0,"parent":0,"menu_order":0,"comment_status":"closed","ping_status":"closed","template":"","meta":{"footnotes":""},"class_list":["post-765","page","type-page","status-publish","hentry"],"_links":{"self":[{"href":"https:\/\/portaldoservidor.hortolandia.sp.gov.br\/index.php\/wp-json\/wp\/v2\/pages\/765","targetHints":{"allow":["GET"]}}],"collection":[{"href":"https:\/\/portaldoservidor.hortolandia.sp.gov.br\/index.php\/wp-json\/wp\/v2\/pages"}],"about":[{"href":"https:\/\/portaldoservidor.hortolandia.sp.gov.br\/index.php\/wp-json\/wp\/v2\/types\/page"}],"author":[{"embeddable":true,"href":"https:\/\/portaldoservidor.hortolandia.sp.gov.br\/index.php\/wp-json\/wp\/v2\/users\/1"}],"replies":[{"embeddable":true,"href":"https:\/\/portaldoservidor.hortolandia.sp.gov.br\/index.php\/wp-json\/wp\/v2\/comments?post=765"}],"version-history":[{"count":3,"href":"https:\/\/portaldoservidor.hortolandia.sp.gov.br\/index.php\/wp-json\/wp\/v2\/pages\/765\/revisions"}],"predecessor-version":[{"id":23508,"href":"https:\/\/portaldoservidor.hortolandia.sp.gov.br\/index.php\/wp-json\/wp\/v2\/pages\/765\/revisions\/23508"}],"wp:attachment":[{"href":"https:\/\/portaldoservidor.hortolandia.sp.gov.br\/index.php\/wp-json\/wp\/v2\/media?parent=765"}],"curies":[{"name":"wp","href":"https:\/\/api.w.org\/{rel}","templated":true}]}}