{"id":771,"date":"2021-05-23T19:26:42","date_gmt":"2021-05-23T22:26:42","guid":{"rendered":"http:\/\/portaldoservidor.hortolandia.sp.gov.br\/?page_id=771"},"modified":"2025-01-20T12:01:03","modified_gmt":"2025-01-20T15:01:03","slug":"insalubridade-e-periculosidade","status":"publish","type":"page","link":"https:\/\/portaldoservidor.hortolandia.sp.gov.br\/index.php\/insalubridade-e-periculosidade\/","title":{"rendered":"Insalubridade e Periculosidade"},"content":{"rendered":"\t\t<div data-elementor-type=\"wp-page\" data-elementor-id=\"771\" class=\"elementor elementor-771\" data-elementor-settings=\"{&quot;ha_cmc_init_switcher&quot;:&quot;no&quot;}\">\n\t\t\t\t<div class=\"elementor-element elementor-element-527725c9 e-flex e-con-boxed wpr-particle-no wpr-jarallax-no wpr-parallax-no wpr-sticky-section-no e-con e-parent\" data-id=\"527725c9\" data-element_type=\"container\" data-e-type=\"container\" data-settings=\"{&quot;_ha_eqh_enable&quot;:false}\">\n\t\t\t\t\t<div class=\"e-con-inner\">\n\t\t\t\t<div class=\"elementor-element elementor-element-c2b5add exad-sticky-section-no exad-glass-effect-no elementor-widget elementor-widget-text-editor\" data-id=\"c2b5add\" data-element_type=\"widget\" data-e-type=\"widget\" data-widget_type=\"text-editor.default\">\n\t\t\t\t<div class=\"elementor-widget-container\">\n\t\t\t\t\t\t\t\t\t\n<p>A unidade respons\u00e1vel pela seguran\u00e7a do trabalho da DSOST analisa e d\u00e1 parecer t\u00e9cnico quanto \u00e0 situa\u00e7\u00e3o f\u00e1tica dos servidores que trabalham com habitualidade em locais insalubres ou em contato permanente com subst\u00e2ncias t\u00f3xicas ou com risco de vida &#8211; o que far\u00e1 jus a um adicional de insalubridade ou de periculosidade (Art. 114 da <a href=\"https:\/\/sapl.hortolandia.sp.leg.br\/pysc\/download_norma_pysc?cod_norma=4&amp;texto_original=1\">Lei 2004\/2008<\/a>).<\/p>\n\n<p>Ser\u00e3o consideradas atividades ou <strong>opera\u00e7\u00f5es insalubres<\/strong> aquelas que, por sua natureza, condi\u00e7\u00f5es ou m\u00e9todos de trabalho, exponham os servidores a agentes nocivos \u00e0 sa\u00fade, acima dos limites de toler\u00e2ncia estabelecidos por normas reguladoras da esfera federal e o disciplinado pela DSOST, com base em pesquisas t\u00e9cnicas (Art. 114, \u00a7 1\u00ba da Lei 2004\/2008).<\/p>\n\n<p>Ser\u00e3o consideradas atividades ou <strong>opera\u00e7\u00f5es perigosas<\/strong> aquelas em que o servidor trabalhe com habitualidade em contato permanente com inflam\u00e1veis ou explosivos, m\u00e1quinas, instala\u00e7\u00f5es ou equipamentos energizados ou com risco \u00e0 vida, provado na forma do programa de preven\u00e7\u00e3o de riscos ambientais (Art. 116, \u00a7 2\u00ba da Lei 2004\/2008).<\/p>\n\n<p>O servidor que fizer jus aos adicionais de<strong> insalubridade<\/strong> e <strong>periculosidade<\/strong> dever\u00e1 optar por um deles, vedada a acumula\u00e7\u00e3o destes. Al\u00e9m disso, o direito ao adicional de insalubridade ou periculosidade cessa com a elimina\u00e7\u00e3o das condi\u00e7\u00f5es ou dos riscos que deram causa \u00e0 sua concess\u00e3o (Art. 114, \u00a7\u00a7 2\u00ba e 3\u00ba da Lei 2004\/2008).<\/p>\n\n<ul class=\"wp-block-list\">\n<li>Na concess\u00e3o dos adicionais de insalubridade e periculosidade, ser\u00e3o observadas as situa\u00e7\u00f5es espec\u00edficas disciplinadas na legisla\u00e7\u00e3o municipal, <span style=\"text-decoration: underline;\">desde que observadas as normas reguladoras da esfera federal<\/span>.<\/li>\n<li>O adicional de insalubridade ser\u00e1 devido \u00e0 raz\u00e3o de 40%, 20% e 10% do menor vencimento-base dos servidores p\u00fablicos municipais de Hortol\u00e2ndia, segundo se classifiquem nos graus m\u00e1ximo, m\u00e9dio e m\u00ednimo (Art.116, \u00a7 4\u00ba da Lei 2004\/2008).<\/li>\n<li>O trabalho em condi\u00e7\u00f5es de periculosidade assegura ao servidor um adicional de 40% sobre o seu vencimento base (Art.116, \u00a7 3\u00ba da Lei 2004\/2008).<\/li>\n<\/ul>\n\n<p>Haver\u00e1 permanente controle da atividade em opera\u00e7\u00f5es ou locais considerados insalubres ou perigosos, de forma que a servidora <strong>gestante<\/strong> ou <strong>lactante<\/strong> ser\u00e1 afastada, enquanto durar a gesta\u00e7\u00e3o e a lacta\u00e7\u00e3o, das opera\u00e7\u00f5es e locais perigosas, exercendo suas atividades em local salubre e em servi\u00e7o n\u00e3o perigoso (Art.115 da Lei 2004\/2008).<\/p>\n\n<p>Os locais de trabalho e os servidores que operam com <strong>raios-X<\/strong> ou <strong>subst\u00e2ncias radioativas<\/strong> devem ser mantidos sob controle permanente, de modo que as doses de radia\u00e7\u00e3o ionizantes n\u00e3o ultrapassem o n\u00edvel m\u00e1ximo previsto na legisla\u00e7\u00e3o pr\u00f3pria (Art.116, \u00a7 1\u00ba da Lei 2004\/2008).<\/p>\n\n<p>As solicita\u00e7\u00f5es de vistoria e parecer t\u00e9cnico quanto ao trabalho insalubre ou perigoso pode ser feita mediante e-mail <a href=\"mailto:segurancadotrabalho.smgp@hortolandia.sp.gov.br\">segurancadotrabalho.smgp@hortolandia.sp.gov.br<\/a><\/p>\n\t\t\t\t\t\t\t\t<\/div>\n\t\t\t\t<\/div>\n\t\t\t\t\t<\/div>\n\t\t\t\t<\/div>\n\t\t\t\t<\/div>\n\t\t","protected":false},"excerpt":{"rendered":"<p>A unidade respons\u00e1vel pela seguran\u00e7a do trabalho da DSOST analisa e d\u00e1 parecer t\u00e9cnico quanto \u00e0 situa\u00e7\u00e3o f\u00e1tica dos servidores que trabalham com habitualidade em&hellip;<\/p>\n","protected":false},"author":1,"featured_media":0,"parent":0,"menu_order":0,"comment_status":"closed","ping_status":"closed","template":"","meta":{"footnotes":""},"class_list":["post-771","page","type-page","status-publish","hentry"],"_links":{"self":[{"href":"https:\/\/portaldoservidor.hortolandia.sp.gov.br\/index.php\/wp-json\/wp\/v2\/pages\/771","targetHints":{"allow":["GET"]}}],"collection":[{"href":"https:\/\/portaldoservidor.hortolandia.sp.gov.br\/index.php\/wp-json\/wp\/v2\/pages"}],"about":[{"href":"https:\/\/portaldoservidor.hortolandia.sp.gov.br\/index.php\/wp-json\/wp\/v2\/types\/page"}],"author":[{"embeddable":true,"href":"https:\/\/portaldoservidor.hortolandia.sp.gov.br\/index.php\/wp-json\/wp\/v2\/users\/1"}],"replies":[{"embeddable":true,"href":"https:\/\/portaldoservidor.hortolandia.sp.gov.br\/index.php\/wp-json\/wp\/v2\/comments?post=771"}],"version-history":[{"count":3,"href":"https:\/\/portaldoservidor.hortolandia.sp.gov.br\/index.php\/wp-json\/wp\/v2\/pages\/771\/revisions"}],"predecessor-version":[{"id":23512,"href":"https:\/\/portaldoservidor.hortolandia.sp.gov.br\/index.php\/wp-json\/wp\/v2\/pages\/771\/revisions\/23512"}],"wp:attachment":[{"href":"https:\/\/portaldoservidor.hortolandia.sp.gov.br\/index.php\/wp-json\/wp\/v2\/media?parent=771"}],"curies":[{"name":"wp","href":"https:\/\/api.w.org\/{rel}","templated":true}]}}