{"id":774,"date":"2021-05-23T19:34:03","date_gmt":"2021-05-23T22:34:03","guid":{"rendered":"http:\/\/portaldoservidor.hortolandia.sp.gov.br\/?page_id=774"},"modified":"2025-01-20T10:37:04","modified_gmt":"2025-01-20T13:37:04","slug":"licenca-para-tratamento-da-saude","status":"publish","type":"page","link":"https:\/\/portaldoservidor.hortolandia.sp.gov.br\/index.php\/licenca-para-tratamento-da-saude\/","title":{"rendered":"Licen\u00e7a para Tratamento da Sa\u00fade"},"content":{"rendered":"\t\t<div data-elementor-type=\"wp-page\" data-elementor-id=\"774\" class=\"elementor elementor-774\" data-elementor-settings=\"{&quot;ha_cmc_init_switcher&quot;:&quot;no&quot;}\">\n\t\t\t\t<div class=\"elementor-element elementor-element-435e8f18 e-flex e-con-boxed wpr-particle-no wpr-jarallax-no wpr-parallax-no wpr-sticky-section-no e-con e-parent\" data-id=\"435e8f18\" data-element_type=\"container\" data-e-type=\"container\" data-settings=\"{&quot;_ha_eqh_enable&quot;:false}\">\n\t\t\t\t\t<div class=\"e-con-inner\">\n\t\t\t\t<div class=\"elementor-element elementor-element-4040fc3a exad-sticky-section-no exad-glass-effect-no elementor-widget elementor-widget-text-editor\" data-id=\"4040fc3a\" data-element_type=\"widget\" data-e-type=\"widget\" data-widget_type=\"text-editor.default\">\n\t\t\t\t<div class=\"elementor-widget-container\">\n\t\t\t\t\t\t\t\t\t\n<p>A licen\u00e7a para tratamento de sa\u00fade \u00e9 o afastamento do servidor do exerc\u00edcio de seu cargo ou fun\u00e7\u00e3o, por motivo de doen\u00e7a, n\u00e3o decorrente de acidente de trabalho e\/ou relacionada \u00e0s doen\u00e7as ocupacionais. Pode ser concedida a pedido ou de of\u00edcio.<\/p>\n\n<p>Nos dois casos previstos em legisla\u00e7\u00e3o, \u00e9 <strong>indispens\u00e1vel a inspe\u00e7\u00e3o <\/strong>de sa\u00fade da Administra\u00e7\u00e3o Municipal atrav\u00e9s da \u00e1rea respons\u00e1vel pela sa\u00fade e seguran\u00e7a no trabalho e, dever\u00e1 realizar-se nas depend\u00eancias da Administra\u00e7\u00e3o destinadas para tal e, sempre que necess\u00e1rio, na resid\u00eancia do servidor ou no estabelecimento hospitalar onde se encontrar internado.<\/p>\n\n<p>Observamos que a <strong>recusa ou aus\u00eancia \u00e0 inspe\u00e7\u00e3o de sa\u00fade\/per\u00edcia m\u00e9dica ou psicol\u00f3gica <\/strong>\u00e9 pass\u00edvel de san\u00e7\u00e3o disciplinar do servidor, impossibilita a homologa\u00e7\u00e3o da licen\u00e7a e implica a transforma\u00e7\u00e3o das aus\u00eancias em faltas injustificadas.<\/p>\n\n<p>\u00a0<\/p>\n\t\t\t\t\t\t\t\t<\/div>\n\t\t\t\t<\/div>\n\t\t\t\t\t<\/div>\n\t\t\t\t<\/div>\n\t\t\t\t<\/div>\n\t\t","protected":false},"excerpt":{"rendered":"<p>A licen\u00e7a para tratamento de sa\u00fade \u00e9 o afastamento do servidor do exerc\u00edcio de seu cargo ou fun\u00e7\u00e3o, por motivo de doen\u00e7a, n\u00e3o decorrente de&hellip;<\/p>\n","protected":false},"author":1,"featured_media":0,"parent":0,"menu_order":0,"comment_status":"closed","ping_status":"closed","template":"","meta":{"footnotes":""},"class_list":["post-774","page","type-page","status-publish","hentry"],"_links":{"self":[{"href":"https:\/\/portaldoservidor.hortolandia.sp.gov.br\/index.php\/wp-json\/wp\/v2\/pages\/774","targetHints":{"allow":["GET"]}}],"collection":[{"href":"https:\/\/portaldoservidor.hortolandia.sp.gov.br\/index.php\/wp-json\/wp\/v2\/pages"}],"about":[{"href":"https:\/\/portaldoservidor.hortolandia.sp.gov.br\/index.php\/wp-json\/wp\/v2\/types\/page"}],"author":[{"embeddable":true,"href":"https:\/\/portaldoservidor.hortolandia.sp.gov.br\/index.php\/wp-json\/wp\/v2\/users\/1"}],"replies":[{"embeddable":true,"href":"https:\/\/portaldoservidor.hortolandia.sp.gov.br\/index.php\/wp-json\/wp\/v2\/comments?post=774"}],"version-history":[{"count":3,"href":"https:\/\/portaldoservidor.hortolandia.sp.gov.br\/index.php\/wp-json\/wp\/v2\/pages\/774\/revisions"}],"predecessor-version":[{"id":23485,"href":"https:\/\/portaldoservidor.hortolandia.sp.gov.br\/index.php\/wp-json\/wp\/v2\/pages\/774\/revisions\/23485"}],"wp:attachment":[{"href":"https:\/\/portaldoservidor.hortolandia.sp.gov.br\/index.php\/wp-json\/wp\/v2\/media?parent=774"}],"curies":[{"name":"wp","href":"https:\/\/api.w.org\/{rel}","templated":true}]}}