{"id":776,"date":"2021-05-23T19:41:54","date_gmt":"2021-05-23T22:41:54","guid":{"rendered":"http:\/\/portaldoservidor.hortolandia.sp.gov.br\/?page_id=776"},"modified":"2025-01-20T10:10:45","modified_gmt":"2025-01-20T13:10:45","slug":"licenca-por-motivo-de-doenca-em-pessoa-da-familia","status":"publish","type":"page","link":"https:\/\/portaldoservidor.hortolandia.sp.gov.br\/index.php\/licenca-por-motivo-de-doenca-em-pessoa-da-familia\/","title":{"rendered":"Licen\u00e7a por Motivo de Doen\u00e7a em Pessoa da Fam\u00edlia"},"content":{"rendered":"\t\t<div data-elementor-type=\"wp-page\" data-elementor-id=\"776\" class=\"elementor elementor-776\" data-elementor-settings=\"{&quot;ha_cmc_init_switcher&quot;:&quot;no&quot;}\">\n\t\t\t\t<div class=\"elementor-element elementor-element-60d03351 e-flex e-con-boxed wpr-particle-no wpr-jarallax-no wpr-parallax-no wpr-sticky-section-no e-con e-parent\" data-id=\"60d03351\" data-element_type=\"container\" data-e-type=\"container\" data-settings=\"{&quot;_ha_eqh_enable&quot;:false}\">\n\t\t\t\t\t<div class=\"e-con-inner\">\n\t\t\t\t<div class=\"elementor-element elementor-element-25093644 exad-sticky-section-no exad-glass-effect-no elementor-widget elementor-widget-text-editor\" data-id=\"25093644\" data-element_type=\"widget\" data-e-type=\"widget\" data-widget_type=\"text-editor.default\">\n\t\t\t\t<div class=\"elementor-widget-container\">\n\t\t\t\t\t\t\t\t\t\n<p>A Licen\u00e7a por Motivo de Doen\u00e7a em Pessoa da Fam\u00edlia \u00e9 um direito da servidora ou do servidor para que possa prestar assist\u00eancia \u00e0 pessoa da fam\u00edlia &#8211; <strong>c\u00f4njuge ou companheiro, pais,\u00a0 filhos, padrasto ou madrasta e enteado, ou dependente que viva \u00e0s suas expensas e conste do seu assentamento funcional<\/strong> &#8211; que dependa de cuidados imprescind\u00edveis que s\u00f3 podem ser prestados pela servidora ou pelo servidor.<\/p>\n\n<p>A Licen\u00e7a por Motivo de Doen\u00e7a em Pessoa da Fam\u00edlia ser\u00e1 concedida <strong>sem preju\u00edzo da remunera\u00e7\u00e3o e demais vantagens do cargo, pelo prazo de at\u00e9 2 (dois) anos<\/strong>, em dias consecutivos ou n\u00e3o, mediante <strong>comprova\u00e7\u00e3o<\/strong> <strong>da doen\u00e7a e da depend\u00eancia<\/strong> <strong>por junta m\u00e9dica oficial<\/strong>. (Art. 142 da <a href=\"https:\/\/sapl.hortolandia.sp.leg.br\/pysc\/download_norma_pysc?cod_norma=4&amp;texto_original=1\">Lei Municipal n\u00ba 2.004\/2008<\/a>).<\/p>\n\n<p><strong>A Licen\u00e7a somente ser\u00e1 concedida na hip\u00f3tese de n\u00e3o causar preju\u00edzo ao servi\u00e7o p\u00fablico<\/strong> e o servidor dever\u00e1 <strong>comprovar a necessidade de perman\u00eancia ininterrupta junto \u00e0 pessoa da fam\u00edlia que estiver doente<\/strong>. (Art. 142, \u00a7\u00a7 1\u00ba e 2\u00ba da Lei Municipal n\u00ba 2.004\/2008).<\/p>\n\n<p>A licen\u00e7a somente ser\u00e1 deferida <strong>se a assist\u00eancia direta do servidor for indispens\u00e1vel e n\u00e3o puder ser prestada simultaneamente com o exerc\u00edcio do cargo ou mediante compensa\u00e7\u00e3o de hor\u00e1rio<\/strong> (Art. 143 da Lei Municipal n\u00ba 2.004\/2008). Depois de concedida a licen\u00e7a, caber\u00e1 ao DSOST o seu acompanhamento.<\/p>\n\n<p>A regulamenta\u00e7\u00e3o da concess\u00e3o e acompanhamento da Licen\u00e7a por Motivo de Doen\u00e7a em Pessoa da Fam\u00edlia est\u00e1 disciplinada no Decreto Municipal n\u00ba 2.500\/2011 (veja link abaixo):<\/p>\n\n<div class=\"wp-block-file\"><a href=\"http:\/\/portaldoservidor.hortolandia.sp.gov.br\/wp-content\/uploads\/2021\/05\/Decreto-n\u00ba-2.500-2011-Li\u00e7enca-por-Motivo-de-Doen\u00e7a-na-Fam\u00edlia.pdf\" target=\"_blank\" rel=\"noreferrer noopener\">Decreto-n\u00ba-2.500-2011-Li\u00e7enca-por-Motivo-de-Doen\u00e7a-na-Fam\u00edlia<\/a><a class=\"wp-block-file__button\" href=\"http:\/\/portaldoservidor.hortolandia.sp.gov.br\/wp-content\/uploads\/2021\/05\/Decreto-n\u00ba-2.500-2011-Li\u00e7enca-por-Motivo-de-Doen\u00e7a-na-Fam\u00edlia.pdf\" download=\"\">Baixar<\/a><\/div>\n\n<ul class=\"wp-block-list\">\n<li>Para requerer a Licen\u00e7a por Motivo de Doen\u00e7a em Pessoa da Fam\u00edlia, a servidora ou servidor dever\u00e1 apresentar requerimento espec\u00edfico (com identifica\u00e7\u00e3o funcional do servidor e atualiza\u00e7\u00e3o de endere\u00e7o eletr\u00f4nico e telefones de contato), acompanhado dos seguintes documentos:\n<ul>\n<li>relat\u00f3rio ou laudo m\u00e9dico que conste: a depend\u00eancia ou limita\u00e7\u00e3o do paciente, a administra\u00e7\u00e3o de medicamentos, cuidados com a higiene e alimenta\u00e7\u00e3o e o tempo necess\u00e1rio de afastamento;<\/li>\n<li>c\u00f3pia no documento de identidade (RG) do(a) familiar;<\/li>\n<li>c\u00f3pia do comprovante de endere\u00e7o do(a) servidor(a) e do familiar;<\/li>\n<li>Declara\u00e7\u00e3o de ci\u00eancia e concord\u00e2ncia da chefia imediata e do secret\u00e1rio da pasta.<\/li>\n<\/ul>\n<\/li>\n<\/ul>\n\n<div class=\"wp-block-file\"><a href=\"https:\/\/portaldoservidor.hortolandia.sp.gov.br\/wp-content\/uploads\/2021\/06\/LICEnca_de_acompanhamento_familiar__DECRETO_2500_DE_26052011-EDITAVEL.pdf\" target=\"_blank\" rel=\"noreferrer noopener\">LICEnca_de_acompanhamento_familiar__DECRETO_2500_DE_26052011-EDITAVEL<\/a><a class=\"wp-block-file__button\" href=\"https:\/\/portaldoservidor.hortolandia.sp.gov.br\/wp-content\/uploads\/2021\/06\/LICEnca_de_acompanhamento_familiar__DECRETO_2500_DE_26052011-EDITAVEL.pdf\" download=\"\">Baixar<\/a><\/div>\n\n<div class=\"wp-block-file\"><a href=\"http:\/\/portaldoservidor.hortolandia.sp.gov.br\/wp-content\/uploads\/2021\/05\/LAPcDF_declaracao_chefia_e_secret\u00e1rio.pdf\" target=\"_blank\" rel=\"noreferrer noopener\">LAPcDF_declaracao_chefia_e_secret\u00e1rio<\/a><a class=\"wp-block-file__button\" href=\"http:\/\/portaldoservidor.hortolandia.sp.gov.br\/wp-content\/uploads\/2021\/05\/LAPcDF_declaracao_chefia_e_secret\u00e1rio.pdf\" download=\"\">Baixar<\/a><\/div>\n\n<p>O requerimento dever\u00e1 ser apresentado ao Protocolo Geral da Prefeitura Municipal ou ser encaminhado para: protocolo@hortolandia.sp.gov.br ou dso.smgp@hortolandia.sp.gov.br<\/p>\n\n<p>\u00a0<\/p>\n\t\t\t\t\t\t\t\t<\/div>\n\t\t\t\t<\/div>\n\t\t\t\t\t<\/div>\n\t\t\t\t<\/div>\n\t\t\t\t<\/div>\n\t\t","protected":false},"excerpt":{"rendered":"<p>A Licen\u00e7a por Motivo de Doen\u00e7a em Pessoa da Fam\u00edlia \u00e9 um direito da servidora ou do servidor para que possa prestar assist\u00eancia \u00e0 pessoa&hellip;<\/p>\n","protected":false},"author":1,"featured_media":0,"parent":0,"menu_order":0,"comment_status":"closed","ping_status":"closed","template":"","meta":{"footnotes":""},"class_list":["post-776","page","type-page","status-publish","hentry"],"_links":{"self":[{"href":"https:\/\/portaldoservidor.hortolandia.sp.gov.br\/index.php\/wp-json\/wp\/v2\/pages\/776","targetHints":{"allow":["GET"]}}],"collection":[{"href":"https:\/\/portaldoservidor.hortolandia.sp.gov.br\/index.php\/wp-json\/wp\/v2\/pages"}],"about":[{"href":"https:\/\/portaldoservidor.hortolandia.sp.gov.br\/index.php\/wp-json\/wp\/v2\/types\/page"}],"author":[{"embeddable":true,"href":"https:\/\/portaldoservidor.hortolandia.sp.gov.br\/index.php\/wp-json\/wp\/v2\/users\/1"}],"replies":[{"embeddable":true,"href":"https:\/\/portaldoservidor.hortolandia.sp.gov.br\/index.php\/wp-json\/wp\/v2\/comments?post=776"}],"version-history":[{"count":6,"href":"https:\/\/portaldoservidor.hortolandia.sp.gov.br\/index.php\/wp-json\/wp\/v2\/pages\/776\/revisions"}],"predecessor-version":[{"id":23477,"href":"https:\/\/portaldoservidor.hortolandia.sp.gov.br\/index.php\/wp-json\/wp\/v2\/pages\/776\/revisions\/23477"}],"wp:attachment":[{"href":"https:\/\/portaldoservidor.hortolandia.sp.gov.br\/index.php\/wp-json\/wp\/v2\/media?parent=776"}],"curies":[{"name":"wp","href":"https:\/\/api.w.org\/{rel}","templated":true}]}}