{"id":792,"date":"2021-05-23T22:47:01","date_gmt":"2021-05-24T01:47:01","guid":{"rendered":"http:\/\/portaldoservidor.hortolandia.sp.gov.br\/?page_id=792"},"modified":"2025-01-21T16:01:08","modified_gmt":"2025-01-21T19:01:08","slug":"exame-periodico-de-saude","status":"publish","type":"page","link":"https:\/\/portaldoservidor.hortolandia.sp.gov.br\/index.php\/exame-periodico-de-saude\/","title":{"rendered":"Exame Peri\u00f3dico de Sa\u00fade"},"content":{"rendered":"\t\t<div data-elementor-type=\"wp-page\" data-elementor-id=\"792\" class=\"elementor elementor-792\" data-elementor-settings=\"{&quot;ha_cmc_init_switcher&quot;:&quot;no&quot;}\">\n\t\t\t\t<div class=\"elementor-element elementor-element-3c597207 e-flex e-con-boxed wpr-particle-no wpr-jarallax-no wpr-parallax-no wpr-sticky-section-no e-con e-parent\" data-id=\"3c597207\" data-element_type=\"container\" data-e-type=\"container\" data-settings=\"{&quot;_ha_eqh_enable&quot;:false}\">\n\t\t\t\t\t<div class=\"e-con-inner\">\n\t\t\t\t<div class=\"elementor-element elementor-element-e52631a exad-sticky-section-no exad-glass-effect-no elementor-widget elementor-widget-text-editor\" data-id=\"e52631a\" data-element_type=\"widget\" data-e-type=\"widget\" data-widget_type=\"text-editor.default\">\n\t\t\t\t<div class=\"elementor-widget-container\">\n\t\t\t\t\t\t\t\t\t\n<p>Os exames m\u00e9dicos peri\u00f3dicos s\u00e3o fundamentais para avalia\u00e7\u00e3o do estado de sa\u00fade dos servidores, e tem como um dos objetivos orient\u00e1-los quanto aos n\u00edveis dos fatores de risco, sejam eles f\u00edsicos, qu\u00edmicos, biol\u00f3gicos ou ergon\u00f4micos, a que est\u00e3o expostos em seus ambientes laborais.<\/p>\n\n<p>Observamos que os agendamentos dos exames peri\u00f3dicos ser\u00e3o feitos pela Divis\u00e3o de Sa\u00fade Ocupacional, por isso frisamos a import\u00e2ncia dos servidores manterem seus dados cadastrais atualizados, para que possamos entrar em contato com o(a) servidor(a).<\/p>\n\n<p>\u00a0<\/p>\n\t\t\t\t\t\t\t\t<\/div>\n\t\t\t\t<\/div>\n\t\t\t\t\t<\/div>\n\t\t\t\t<\/div>\n\t\t\t\t<\/div>\n\t\t","protected":false},"excerpt":{"rendered":"<p>Os exames m\u00e9dicos peri\u00f3dicos s\u00e3o fundamentais para avalia\u00e7\u00e3o do estado de sa\u00fade dos servidores, e tem como um dos objetivos orient\u00e1-los quanto aos n\u00edveis dos&hellip;<\/p>\n","protected":false},"author":1,"featured_media":0,"parent":0,"menu_order":0,"comment_status":"closed","ping_status":"closed","template":"","meta":{"footnotes":""},"class_list":["post-792","page","type-page","status-publish","hentry"],"_links":{"self":[{"href":"https:\/\/portaldoservidor.hortolandia.sp.gov.br\/index.php\/wp-json\/wp\/v2\/pages\/792","targetHints":{"allow":["GET"]}}],"collection":[{"href":"https:\/\/portaldoservidor.hortolandia.sp.gov.br\/index.php\/wp-json\/wp\/v2\/pages"}],"about":[{"href":"https:\/\/portaldoservidor.hortolandia.sp.gov.br\/index.php\/wp-json\/wp\/v2\/types\/page"}],"author":[{"embeddable":true,"href":"https:\/\/portaldoservidor.hortolandia.sp.gov.br\/index.php\/wp-json\/wp\/v2\/users\/1"}],"replies":[{"embeddable":true,"href":"https:\/\/portaldoservidor.hortolandia.sp.gov.br\/index.php\/wp-json\/wp\/v2\/comments?post=792"}],"version-history":[{"count":3,"href":"https:\/\/portaldoservidor.hortolandia.sp.gov.br\/index.php\/wp-json\/wp\/v2\/pages\/792\/revisions"}],"predecessor-version":[{"id":23543,"href":"https:\/\/portaldoservidor.hortolandia.sp.gov.br\/index.php\/wp-json\/wp\/v2\/pages\/792\/revisions\/23543"}],"wp:attachment":[{"href":"https:\/\/portaldoservidor.hortolandia.sp.gov.br\/index.php\/wp-json\/wp\/v2\/media?parent=792"}],"curies":[{"name":"wp","href":"https:\/\/api.w.org\/{rel}","templated":true}]}}