{"id":794,"date":"2021-05-23T22:47:41","date_gmt":"2021-05-24T01:47:41","guid":{"rendered":"http:\/\/portaldoservidor.hortolandia.sp.gov.br\/?page_id=794"},"modified":"2025-01-22T10:22:49","modified_gmt":"2025-01-22T13:22:49","slug":"exame-de-funcao-especial","status":"publish","type":"page","link":"https:\/\/portaldoservidor.hortolandia.sp.gov.br\/index.php\/exame-de-funcao-especial\/","title":{"rendered":"Exame de Fun\u00e7\u00e3o Especial"},"content":{"rendered":"\t\t<div data-elementor-type=\"wp-page\" data-elementor-id=\"794\" class=\"elementor elementor-794\" data-elementor-settings=\"{&quot;ha_cmc_init_switcher&quot;:&quot;no&quot;}\">\n\t\t\t\t<div class=\"elementor-element elementor-element-25c32cc5 e-flex e-con-boxed wpr-particle-no wpr-jarallax-no wpr-parallax-no wpr-sticky-section-no e-con e-parent\" data-id=\"25c32cc5\" data-element_type=\"container\" data-e-type=\"container\" data-settings=\"{&quot;_ha_eqh_enable&quot;:false}\">\n\t\t\t\t\t<div class=\"e-con-inner\">\n\t\t\t\t<div class=\"elementor-element elementor-element-52c09c3e exad-sticky-section-no exad-glass-effect-no elementor-widget elementor-widget-text-editor\" data-id=\"52c09c3e\" data-element_type=\"widget\" data-e-type=\"widget\" data-widget_type=\"text-editor.default\">\n\t\t\t\t<div class=\"elementor-widget-container\">\n\t\t\t\t\t\t\t\t\t\n<p>Conforme Art. 171, da <a href=\"https:\/\/sapl.hortolandia.sp.leg.br\/pysc\/download_norma_pysc?cod_norma=4&amp;texto_original=1\">Lei 2004\/2008<\/a>, o exame de fun\u00e7\u00e3o especial resultar\u00e1 nas seguintes condi\u00e7\u00f5es do servidor:<\/p>\n\n<ul>\n<li><strong>Apto:<\/strong> no caso em que o servidor apresenta condi\u00e7\u00f5es, sob o ponto de vista de sa\u00fade, para adicionar \u00e0s suas atividades a fun\u00e7\u00e3o de dire\u00e7\u00e3o de ve\u00edculo;<\/li>\n<li><strong>Inapto:<\/strong> no caso em que o servidor n\u00e3o apresenta condi\u00e7\u00f5es, sob o ponto de vista de sa\u00fade, para adicionar \u00e0s suas atividades a fun\u00e7\u00e3o de dire\u00e7\u00e3o de ve\u00edculo.<\/li>\n<\/ul>\n\n<p>A declara\u00e7\u00e3o de aptid\u00e3o \u00e9 a resultante de duas declara\u00e7\u00f5es de condi\u00e7\u00f5es de sa\u00fade para cumprimento das atividades do cargo e da especialidade, dever\u00e1 ser emitida pela Divis\u00e3o de Sa\u00fade Ocupacional (DSO), uma pelo m\u00e9dico e outra pelo psic\u00f3logo.<\/p>\n\n<p>Observamos que os agendamentos dos exames de fun\u00e7\u00e3o especial ser\u00e3o feitos pela Divis\u00e3o de Sa\u00fade Ocupacional (DSO), por isso frisamos a import\u00e2ncia dos servidores manterem seus dados cadastrais atualizados, para que possamos entrar em contato com o(a) servidor(a).<\/p>\n\t\t\t\t\t\t\t\t<\/div>\n\t\t\t\t<\/div>\n\t\t\t\t\t<\/div>\n\t\t\t\t<\/div>\n\t\t\t\t<\/div>\n\t\t","protected":false},"excerpt":{"rendered":"<p>Conforme Art. 171, da Lei 2004\/2008, o exame de fun\u00e7\u00e3o especial resultar\u00e1 nas seguintes condi\u00e7\u00f5es do servidor: Apto: no caso em que o servidor apresenta&hellip;<\/p>\n","protected":false},"author":1,"featured_media":0,"parent":0,"menu_order":0,"comment_status":"closed","ping_status":"closed","template":"","meta":{"footnotes":""},"class_list":["post-794","page","type-page","status-publish","hentry"],"_links":{"self":[{"href":"https:\/\/portaldoservidor.hortolandia.sp.gov.br\/index.php\/wp-json\/wp\/v2\/pages\/794","targetHints":{"allow":["GET"]}}],"collection":[{"href":"https:\/\/portaldoservidor.hortolandia.sp.gov.br\/index.php\/wp-json\/wp\/v2\/pages"}],"about":[{"href":"https:\/\/portaldoservidor.hortolandia.sp.gov.br\/index.php\/wp-json\/wp\/v2\/types\/page"}],"author":[{"embeddable":true,"href":"https:\/\/portaldoservidor.hortolandia.sp.gov.br\/index.php\/wp-json\/wp\/v2\/users\/1"}],"replies":[{"embeddable":true,"href":"https:\/\/portaldoservidor.hortolandia.sp.gov.br\/index.php\/wp-json\/wp\/v2\/comments?post=794"}],"version-history":[{"count":3,"href":"https:\/\/portaldoservidor.hortolandia.sp.gov.br\/index.php\/wp-json\/wp\/v2\/pages\/794\/revisions"}],"predecessor-version":[{"id":23629,"href":"https:\/\/portaldoservidor.hortolandia.sp.gov.br\/index.php\/wp-json\/wp\/v2\/pages\/794\/revisions\/23629"}],"wp:attachment":[{"href":"https:\/\/portaldoservidor.hortolandia.sp.gov.br\/index.php\/wp-json\/wp\/v2\/media?parent=794"}],"curies":[{"name":"wp","href":"https:\/\/api.w.org\/{rel}","templated":true}]}}