{"id":798,"date":"2021-05-23T22:49:08","date_gmt":"2021-05-24T01:49:08","guid":{"rendered":"http:\/\/portaldoservidor.hortolandia.sp.gov.br\/?page_id=798"},"modified":"2025-01-21T16:31:54","modified_gmt":"2025-01-21T19:31:54","slug":"exame-demissional-de-saude","status":"publish","type":"page","link":"https:\/\/portaldoservidor.hortolandia.sp.gov.br\/index.php\/exame-demissional-de-saude\/","title":{"rendered":"Exame Demissional de Sa\u00fade"},"content":{"rendered":"\t\t<div data-elementor-type=\"wp-page\" data-elementor-id=\"798\" class=\"elementor elementor-798\" data-elementor-settings=\"{&quot;ha_cmc_init_switcher&quot;:&quot;no&quot;}\">\n\t\t\t\t<div class=\"elementor-element elementor-element-1e79ecf8 e-flex e-con-boxed wpr-particle-no wpr-jarallax-no wpr-parallax-no wpr-sticky-section-no e-con e-parent\" data-id=\"1e79ecf8\" data-element_type=\"container\" data-e-type=\"container\" data-settings=\"{&quot;_ha_eqh_enable&quot;:false}\">\n\t\t\t\t\t<div class=\"e-con-inner\">\n\t\t\t\t<div class=\"elementor-element elementor-element-26bf4c77 exad-sticky-section-no exad-glass-effect-no elementor-widget elementor-widget-text-editor\" data-id=\"26bf4c77\" data-element_type=\"widget\" data-e-type=\"widget\" data-widget_type=\"text-editor.default\">\n\t\t\t\t<div class=\"elementor-widget-container\">\n\t\t\t\t\t\t\t\t\t\n<p>O Exame Demissional de Sa\u00fade \u00e9 a avalia\u00e7\u00e3o de sa\u00fade realizada antes do desligamento de servidor, exceto por motivo de aposentadoria, desde que o \u00faltimo exame m\u00e9dico ocupacional tenha sido realizado h\u00e1 mais de 90 (noventa) dias.<\/p>\n\n<p>Para esse exame, o(a) servidor(a) dever\u00e1 realizar agendamento na Divis\u00e3o de Sa\u00fade Ocupacional (DSO) presencialmente (Rua Argolino de Mor\u00e3es, 415, Vila S\u00e3o Francisco, Hortol\u00e2ndia) ou por telefone <strong>(19) 9 9976-3890 (WhatsApp)<\/strong>.<\/p>\n\n<p>Observamos que no dia e hor\u00e1rio agendado, o servidor dever\u00e1 trazer consigo o encaminhamento emitido pelo Setor de Atendimento do Departamento de Gest\u00e3o de Pessoal (DGP).<\/p>\n\t\t\t\t\t\t\t\t<\/div>\n\t\t\t\t<\/div>\n\t\t\t\t\t<\/div>\n\t\t\t\t<\/div>\n\t\t\t\t<\/div>\n\t\t","protected":false},"excerpt":{"rendered":"<p>O Exame Demissional de Sa\u00fade \u00e9 a avalia\u00e7\u00e3o de sa\u00fade realizada antes do desligamento de servidor, exceto por motivo de aposentadoria, desde que o \u00faltimo&hellip;<\/p>\n","protected":false},"author":1,"featured_media":0,"parent":0,"menu_order":0,"comment_status":"closed","ping_status":"closed","template":"","meta":{"footnotes":""},"class_list":["post-798","page","type-page","status-publish","hentry"],"_links":{"self":[{"href":"https:\/\/portaldoservidor.hortolandia.sp.gov.br\/index.php\/wp-json\/wp\/v2\/pages\/798","targetHints":{"allow":["GET"]}}],"collection":[{"href":"https:\/\/portaldoservidor.hortolandia.sp.gov.br\/index.php\/wp-json\/wp\/v2\/pages"}],"about":[{"href":"https:\/\/portaldoservidor.hortolandia.sp.gov.br\/index.php\/wp-json\/wp\/v2\/types\/page"}],"author":[{"embeddable":true,"href":"https:\/\/portaldoservidor.hortolandia.sp.gov.br\/index.php\/wp-json\/wp\/v2\/users\/1"}],"replies":[{"embeddable":true,"href":"https:\/\/portaldoservidor.hortolandia.sp.gov.br\/index.php\/wp-json\/wp\/v2\/comments?post=798"}],"version-history":[{"count":12,"href":"https:\/\/portaldoservidor.hortolandia.sp.gov.br\/index.php\/wp-json\/wp\/v2\/pages\/798\/revisions"}],"predecessor-version":[{"id":23572,"href":"https:\/\/portaldoservidor.hortolandia.sp.gov.br\/index.php\/wp-json\/wp\/v2\/pages\/798\/revisions\/23572"}],"wp:attachment":[{"href":"https:\/\/portaldoservidor.hortolandia.sp.gov.br\/index.php\/wp-json\/wp\/v2\/media?parent=798"}],"curies":[{"name":"wp","href":"https:\/\/api.w.org\/{rel}","templated":true}]}}