{"id":800,"date":"2021-05-23T22:51:08","date_gmt":"2021-05-24T01:51:08","guid":{"rendered":"http:\/\/portaldoservidor.hortolandia.sp.gov.br\/?page_id=800"},"modified":"2025-01-17T16:01:11","modified_gmt":"2025-01-17T19:01:11","slug":"limitacao-e-readaptacao-funcional","status":"publish","type":"page","link":"https:\/\/portaldoservidor.hortolandia.sp.gov.br\/index.php\/limitacao-e-readaptacao-funcional\/","title":{"rendered":"Limita\u00e7\u00e3o e Readapta\u00e7\u00e3o Funcional"},"content":{"rendered":"\t\t<div data-elementor-type=\"wp-page\" data-elementor-id=\"800\" class=\"elementor elementor-800\" data-elementor-settings=\"{&quot;ha_cmc_init_switcher&quot;:&quot;no&quot;}\">\n\t\t\t\t<div class=\"elementor-element elementor-element-4b7c0cb2 e-flex e-con-boxed wpr-particle-no wpr-jarallax-no wpr-parallax-no wpr-sticky-section-no e-con e-parent\" data-id=\"4b7c0cb2\" data-element_type=\"container\" data-e-type=\"container\" data-settings=\"{&quot;_ha_eqh_enable&quot;:false}\">\n\t\t\t\t\t<div class=\"e-con-inner\">\n\t\t\t\t<div class=\"elementor-element elementor-element-3ee57c5f exad-sticky-section-no exad-glass-effect-no elementor-widget elementor-widget-text-editor\" data-id=\"3ee57c5f\" data-element_type=\"widget\" data-e-type=\"widget\" data-widget_type=\"text-editor.default\">\n\t\t\t\t<div class=\"elementor-widget-container\">\n\t\t\t\t\t\t\t\t\t\n<p>A Unidade Divis\u00e3o de Sa\u00fade Ocupacional (DSO) \u00e9 respons\u00e1vel pela readapta\u00e7\u00e3o funcional dos servidores do munic\u00edpio de Hortol\u00e2ndia, entre outras atividades a instaura\u00e7\u00e3o, o acompanhamento e o controle dos processos de sa\u00fade em limita\u00e7\u00e3o, readapta\u00e7\u00e3o e reabilita\u00e7\u00e3o funcional.<\/p>\n\n<p>O processo de sa\u00fade visando \u00e0 limita\u00e7\u00e3o ou readapta\u00e7\u00e3o funcional ser\u00e1 desencadeado pelo profissional m\u00e9dico da unidade respons\u00e1vel pela sa\u00fade ocupacional, ap\u00f3s verifica\u00e7\u00e3o de que a capacidade laborativa do servidor n\u00e3o \u00e9 mais compat\u00edvel com os processos de trabalhos referentes \u00e0s tarefas que o mesmo deveria desempenhar.<\/p>\n\n<p>Uma vez constatada a necessidade de readapta\u00e7\u00e3o, esta dever\u00e1 necessariamente ser desencadeada. \u00c0 unidade incumbida da reabilita\u00e7\u00e3o e readapta\u00e7\u00e3o funcional compete, ainda, a elabora\u00e7\u00e3o, o acompanhamento e a manuten\u00e7\u00e3o de programas espec\u00edficos de reabilita\u00e7\u00e3o do servidor acometido por doen\u00e7as.<\/p>\n\n<p>Observamos que os agendamentos das per\u00edcias ser\u00e3o feitos pela Divis\u00e3o de Sa\u00fade Ocupacional, por isso frisamos a import\u00e2ncia dos servidores manterem seus dados cadastrais atualizados junto ao DGP-Setor de Atos, para que possamos entrar em contato com o(a) servidor(a).<\/p>\n\t\t\t\t\t\t\t\t<\/div>\n\t\t\t\t<\/div>\n\t\t\t\t\t<\/div>\n\t\t\t\t<\/div>\n\t\t\t\t<\/div>\n\t\t","protected":false},"excerpt":{"rendered":"<p>A Unidade Divis\u00e3o de Sa\u00fade Ocupacional (DSO) \u00e9 respons\u00e1vel pela readapta\u00e7\u00e3o funcional dos servidores do munic\u00edpio de Hortol\u00e2ndia, entre outras atividades a instaura\u00e7\u00e3o, o acompanhamento&hellip;<\/p>\n","protected":false},"author":1,"featured_media":0,"parent":0,"menu_order":0,"comment_status":"closed","ping_status":"closed","template":"","meta":{"footnotes":""},"class_list":["post-800","page","type-page","status-publish","hentry"],"_links":{"self":[{"href":"https:\/\/portaldoservidor.hortolandia.sp.gov.br\/index.php\/wp-json\/wp\/v2\/pages\/800","targetHints":{"allow":["GET"]}}],"collection":[{"href":"https:\/\/portaldoservidor.hortolandia.sp.gov.br\/index.php\/wp-json\/wp\/v2\/pages"}],"about":[{"href":"https:\/\/portaldoservidor.hortolandia.sp.gov.br\/index.php\/wp-json\/wp\/v2\/types\/page"}],"author":[{"embeddable":true,"href":"https:\/\/portaldoservidor.hortolandia.sp.gov.br\/index.php\/wp-json\/wp\/v2\/users\/1"}],"replies":[{"embeddable":true,"href":"https:\/\/portaldoservidor.hortolandia.sp.gov.br\/index.php\/wp-json\/wp\/v2\/comments?post=800"}],"version-history":[{"count":3,"href":"https:\/\/portaldoservidor.hortolandia.sp.gov.br\/index.php\/wp-json\/wp\/v2\/pages\/800\/revisions"}],"predecessor-version":[{"id":23458,"href":"https:\/\/portaldoservidor.hortolandia.sp.gov.br\/index.php\/wp-json\/wp\/v2\/pages\/800\/revisions\/23458"}],"wp:attachment":[{"href":"https:\/\/portaldoservidor.hortolandia.sp.gov.br\/index.php\/wp-json\/wp\/v2\/media?parent=800"}],"curies":[{"name":"wp","href":"https:\/\/api.w.org\/{rel}","templated":true}]}}