{"id":810,"date":"2021-05-23T23:13:53","date_gmt":"2021-05-24T02:13:53","guid":{"rendered":"http:\/\/portaldoservidor.hortolandia.sp.gov.br\/?page_id=810"},"modified":"2025-01-17T15:48:02","modified_gmt":"2025-01-17T18:48:02","slug":"linha-do-tempo-da-egph","status":"publish","type":"page","link":"https:\/\/portaldoservidor.hortolandia.sp.gov.br\/index.php\/linha-do-tempo-da-egph\/","title":{"rendered":"Linha do Tempo da EGPH"},"content":{"rendered":"\t\t<div data-elementor-type=\"wp-page\" data-elementor-id=\"810\" class=\"elementor elementor-810\" data-elementor-settings=\"{&quot;ha_cmc_init_switcher&quot;:&quot;no&quot;}\">\n\t\t\t\t<div class=\"elementor-element elementor-element-2a56728f e-flex e-con-boxed wpr-particle-no wpr-jarallax-no wpr-parallax-no wpr-sticky-section-no e-con e-parent\" data-id=\"2a56728f\" data-element_type=\"container\" data-e-type=\"container\" data-settings=\"{&quot;_ha_eqh_enable&quot;:false}\">\n\t\t\t\t\t<div class=\"e-con-inner\">\n\t\t\t\t<div class=\"elementor-element elementor-element-7b41cb74 exad-sticky-section-no exad-glass-effect-no elementor-widget elementor-widget-text-editor\" data-id=\"7b41cb74\" data-element_type=\"widget\" data-e-type=\"widget\" data-widget_type=\"text-editor.default\">\n\t\t\t\t<div class=\"elementor-widget-container\">\n\t\t\t\t\t\t\t\t\t\n<p>Os atos normativos ajudam a contar a hist\u00f3ria da EGPH, que se confunde com a edi\u00e7\u00e3o e implanta\u00e7\u00e3o da carreira no servi\u00e7o p\u00fablico municipal. Com a edi\u00e7\u00e3o dos Decretos de 2019 e a Resolu\u00e7\u00e3o CPMAP n\u00ba 01\/2021, conclui-se a regulamenta\u00e7\u00e3o necess\u00e1ria \u00e0 gest\u00e3o plena da Carreira editada pela LC n\u00ba 12\/2010 e os instrumentos organizativos e de financiamento das a\u00e7\u00f5es da EGPH.<\/p>\n\n<figure class=\"wp-block-image size-large is-resized\"><img fetchpriority=\"high\" decoding=\"async\" class=\"wp-image-845 aligncenter\" src=\"http:\/\/portaldoservidor.hortolandia.sp.gov.br\/wp-content\/uploads\/2021\/05\/Linha-do-tempo-2.jpg\" alt=\"\" width=\"678\" height=\"985\" \/><\/figure>\n\t\t\t\t\t\t\t\t<\/div>\n\t\t\t\t<\/div>\n\t\t\t\t\t<\/div>\n\t\t\t\t<\/div>\n\t\t\t\t<\/div>\n\t\t","protected":false},"excerpt":{"rendered":"<p>Os atos normativos ajudam a contar a hist\u00f3ria da EGPH, que se confunde com a edi\u00e7\u00e3o e implanta\u00e7\u00e3o da carreira no servi\u00e7o p\u00fablico municipal. Com&hellip;<\/p>\n","protected":false},"author":1,"featured_media":0,"parent":0,"menu_order":0,"comment_status":"closed","ping_status":"closed","template":"","meta":{"footnotes":""},"class_list":["post-810","page","type-page","status-publish","hentry"],"_links":{"self":[{"href":"https:\/\/portaldoservidor.hortolandia.sp.gov.br\/index.php\/wp-json\/wp\/v2\/pages\/810","targetHints":{"allow":["GET"]}}],"collection":[{"href":"https:\/\/portaldoservidor.hortolandia.sp.gov.br\/index.php\/wp-json\/wp\/v2\/pages"}],"about":[{"href":"https:\/\/portaldoservidor.hortolandia.sp.gov.br\/index.php\/wp-json\/wp\/v2\/types\/page"}],"author":[{"embeddable":true,"href":"https:\/\/portaldoservidor.hortolandia.sp.gov.br\/index.php\/wp-json\/wp\/v2\/users\/1"}],"replies":[{"embeddable":true,"href":"https:\/\/portaldoservidor.hortolandia.sp.gov.br\/index.php\/wp-json\/wp\/v2\/comments?post=810"}],"version-history":[{"count":3,"href":"https:\/\/portaldoservidor.hortolandia.sp.gov.br\/index.php\/wp-json\/wp\/v2\/pages\/810\/revisions"}],"predecessor-version":[{"id":23454,"href":"https:\/\/portaldoservidor.hortolandia.sp.gov.br\/index.php\/wp-json\/wp\/v2\/pages\/810\/revisions\/23454"}],"wp:attachment":[{"href":"https:\/\/portaldoservidor.hortolandia.sp.gov.br\/index.php\/wp-json\/wp\/v2\/media?parent=810"}],"curies":[{"name":"wp","href":"https:\/\/api.w.org\/{rel}","templated":true}]}}