{"id":912,"date":"2021-05-25T10:43:12","date_gmt":"2021-05-25T13:43:12","guid":{"rendered":"http:\/\/portaldoservidor.hortolandia.sp.gov.br\/?page_id=912"},"modified":"2025-02-19T15:01:55","modified_gmt":"2025-02-19T18:01:55","slug":"licenca-premio","status":"publish","type":"page","link":"https:\/\/portaldoservidor.hortolandia.sp.gov.br\/index.php\/licenca-premio\/","title":{"rendered":"Licen\u00e7a Pr\u00eamio por Assiduidade"},"content":{"rendered":"\t\t<div data-elementor-type=\"wp-page\" data-elementor-id=\"912\" class=\"elementor elementor-912\" data-elementor-settings=\"{&quot;ha_cmc_init_switcher&quot;:&quot;no&quot;}\">\n\t\t\t\t<div class=\"elementor-element elementor-element-387cd5af e-flex e-con-boxed wpr-particle-no wpr-jarallax-no wpr-parallax-no wpr-sticky-section-no e-con e-parent\" data-id=\"387cd5af\" data-element_type=\"container\" data-e-type=\"container\" data-settings=\"{&quot;_ha_eqh_enable&quot;:false}\">\n\t\t\t\t\t<div class=\"e-con-inner\">\n\t\t\t\t<div class=\"elementor-element elementor-element-1890130c exad-sticky-section-no exad-glass-effect-no elementor-widget elementor-widget-text-editor\" data-id=\"1890130c\" data-element_type=\"widget\" data-e-type=\"widget\" data-widget_type=\"text-editor.default\">\n\t\t\t\t<div class=\"elementor-widget-container\">\n\t\t\t\t\t\t\t\t\t\n<p>A cada <strong>5 anos de efetivo exerc\u00edcio, <\/strong>as servidoras e os servidores p\u00fablicos municipais <strong>adquirem o direito a gozar licen\u00e7a pr\u00eamio por assiduidade de 90 dias de descanso com todos os direitos e vantagens de seu cargo<\/strong>. (Arts. 152 a 154 da <a href=\"https:\/\/sapl.hortolandia.sp.leg.br\/pysc\/download_norma_pysc?cod_norma=4&amp;texto_original=1\">Lei Municipal n\u00ba 2.004\/2008<\/a>)<\/p>\n\n<h3 class=\"wp-block-heading\"><strong>Requisitos e condi\u00e7\u00f5es para aquisi\u00e7\u00e3o do direito \u00e0 licen\u00e7a pr\u00e9mio por assiduidade:<\/strong><\/h3>\n\n<ul class=\"wp-block-list\">\n<li><strong>A contagem do tempo de efetivo exerc\u00edcio <\/strong>ser\u00e1 realizado na forma dos Arts. 88 e 89 da Lei Municipal n\u00ba 2.004\/2008 que lista as aus\u00eancias legais que s\u00e3o consideradas como de efetivo exerc\u00edcio.<\/li>\n<li><strong>Somente ser\u00e1 considerado o tempo de servi\u00e7o p\u00fablico prestado ao Munic\u00edpio de Hortol\u00e2ndia seja ele no Poder Executivo ou Legislativo.<\/strong><\/li>\n<li>A licen\u00e7a pr\u00eamio por assiduidade, com as vantagens do cargo em comiss\u00e3o ou fun\u00e7\u00e3o gratificada, somente ser\u00e1 concedida ao servidor que o venha exercendo, no per\u00edodo aquisitivo, por mais de 2 anos.<\/li>\n<li>Por se tratar de um pr\u00eamio pela assiduidade, <strong>n\u00e3o se conceder\u00e1 licen\u00e7a pr\u00eamio por assiduidade<\/strong>, se houver o servidor, dentro do per\u00edodo aquisitivo:\n<ul>\n<li><strong>sofrido san\u00e7\u00e3o disciplinar de suspens\u00e3o; faltar ao servi\u00e7o injustificadamente por mais de 7 dias, consecutivos ou alternados, ou faltar ao servi\u00e7o por mais de 30 dias, consecutivos ou alternado<\/strong>s;<\/li>\n<\/ul>\n<\/li>\n<li><strong>O tempo de<\/strong> <strong>efetivo exerc\u00edcio dever\u00e1 ser devidamente atestado por meio de certid\u00e3o lavrada pela Divis\u00e3o de Gest\u00e3o de Pessoal (DGP)<\/strong>.<\/li>\n<\/ul>\n\n<h3 class=\"wp-block-heading\"><strong>Como obter o direito \u00e0 licen\u00e7a pr\u00eamio por assiduidade?<\/strong><\/h3>\n\n<p>A servidora ou o servidor que julgar que j\u00e1 cumpriu os 5 anos de efetivo exerc\u00edcio pode iniciar o processo visando \u00e0 condi\u00e7\u00e3o do direito por meio do preenchimento do Requerimento de Contagem de Tempo para Licen\u00e7a Pr\u00eamio (abaixo), \u00e9 necess\u00e1rio assin\u00e1-lo e entreg\u00e1-lo \u00e0 unidade de pessoal da secretaria municipal \u00e0 qual o servidor estiver vinculado:<\/p>\n\n<div class=\"wp-block-file\"><a href=\"http:\/\/portaldoservidor.hortolandia.sp.gov.br\/wp-content\/uploads\/2021\/05\/Requerimento_de_Contagem_de_Tempo_para_Licen\u00e7a_Pr\u00eamio.pdf\" target=\"_blank\" rel=\"noreferrer noopener\">Requerimento_de_Contagem_de_Tempo_para_Licen\u00e7a_Pr\u00eamio<\/a><a class=\"wp-block-file__button\" href=\"http:\/\/portaldoservidor.hortolandia.sp.gov.br\/wp-content\/uploads\/2021\/05\/Requerimento_de_Contagem_de_Tempo_para_Licen\u00e7a_Pr\u00eamio.pdf\" download=\"\">Baixar<\/a><\/div>\n\n<h3 class=\"kt-adv-heading_3923d2-01 wp-block-kadence-advancedheading\" data-kb-block=\"kb-adv-heading_3923d2-01\"><strong><span style=\"text-decoration: underline;\">INFORMA\u00c7\u00c3O IMPORTANTE<\/span>: os novos pedidos de contagem de tempo de efetivo exerc\u00edcio para os per\u00edodos que concluem posteriormente a 27 de maio de 2020, est\u00e3o suspensos at\u00e9 o final do ano de 2021, por determina\u00e7\u00e3o da <a href=\"https:\/\/www.planalto.gov.br\/ccivil_03\/leis\/lcp\/lcp173.htm\">Lei Complementar Federal n\u00ba 173\/2020<\/a>.<\/strong><\/h3>\n\n<h3 class=\"wp-block-heading\">\u00a0<\/h3>\n<h3><strong>Quais s\u00e3o as formas de gozo da licen\u00e7a pr\u00eamio por assiduidade e como solicit\u00e1-las?<\/strong><\/h3>\n\n<ul class=\"wp-block-list\">\n<li><strong>A licen\u00e7a pr\u00eamio por assiduidade pode ser gozada das seguintes formas:<\/strong>\n<ul>\n<li>em descanso;<\/li>\n<li>em pec\u00fania (simples);<\/li>\n<li>em pec\u00fania (especial por motivo de sa\u00fade);\u00a0<\/li>\n<li>para compensa\u00e7\u00e3o de tributos municipais (IPTU).<\/li>\n<\/ul>\n<\/li>\n<\/ul>\n\n<h3 class=\"wp-block-heading\"><strong>Licen\u00e7a Pr\u00eamio por Assiduidade em <span style=\"text-decoration: underline;\">Descanso<\/span><\/strong><\/h3>\n\n<ul class=\"wp-block-list\">\n<li>A licen\u00e7a pr\u00eamio por assiduidade em descanso est\u00e1 disciplinada nos Arts. 152, \u00a7\u00a7 3\u00ba e 4\u00ba e, 154 e \u00a7\u00a7:\n<ul>\n<li>Uma vez emitida a certid\u00e3o de tempo de efetivo exerc\u00edcio que comprova o requisito essencial para a concess\u00e3o da licen\u00e7a, <strong>a servidora ou o servidor pode requerer o agendamento para o gozo em descanso da licen\u00e7a<\/strong>, por meio do Requerimento de Licen\u00e7a Pr\u00eamio em Descanso (abaixo). \u00c9 necess\u00e1rio assin\u00e1-lo e entreg\u00e1-lo \u00e0 unidade de pessoal da secretaria municipal \u00e0 qual o servidor estiver vinculado.<\/li>\n<li>O requerimento deve ser apresentado com anteced\u00eancia m\u00ednima de 45 dias da data pretendida para o in\u00edcio do gozo da licen\u00e7a.<\/li>\n<li>No pedido de agendamento, o gozo da licen\u00e7a pr\u00eamio por assiduidade pode ser dividido em per\u00edodos de 30 dias, tendo em vista a necessidade de servi\u00e7o e o interesse p\u00fablico.<\/li>\n<\/ul>\n<\/li>\n<\/ul>\n\n<div class=\"wp-block-file\"><a href=\"https:\/\/portaldoservidor.hortolandia.sp.gov.br\/wp-content\/uploads\/2022\/01\/SOLICITACAO_DE_LICENCA_PREMIO_EM_DESCANSO-1.pdf\" target=\"_blank\" rel=\"noreferrer noopener\">SOLICITACAO_DE_LICEN\u00c7A_PREMIO_EM_DESCANSO<\/a><a class=\"wp-block-file__button\" href=\"https:\/\/portaldoservidor.hortolandia.sp.gov.br\/wp-content\/uploads\/2022\/01\/SOLICITACAO_DE_LICENCA_PREMIO_EM_DESCANSO-1.pdf\" download=\"\">Baixar<\/a><\/div>\n\n<ul class=\"wp-block-list\">\n<li><strong>O servidor dever\u00e1 aguardar em exerc\u00edcio a concess\u00e3o do gozo da licen\u00e7a<\/strong> pr\u00eamio por assiduidade.\n<ul>\n<li>A concess\u00e3o da licen\u00e7a pr\u00eamio por assiduidade depender\u00e1 de novo ato, quando o servidor n\u00e3o iniciar o seu gozo dentro dos 30 dias seguintes ao da publica\u00e7\u00e3o daquele que a deferiu.<\/li>\n<\/ul>\n<\/li>\n<li><strong>Aten\u00e7\u00e3o: <\/strong>a licen\u00e7a ser\u00e1 <strong>cancelada, de of\u00edcio, sempre que assim o exigir o interesse p\u00fablico<\/strong> (por ex.: no caso de calamidade p\u00fablica) e, nesse caso, os dias de licen\u00e7a pr\u00eamio por assiduidade que deixarem de ser gozados no respectivo per\u00edodo, por necessidade do Poder P\u00fablico, ser\u00e3o acrescidos ao per\u00edodo subsequente.<\/li>\n<\/ul>\n\n<h3 class=\"wp-block-heading\"><strong>Licen\u00e7a Pr\u00eamio por Assiduidade em <span style=\"text-decoration: underline;\">Pec\u00fania<\/span><\/strong><span style=\"text-decoration: underline;\"> <strong>&#8211; Simples<\/strong><\/span><\/h3>\n\n<ul class=\"wp-block-list\">\n<li><strong>Licen\u00e7a pr\u00eamio por assiduidade em pec\u00fania &#8211; simples (Arts. 155, <em>caput <\/em>e \u00a7 1\u00ba):<\/strong>\n<ul>\n<li>Uma vez emitida a certid\u00e3o de tempo de efetivo exerc\u00edcio que comprova o requisito essencial para a concess\u00e3o da licen\u00e7a, <strong>a servidora <\/strong> <strong>ou o servidor<\/strong> <strong>pode requerer o pagamento em pec\u00fania de 50% do per\u00edodo da licen\u00e7a<\/strong>, por meio do Requerimento de Licen\u00e7a Pr\u00eamio em Pec\u00fania Simples (abaixo). \u00c9 necess\u00e1rio assin\u00e1-lo e entreg\u00e1-lo \u00e0 unidade de pessoal da secretaria municipal \u00e0 qual o servidor estiver vinculado.<\/li>\n<\/ul>\n<\/li>\n<li><strong>N\u00e3o h\u00e1 prazo espec\u00edfico para entrega desse pedido, <\/strong>que somente ser\u00e1 remitido \u00e0 folha de pagamento mediante a concess\u00e3o da autoridade respons\u00e1vel pela gest\u00e3o de pessoal no Munic\u00edpio.<\/li>\n<\/ul>\n\n<div class=\"wp-block-file\"><a href=\"https:\/\/portaldoservidor.hortolandia.sp.gov.br\/wp-content\/uploads\/2021\/09\/SOLICITACAO-DE-LICENCA-PREMIO-EM-PECUNIA-SIMPLES.pdf\" target=\"_blank\" rel=\"noreferrer noopener\">SOLICITACAO DE LICENCA PREMIO EM PECUNIA SIMPLES<\/a><a class=\"wp-block-file__button\" href=\"https:\/\/portaldoservidor.hortolandia.sp.gov.br\/wp-content\/uploads\/2021\/09\/SOLICITACAO-DE-LICENCA-PREMIO-EM-PECUNIA-SIMPLES.pdf\" download=\"\">Baixar<\/a><\/div>\n\n<h3 class=\"wp-block-heading\"><strong>Licen\u00e7a Pr\u00eamio por Assiduidade em <span style=\"text-decoration: underline;\">Pec\u00fania<\/span><\/strong><span style=\"text-decoration: underline;\"> <strong>&#8211; Especial<\/strong><\/span><\/h3>\n\n<ul class=\"wp-block-list\">\n<li><strong>Licen\u00e7a pr\u00eamio por assiduidade em pec\u00fania &#8211; especial por motivo de sa\u00fade (Arts. 155, <em>caput <\/em>e \u00a7 1\u00ba e <a href=\"https:\/\/sapl.hortolandia.sp.leg.br\/pysc\/download_norma_pysc?cod_norma=14465&amp;texto_original=1\">Decreto Municipal n\u00ba 4.161\/2019<\/a>).<\/strong>\n<ul>\n<li>Uma vez emitida a certid\u00e3o de tempo de efetivo exerc\u00edcio que comprova o requisito essencial para a concess\u00e3o da licen\u00e7a, <strong>a servidora <\/strong> <strong>ou o servidor<\/strong> <strong>pode requerer o pagamento em pec\u00fania de 50% do per\u00edodo da licen\u00e7a<\/strong>, por meio do Requerimento de Licen\u00e7a Pr\u00eamio em Pec\u00fania Especial (abaixo). \u00c9 necess\u00e1rio assin\u00e1-lo e entreg\u00e1-lo \u00e0 unidade de pessoal da secretaria municipal \u00e0 qual o servidor estiver vinculado.<\/li>\n<\/ul>\n<\/li>\n<li><strong>N\u00e3o h\u00e1 prazo espec\u00edfico para entrega desse pedido, <\/strong>que somente ser\u00e1 remitido \u00e0 folha de pagamento mediante a concess\u00e3o da autoridade respons\u00e1vel pela gest\u00e3o de pessoal no Munic\u00edpio.<\/li>\n<li><strong>Esse pedido deve ser obrigatoriamente instru\u00eddo com os seguintes documentos<\/strong> demandados pelo Decreto Municipal n\u00ba 4.161\/2019:\n<ul>\n<li>comprovante de pagamento de gastos para custear trata mento ou necessidades geradas pelas enfermidades;<\/li>\n<li>relat\u00f3rios m\u00e9dicos e exames;<\/li>\n<li>nos casos de ascendentes de 1\u00ba grau e dependentes do servidor, os mesmos devem estar devidamente declarados junto ao DGP;<\/li>\n<li>nos casos de que tratam o \u00a7 2\u00ba, do Art. 1\u00ba, do decreto supra, juntar aos autos atestado de \u00f3bito..<\/li>\n<\/ul>\n<\/li>\n<\/ul>\n\n<div class=\"wp-block-file\"><a href=\"http:\/\/portaldoservidor.hortolandia.sp.gov.br\/wp-content\/uploads\/2021\/05\/Decreto-n\u00ba-4.161-2019-Licen\u00e7a-Pr\u00eamio-Especial.pdf\" target=\"_blank\" rel=\"noreferrer noopener\">Decreto-n\u00ba-4.161-2019-Licen\u00e7a-Pr\u00eamio-Especial<\/a><a class=\"wp-block-file__button\" href=\"http:\/\/portaldoservidor.hortolandia.sp.gov.br\/wp-content\/uploads\/2021\/05\/Decreto-n\u00ba-4.161-2019-Licen\u00e7a-Pr\u00eamio-Especial.pdf\" download=\"\">Baixar<\/a><\/div>\n\n<div class=\"wp-block-file\"><a href=\"http:\/\/portaldoservidor.hortolandia.sp.gov.br\/wp-content\/uploads\/2021\/05\/Requerimento_de_Licen\u00e7a_Pr\u00eamio_em_Pec\u00fania_Especial.pdf\" target=\"_blank\" rel=\"noreferrer noopener\">Requerimento_de_Licen\u00e7a_Pr\u00eamio_em_Pec\u00fania_Especial<\/a><a class=\"wp-block-file__button\" href=\"http:\/\/portaldoservidor.hortolandia.sp.gov.br\/wp-content\/uploads\/2021\/05\/Requerimento_de_Licen\u00e7a_Pr\u00eamio_em_Pec\u00fania_Especial.pdf\" download=\"\">Baixar<\/a><\/div>\n\n<h3 class=\"wp-block-heading\"><strong> Licen\u00e7a Pr\u00eamio para <span style=\"text-decoration: underline;\">compensa\u00e7\u00e3o de tributos municipais (IPTU)<\/span><\/strong><\/h3>\n\n<ul class=\"wp-block-list\">\n<li><strong>Licen\u00e7a pr\u00eamio para compensa\u00e7\u00e3o de tributos municipais (IPTU) (Arts. 155, \u00a7 2\u00ba e <a href=\"https:\/\/sapl.hortolandia.sp.leg.br\/pysc\/download_norma_pysc?cod_norma=1748&amp;texto_original=1\">Lei Municipal n\u00ba 1.089\/2002<\/a>).<\/strong>\n<ul>\n<li>Uma vez emitida a certid\u00e3o de tempo de efetivo exerc\u00edcio que comprova o requisito essencial para a concess\u00e3o da licen\u00e7a, <strong>a servidora <\/strong> <strong>ou o servidor<\/strong> <strong>pode requerer a utiliza\u00e7\u00e3o dos valores correspondentes \u00e0 licen\u00e7a para compensa\u00e7\u00e3o de cr\u00e9ditos tribut\u00e1rios do munic\u00edpio decorrentes de contribui\u00e7\u00e3o de melhoria e impostos municipais, como o (IPTU)<\/strong>, por meio do Requerimento de Licen\u00e7a Pr\u00eamio para Compensa\u00e7\u00e3o de IPTU (abaixo). \u00c9 necess\u00e1rio assin\u00e1-lo e entreg\u00e1-lo \u00e0 unidade de pessoal da secretaria municipal \u00e0 qual o servidor estiver vinculado.<\/li>\n<\/ul>\n<\/li>\n<li><strong>N\u00e3o h\u00e1 prazo espec\u00edfico para entrega desse pedido, <\/strong>que somente ser\u00e1 remitido \u00e0 folha de pagamento mediante a concess\u00e3o da autoridade respons\u00e1vel pela gest\u00e3o de pessoal no Munic\u00edpio.<\/li>\n<li><strong>Esse pedido deve ser obrigatoriamente instru\u00eddo com os seguintes documentos<\/strong>:\n<ul>\n<li>c\u00f3pia do CPF e RG do requerente;<\/li>\n<li>no caso de o im\u00f3vel n\u00e3o constar em nome do (a) requerente, juntar c\u00f3pia do CPF e RG do propriet\u00e1rio cadastrados;<\/li>\n<li>no caso do propriet\u00e1rio ser c\u00f4njuge do(a) requerente, juntar c\u00f3pia da certid\u00e3o de casamento.<\/li>\n<\/ul>\n<\/li>\n<\/ul>\n\n<div class=\"wp-block-file\"><a href=\"http:\/\/portaldoservidor.hortolandia.sp.gov.br\/wp-content\/uploads\/2021\/05\/Lei-n\u00ba-1.089-2002-LP-para-IPTU.pdf\" target=\"_blank\" rel=\"noreferrer noopener\">Lei-n\u00ba-1.089-2002-LP-para-IPTU<\/a><a class=\"wp-block-file__button\" href=\"http:\/\/portaldoservidor.hortolandia.sp.gov.br\/wp-content\/uploads\/2021\/05\/Lei-n\u00ba-1.089-2002-LP-para-IPTU.pdf\" download=\"\">Baixar<\/a><\/div>\n\n<div class=\"wp-block-file\"><a href=\"http:\/\/portaldoservidor.hortolandia.sp.gov.br\/wp-content\/uploads\/2021\/05\/Requerimento_de_Licen\u00e7a_Pr\u00eamio_para_Compensa\u00e7\u00e3o_de_IPTU.pdf\" target=\"_blank\" rel=\"noreferrer noopener\">Requerimento_de_Licen\u00e7a_Pr\u00eamio_para_Compensa\u00e7\u00e3o_de_IPTU<\/a><a class=\"wp-block-file__button\" href=\"http:\/\/portaldoservidor.hortolandia.sp.gov.br\/wp-content\/uploads\/2021\/05\/Requerimento_de_Licen\u00e7a_Pr\u00eamio_para_Compensa\u00e7\u00e3o_de_IPTU.pdf\" download=\"\">Baixar<\/a><\/div>\n\t\t\t\t\t\t\t\t<\/div>\n\t\t\t\t<\/div>\n\t\t\t\t\t<\/div>\n\t\t\t\t<\/div>\n\t\t\t\t<\/div>\n\t\t","protected":false},"excerpt":{"rendered":"<p>A cada 5 anos de efetivo exerc\u00edcio, as servidoras e os servidores p\u00fablicos municipais adquirem o direito a gozar licen\u00e7a pr\u00eamio por assiduidade de 90&hellip;<\/p>\n","protected":false},"author":1,"featured_media":0,"parent":0,"menu_order":0,"comment_status":"closed","ping_status":"closed","template":"","meta":{"footnotes":""},"class_list":["post-912","page","type-page","status-publish","hentry"],"_links":{"self":[{"href":"https:\/\/portaldoservidor.hortolandia.sp.gov.br\/index.php\/wp-json\/wp\/v2\/pages\/912","targetHints":{"allow":["GET"]}}],"collection":[{"href":"https:\/\/portaldoservidor.hortolandia.sp.gov.br\/index.php\/wp-json\/wp\/v2\/pages"}],"about":[{"href":"https:\/\/portaldoservidor.hortolandia.sp.gov.br\/index.php\/wp-json\/wp\/v2\/types\/page"}],"author":[{"embeddable":true,"href":"https:\/\/portaldoservidor.hortolandia.sp.gov.br\/index.php\/wp-json\/wp\/v2\/users\/1"}],"replies":[{"embeddable":true,"href":"https:\/\/portaldoservidor.hortolandia.sp.gov.br\/index.php\/wp-json\/wp\/v2\/comments?post=912"}],"version-history":[{"count":15,"href":"https:\/\/portaldoservidor.hortolandia.sp.gov.br\/index.php\/wp-json\/wp\/v2\/pages\/912\/revisions"}],"predecessor-version":[{"id":23999,"href":"https:\/\/portaldoservidor.hortolandia.sp.gov.br\/index.php\/wp-json\/wp\/v2\/pages\/912\/revisions\/23999"}],"wp:attachment":[{"href":"https:\/\/portaldoservidor.hortolandia.sp.gov.br\/index.php\/wp-json\/wp\/v2\/media?parent=912"}],"curies":[{"name":"wp","href":"https:\/\/api.w.org\/{rel}","templated":true}]}}